
  {"id":14700,"date":"2025-12-05T19:50:37","date_gmt":"2025-12-05T18:50:37","guid":{"rendered":"https:\/\/www.americas.msh-intl.com\/livexpat-individual\/"},"modified":"2026-05-05T22:17:21","modified_gmt":"2026-05-05T21:17:21","slug":"livexpat-individual","status":"publish","type":"page","link":"https:\/\/www.americas.msh-intl.com\/fr\/livexpat-individual\/","title":{"rendered":"PRODUCT: LivExpat"},"content":{"rendered":"<div class=\"wpb-content-wrapper\"><p>[vc_row full_width=\u00a0\u00bbstretch_row_content_no_spaces\u00a0\u00bb equal_height=\u00a0\u00bbyes\u00a0\u00bb content_placement=\u00a0\u00bbmiddle\u00a0\u00bb pix_particles_check=\u00a0\u00bb\u00a0\u00bb btn_text=\u00a0\u00bbObtenir un devis\u00a0\u00bb btn_target=\u00a0\u00bb\u00a0\u00bb btn_popup_id=\u00a0\u00bb\u00a0\u00bb btn_title_bold=\u00a0\u00bb\u00a0\u00bb btn_italic=\u00a0\u00bb\u00a0\u00bb btn_secondary_font=\u00a0\u00bb\u00a0\u00bb btn_style=\u00a0\u00bb\u00a0\u00bb btn_color=\u00a0\u00bbprimary\u00a0\u00bb btn_remove_padding=\u00a0\u00bb\u00a0\u00bb btn_text_color=\u00a0\u00bb\u00a0\u00bb btn_size=\u00a0\u00bbmd\u00a0\u00bb btn_rounded=\u00a0\u00bb\u00a0\u00bb btn_effect=\u00a0\u00bb\u00a0\u00bb btn_hover_effect=\u00a0\u00bb\u00a0\u00bb btn_add_hover_effect=\u00a0\u00bb\u00a0\u00bb btn_icon_position=\u00a0\u00bb\u00a0\u00bb btn_icon_animation=\u00a0\u00bb\u00a0\u00bb btn_full=\u00a0\u00bb\u00a0\u00bb btn_text_align=\u00a0\u00bbtext-center\u00a0\u00bb btn_div=\u00a0\u00bb\u00a0\u00bb btn_animation=\u00a0\u00bb\u00a0\u00bb btn_link=\u00a0\u00bb#\u00a0\u00bb btn_class=\u00a0\u00bbarrow-right-back-white-hover btn-devis\u00a0\u00bb btn_text_custom_color=\u00a0\u00bb\u00a0\u00bb btn_icon=\u00a0\u00bb\u00a0\u00bb btn_anim_delay=\u00a0\u00bb\u00a0\u00bb btn_id=\u00a0\u00bb\u00a0\u00bb el_class=\u00a0\u00bbheader-classic1 solutions-page\u00a0\u00bb][vc_column width=\u00a0\u00bb1\/2&Prime; el_class=\u00a0\u00bbpaadtexte tab-pro\u00a0\u00bb]<div id=\"el1757430130462-52318cc9-0726\" class=\"pix-el-text   w-100   vc_custom_1778007933018\" ><p class=\"\"><h1>LivExpat Individuel<br \/>\n<span style=\"color: #7900f0;\">Pour les personnes mobiles \u00e0 l\u2019\u00e9chelle mondiale<br \/>\n<\/span><\/h1>\n<p>Une solution d\u2019assurance maladie compl\u00e8te con\u00e7ue pour les personnes qui vivent, travaillent ou voyagent \u00e0 l\u2019\u00e9tranger \u00e0 long terme.<\/p>\n<div class=\"offre-garanties-label\"><strong>Avantages\u00a0:<\/strong><\/div>\n<ul class=\"offre-garanties-list\">\n<li>Large \u00e9ventail d\u2019options<\/li>\n<li>Solutions pour tous<\/li>\n<li>Flexibilit\u00e9 pour des besoins uniques<\/li>\n<li>Offert partout dans le monde<\/li>\n<\/ul>\n<\/p><\/div><a  href=\"https:\/\/msh.policy-forms.com\/en\/msh\/livexpat\" class=\"btn mb-2 rdv-btn arrow-right-back-white-hover   vc_custom_1778008276442   btn-primary d-inline-flex align-items-center      btn-md\" target=\"_blank\" rel=\"noopener\"    ><span class=\" \" >Obtenir une soumission<\/span><\/a><a  href=\"https:\/\/drive.google.com\/file\/d\/1M9ECx0wZmsoAk0HU_tKmKHatuISzE5Mw\/view\" class=\"btn mb-2 rdv-btn arrow-right-back-white-hover     btn-gray-2 d-inline-flex align-items-center      btn-md\" target=\"_blank\" rel=\"noopener\"    ><span class=\" \" >En savoir plus<\/span><\/a>[\/vc_column][vc_column width=\u00a0\u00bb1\/2&Prime; el_class=\u00a0\u00bbimage-width100 width_40_header\u00a0\u00bb]<div id=\"img-974a7b5f0d1d0f0d057cfa0b564d8d38\" class=\"pix-img-element d-inline-block \" ><div class=\"pix-img-el     text-left d-inline-block  w-100 rounded-0\"  ><img loading=\"lazy\" decoding=\"async\" width=\"1744\" height=\"2000\" src=\"\/wp-content\/uploads\/2026\/05\/LivExpat-individual_header.jpg\" class=\"pix-img-elem rounded-0\" alt=\"Image link\" srcset=\"\/wp-content\/uploads\/2026\/05\/LivExpat-individual_header.jpg 1744w, \/wp-content\/uploads\/2026\/05\/LivExpat-individual_header-262x300.jpg 262w, \/wp-content\/uploads\/2026\/05\/LivExpat-individual_header-893x1024.jpg 893w, \/wp-content\/uploads\/2026\/05\/LivExpat-individual_header-768x881.jpg 768w, \/wp-content\/uploads\/2026\/05\/LivExpat-individual_header-1339x1536.jpg 1339w\" sizes=\"auto, (max-width: 1744px) 100vw, 1744px\" \/><\/div><\/div>[\/vc_column][\/vc_row][vc_row full_width=\u00a0\u00bbstretch_row\u00a0\u00bb pix_particles_check=\u00a0\u00bb\u00a0\u00bb el_class=\u00a0\u00bbexpat-section\u00a0\u00bb][vc_column][vc_row_inner el_class=\u00a0\u00bbwidth1090&Prime;][vc_column_inner]<div id=\"el1756832538077-dbb7d1dd-4400\" class=\"pix-el-text   w-100   vc_custom_1778008422517\" ><p class=\"\"><h2 style=\"text-align: center;\">LivExpat\u00a0: une solution d\u2019assurance maladie compl\u00e8te pour les personnes mobiles \u00e0 l\u2019\u00e9chelle mondiale<\/h2>\n<\/p><\/div>[\/vc_column_inner][\/vc_row_inner][vc_row_inner equal_height=\u00a0\u00bbyes\u00a0\u00bb gap=\u00a0\u00bb30&Prime; el_class=\u00a0\u00bbrow_expat-card\u00a0\u00bb][vc_column_inner width=\u00a0\u00bb1\/4&Prime;]<div id=\"el1757348917572-4751aaba-b513\" class=\"pix-el-text   w-100  \" ><p class=\"\"><div class=\"expat-card\">\n<h3>Large \u00e9ventail d\u2019options<\/h3>\n<p>Options compl\u00e8tes et d\u2019urgence pour r\u00e9pondre \u00e0 des besoins vari\u00e9s.<\/p><\/div><\/div>[\/vc_column_inner][vc_column_inner width=\u00a0\u00bb1\/4&Prime;]<div id=\"el1757348881301-cb885682-9723\" class=\"pix-el-text   w-100  \" ><p class=\"\"><div class=\"expat-card\">\n<h3>Solutions pour tous<\/h3>\n<p>Couverture pour les particuliers, les couples et les familles, y compris les personnes \u00e0 charge accompagnantes. Admissibilit\u00e9 minimale pour les r\u00e9gimes d\u2019urgence pour les personnes de moins de 60\u00a0ans.<\/p><\/div><\/div>[\/vc_column_inner][vc_column_inner width=\u00a0\u00bb1\/4&Prime;]<div id=\"el1757348881301-cb885682-9723\" class=\"pix-el-text   w-100  \" ><p class=\"\"><div class=\"expat-card\">\n<h3>Flexibilit\u00e9 pour des besoins uniques<\/h3>\n<p>Avantages optionnels offerts, notamment l\u2019assurance vie, l\u2019invalidit\u00e9, les soins dentaires, l\u2019\u00e9vacuation et le PAE.<\/p><\/div><\/div>[\/vc_column_inner][vc_column_inner width=\u00a0\u00bb1\/4&Prime;]<div id=\"el1757348881301-cb885682-9723\" class=\"pix-el-text   w-100  \" ><p class=\"\"><div class=\"expat-card\">\n<h3>Offert partout dans le monde<\/h3>\n<p>Couverture mondiale \u00e0 l\u2019ext\u00e9rieur du pays d\u2019origine gr\u00e2ce \u00e0 des r\u00e9seaux m\u00e9dicaux internationaux.<\/p><\/div><\/div>[\/vc_column_inner][\/vc_row_inner][\/vc_column][\/vc_row][vc_row content_placement=\u00a0\u00bbmiddle\u00a0\u00bb pix_particles_check=\u00a0\u00bb\u00a0\u00bb el_id=\u00a0\u00bbfaq-devis\u00a0\u00bb el_class=\u00a0\u00bbwidth1090 faq-landing-width spaceplus option-assistance\u00a0\u00bb][vc_column width=\u00a0\u00bb1\/2&Prime; el_id=\u00a0\u00bbfaq-devis-1&Prime;]<div id=\"img-b8cdbc7dd5205e58ff6c42da1f5b257a\" class=\"pix-img-element d-inline-block \" ><div class=\"pix-img-el     text-right d-inline-block  w-100 rounded-0\"  ><img loading=\"lazy\" decoding=\"async\" width=\"557\" height=\"687\" src=\"\/wp-content\/uploads\/2025\/12\/livexpat-final-2.png\" class=\"pix-img-elem rounded-0\" alt=\"Image link\" srcset=\"\/wp-content\/uploads\/2025\/12\/livexpat-final-2.png 557w, \/wp-content\/uploads\/2025\/12\/livexpat-final-2-243x300.png 243w\" sizes=\"auto, (max-width: 557px) 100vw, 557px\" \/><\/div><\/div>[\/vc_column][vc_column width=\u00a0\u00bb1\/2&Prime; el_id=\u00a0\u00bbfaq-devis-2&Prime;]<div id=\"el1755277106094-cf751fd6-748f\" class=\"pix-el-text   w-100  \" ><p class=\"\"><h2>L\u2019avantage MSH\u202f: <span style=\"color: #7900f0;\">Un accompagnement \u00e0 chaque \u00e9tape de votre parcours international<\/span><\/h2>\n<p>Depuis plus de 40 ans, MSH International g\u00e8re des solutions mondiales d\u2019avantages sociaux et de gestion des risques pour les personnes mobiles \u00e0 l\u2019international. Gr\u00e2ce \u00e0 des programmes sur mesure et rentables, nous offrons aux voyageurs du monde entier une tranquillit\u00e9 d\u2019esprit totale \u2014 peu importe o\u00f9 la vie les m\u00e8ne.<\/p>\n<\/p><\/div><div id=\"el1757499393839-aa6be4fe-3b30\" class=\"pix-el-text   w-100  \" ><p class=\"\"><ul class=\"offre-garanties-list\">\n<li>R\u00e9seau mondial de fournisseurs MSH avec facturation directe<\/li>\n<li>Gestion des r\u00e9clamations et de l\u2019administration des r\u00e9gimes enti\u00e8rement num\u00e9rique<\/li>\n<li>Assistance interne et gestion de cas 24\u202fh\/24, 7\u202fj\/7<\/li>\n<li>Adh\u00e9sion flexible, compatible avec les r\u00e9gimes d\u2019avantages sociaux existants<\/li>\n<\/ul>\n<\/p><\/div><a  href=\"https:\/\/msh.policy-forms.com\/en\/msh\/livexpat\" class=\"btn mb-2 rdv-btn arrow-right-back-white-hover   vc_custom_1778009659822   btn-primary d-inline-flex align-items-center      btn-md\" target=\"_blank\" rel=\"noopener\"    ><span class=\" \" >Obtenir une soumission<\/span><\/a>[\/vc_column][\/vc_row][vc_row css_animation=\u00a0\u00bbnone\u00a0\u00bb pix_particles_check=\u00a0\u00bb\u00a0\u00bb el_id=\u00a0\u00bbASOContactUs\u00a0\u00bb el_class=\u00a0\u00bbaction\u00a0\u00bb][vc_column el_class=\u00a0\u00bbaction-wrapper\u00a0\u00bb][vc_row_inner el_class=\u00a0\u00bbwidth1090&Prime;][vc_column_inner]<div id=\"el1765467927423-6f501c5a-1dda\" class=\"pix-el-text   w-100  \" ><p class=\"\"><h2 style=\"text-align: center;\">Communiquez avec nous aujourd&rsquo;hui pour en savoir plus<\/h2>\n<\/p><\/div><div id=\"el1768505954638-51fdd85c-9fe6\" class=\"pix-el-text   w-100  \" ><p class=\"\"><div style=\"display: flex; align-items: center; justify-content: center; width: 100%; flex-wrap: wrap; gap: 30px;\"><!-- Column 1: Phone --><\/p>\n<div style=\"display: flex; align-items: center; justify-content: center;\">\n<div class=\"expat-card\" style=\"text-align: center;\">\n<h2 style=\"margin: 0; color: #ffffff; font-size: 25px; line-height: 1; display: flex; align-items: center; justify-content: center; min-height: 30px;\">+1 (800) 360-3234<\/h2>\n<\/div>\n<\/div>\n<p><!-- Column 2: Email --><\/p>\n<div style=\"display: flex; align-items: center; justify-content: center;\">\n<div class=\"expat-card\" style=\"text-align: center;\">\n<h2 style=\"color: #ffffff; font-size: 25px; line-height: 1; display: flex; align-items: center; justify-content: center; min-height: 30px;\"><a style=\"color: inherit; font-size: inherit; font-family: inherit; font-weight: inherit; line-height: inherit; text-decoration: none; display: inline-flex; align-items: center;\" href=\"mailto:helpline@americas.msh-intl.com\"><br \/>\nhelpline@americas.msh-intl.com<br \/>\n<\/a><\/h2>\n<\/div>\n<\/div>\n<\/div><\/div>[\/vc_column_inner][\/vc_row_inner][vc_row_inner equal_height=\u00a0\u00bbyes\u00a0\u00bb gap=\u00a0\u00bb30&Prime; disable_element=\u00a0\u00bbyes\u00a0\u00bb][vc_column_inner width=\u00a0\u00bb1\/2&Prime;]<div id=\"el1765468380919-00c004b4-96ee\" class=\"pix-el-text   w-100  \" ><p class=\"\"><div style=\"padding-right: 30px; display: flex; align-items: center; justify-content: center; height: 100%;\">\n<div class=\"expat-card\" style=\"text-align: center; white-space: nowrap;\">\n<h2 style=\"margin: 0; color: #ffffff; font-size: 25px;\">+1 (800) 360-3234<\/h2>\n<p style=\"margin: 0; color: #7a7a7a;\">\n<\/div>\n<\/div><\/div>[\/vc_column_inner][vc_column_inner width=\u00a0\u00bb1\/2&Prime;]<div id=\"el1778015823155-42724ad8-271a\" class=\"pix-el-text   w-100  \" ><p class=\"\"><div style=\"padding-left: 5px; display: flex; align-items: center; justify-content: center; height: 100%;\">\n<div class=\"expat-card\" style=\"text-align: center; white-space: nowrap;\">\n<h2 style=\"margin: 0; color: #ffffff; font-size: 25px;\">helpline@americas.msh-intl.com<\/h2>\n<p style=\"margin: 0; color: #7a7a7a;\">\n<\/div>\n<\/div><\/div>[\/vc_column_inner][\/vc_row_inner][vc_row_inner equal_height=\u00a0\u00bbyes\u00a0\u00bb gap=\u00a0\u00bb30&Prime; disable_element=\u00a0\u00bbyes\u00a0\u00bb][vc_column_inner width=\u00a0\u00bb1\/3&Prime;]<div id=\"el1765468380919-00c004b4-96ee\" class=\"pix-el-text   w-100  \" ><p class=\"\"><div style=\"padding-right: 5px; display: flex; align-items: center; justify-content: center; height: 100%;\">\n<div class=\"expat-card\" style=\"text-align: center; white-space: nowrap;\">\n<h2 style=\"margin: 0; color: #ffffff; font-size: 40px;\">+1 800 292 9460<\/h2>\n<p style=\"margin: 0; color: #7a7a7a;\">Toll-free in USA and Canada<\/p>\n<\/div>\n<\/div><\/div>[\/vc_column_inner][vc_column_inner width=\u00a0\u00bb1\/3&Prime;]<div id=\"el1765469988383-813ed60b-8d0a\" class=\"pix-el-text   w-100  \" ><p class=\"\"><div style=\"padding: 0 5px; display: flex; align-items: center; justify-content: center; height: 100%;\">\n<div class=\"expat-card\" style=\"text-align: center; white-space: nowrap;\">\n<h2 style=\"margin: 0; color: #ffffff; font-size: 30px;\">sales@americas.msh-intl.com<\/h2>\n<\/div>\n<\/div><\/div>[\/vc_column_inner][vc_column_inner width=\u00a0\u00bb1\/3&Prime;]<div id=\"el1768505077907-fe182401-ece5\" class=\"pix-el-text   w-100  \" ><p class=\"\"><div style=\"padding-left: 5px; display: flex; align-items: center; justify-content: center; height: 100%;\">\n<div class=\"expat-card\" style=\"text-align: center; white-space: nowrap;\">\n<h2 style=\"margin: 0; color: #ffffff; font-size: 40px;\">+1 800 292 9460<\/h2>\n<p style=\"margin: 0; color: #7a7a7a;\">Toll-free in USA and Canada<\/p>\n<\/div>\n<\/div><\/div>[\/vc_column_inner][\/vc_row_inner][\/vc_column][\/vc_row][vc_row pix_particles_check=\u00a0\u00bb\u00a0\u00bb][vc_column][vc_empty_space height=\u00a0\u00bb125px\u00a0\u00bb][\/vc_column][\/vc_row]<\/p>\r\n<\/div>","protected":false},"excerpt":{"rendered":"[vc_row full_width=\u00a0\u00bbstretch_row_content_no_spaces\u00a0\u00bb equal_height=\u00a0\u00bbyes\u00a0\u00bb content_placement=\u00a0\u00bbmiddle\u00a0\u00bb pix_particles_check=\u00a0\u00bb\u00a0\u00bb btn_text=\u00a0\u00bbObtenir un devis\u00a0\u00bb btn_target=\u00a0\u00bb\u00a0\u00bb btn_popup_id=\u00a0\u00bb\u00a0\u00bb btn_title_bold=\u00a0\u00bb\u00a0\u00bb btn_italic=\u00a0\u00bb\u00a0\u00bb btn_secondary_font=\u00a0\u00bb\u00a0\u00bb btn_style=\u00a0\u00bb\u00a0\u00bb btn_color=\u00a0\u00bbprimary\u00a0\u00bb btn_remove_padding=\u00a0\u00bb\u00a0\u00bb btn_text_color=\u00a0\u00bb\u00a0\u00bb btn_size=\u00a0\u00bbmd\u00a0\u00bb btn_rounded=\u00a0\u00bb\u00a0\u00bb btn_effect=\u00a0\u00bb\u00a0\u00bb btn_hover_effect=\u00a0\u00bb\u00a0\u00bb btn_add_hover_effect=\u00a0\u00bb\u00a0\u00bb btn_icon_position=\u00a0\u00bb\u00a0\u00bb btn_icon_animation=\u00a0\u00bb\u00a0\u00bb btn_full=\u00a0\u00bb\u00a0\u00bb btn_text_align=\u00a0\u00bbtext-center\u00a0\u00bb btn_div=\u00a0\u00bb\u00a0\u00bb btn_animation=\u00a0\u00bb\u00a0\u00bb btn_link=\u00a0\u00bb#\u00a0\u00bb btn_class=\u00a0\u00bbarrow-right-back-white-hover btn-devis\u00a0\u00bb btn_text_custom_color=\u00a0\u00bb\u00a0\u00bb btn_icon=\u00a0\u00bb\u00a0\u00bb btn_anim_delay=\u00a0\u00bb\u00a0\u00bb btn_id=\u00a0\u00bb\u00a0\u00bb el_class=\u00a0\u00bbheader-classic1 solutions-page\u00a0\u00bb][vc_column width=\u00a0\u00bb1\/2&Prime; el_class=\u00a0\u00bbpaadtexte tab-pro\u00a0\u00bb][\/vc_column][vc_column&#8230;","protected":false},"author":10,"featured_media":3426,"parent":0,"menu_order":0,"comment_status":"closed","ping_status":"closed","template":"","meta":{"_acf_changed":false,"footnotes":""},"categories":[],"class_list":["post-14700","page","type-page","status-publish","has-post-thumbnail","hentry"],"acf":[],"_links":{"self":[{"href":"https:\/\/www.americas.msh-intl.com\/fr\/wp-json\/wp\/v2\/pages\/14700","targetHints":{"allow":["GET"]}}],"collection":[{"href":"https:\/\/www.americas.msh-intl.com\/fr\/wp-json\/wp\/v2\/pages"}],"about":[{"href":"https:\/\/www.americas.msh-intl.com\/fr\/wp-json\/wp\/v2\/types\/page"}],"author":[{"embeddable":true,"href":"https:\/\/www.americas.msh-intl.com\/fr\/wp-json\/wp\/v2\/users\/10"}],"replies":[{"embeddable":true,"href":"https:\/\/www.americas.msh-intl.com\/fr\/wp-json\/wp\/v2\/comments?post=14700"}],"version-history":[{"count":9,"href":"https:\/\/www.americas.msh-intl.com\/fr\/wp-json\/wp\/v2\/pages\/14700\/revisions"}],"predecessor-version":[{"id":14702,"href":"https:\/\/www.americas.msh-intl.com\/fr\/wp-json\/wp\/v2\/pages\/14700\/revisions\/14702"}],"wp:featuredmedia":[{"embeddable":true,"href":"https:\/\/www.americas.msh-intl.com\/fr\/wp-json\/wp\/v2\/media\/3426"}],"wp:attachment":[{"href":"https:\/\/www.americas.msh-intl.com\/fr\/wp-json\/wp\/v2\/media?parent=14700"}],"wp:term":[{"taxonomy":"category","embeddable":true,"href":"https:\/\/www.americas.msh-intl.com\/fr\/wp-json\/wp\/v2\/categories?post=14700"}],"curies":[{"name":"wp","href":"https:\/\/api.w.org\/{rel}","templated":true}]}}