
  {"id":14919,"date":"2026-03-16T22:15:32","date_gmt":"2026-03-16T21:15:32","guid":{"rendered":"https:\/\/www.americas.msh-intl.com\/livexpat-group\/"},"modified":"2026-05-12T21:14:45","modified_gmt":"2026-05-12T20:14:45","slug":"livexpat-collectif","status":"publish","type":"page","link":"https:\/\/www.americas.msh-intl.com\/fr\/livexpat-collectif\/","title":{"rendered":"PRODUCT: LivExpat Group Plans -FR"},"content":{"rendered":"<div class=\"wpb-content-wrapper\">[vc_row full_width=\u00a0\u00bbstretch_row_content_no_spaces\u00a0\u00bb equal_height=\u00a0\u00bbyes\u00a0\u00bb content_placement=\u00a0\u00bbmiddle\u00a0\u00bb pix_particles_check=\u00a0\u00bb\u00a0\u00bb btn_text=\u00a0\u00bbObtenir un devis\u00a0\u00bb btn_target=\u00a0\u00bb\u00a0\u00bb btn_popup_id=\u00a0\u00bb\u00a0\u00bb btn_title_bold=\u00a0\u00bb\u00a0\u00bb btn_italic=\u00a0\u00bb\u00a0\u00bb btn_secondary_font=\u00a0\u00bb\u00a0\u00bb btn_style=\u00a0\u00bb\u00a0\u00bb btn_color=\u00a0\u00bbprimary\u00a0\u00bb btn_remove_padding=\u00a0\u00bb\u00a0\u00bb btn_text_color=\u00a0\u00bb\u00a0\u00bb btn_size=\u00a0\u00bbmd\u00a0\u00bb btn_rounded=\u00a0\u00bb\u00a0\u00bb btn_effect=\u00a0\u00bb\u00a0\u00bb btn_hover_effect=\u00a0\u00bb\u00a0\u00bb btn_add_hover_effect=\u00a0\u00bb\u00a0\u00bb btn_icon_position=\u00a0\u00bb\u00a0\u00bb btn_icon_animation=\u00a0\u00bb\u00a0\u00bb btn_full=\u00a0\u00bb\u00a0\u00bb btn_text_align=\u00a0\u00bbtext-center\u00a0\u00bb btn_div=\u00a0\u00bb\u00a0\u00bb btn_animation=\u00a0\u00bb\u00a0\u00bb btn_link=\u00a0\u00bb#\u00a0\u00bb btn_class=\u00a0\u00bbarrow-right-back-white-hover btn-devis\u00a0\u00bb btn_text_custom_color=\u00a0\u00bb\u00a0\u00bb btn_icon=\u00a0\u00bb\u00a0\u00bb btn_anim_delay=\u00a0\u00bb\u00a0\u00bb btn_id=\u00a0\u00bb\u00a0\u00bb el_class=\u00a0\u00bbheader-classic1 solutions-page\u00a0\u00bb][vc_column width=\u00a0\u00bb1\/2&Prime; el_class=\u00a0\u00bbpaadtexte tab-pro\u00a0\u00bb]<div id=\"el1757430130462-52318cc9-0726\" class=\"pix-el-text   w-100   vc_custom_1778270146737\" ><p class=\"\"><h1>R\u00e9gimes collectifs LivExpat<br \/>\n<span style=\"color: #7900f0;\">Pour les organisations tourn\u00e9es vers l\u2019international<\/span><\/h1>\n<p>Une solution d\u2019assurance maladie compl\u00e8te con\u00e7ue pour les organisations dont les employ\u00e9s vivent et travaillent \u00e0 l\u2019\u00e9tranger \u00e0 long terme.<\/p>\n<div class=\"offre-garanties-label\"><strong>Avantages\u00a0:<\/strong><\/div>\n<ul class=\"offre-garanties-list\">\n<li>Options de couverture flexibles<\/li>\n<li>Zones de risque \u00e9chelonn\u00e9es<\/li>\n<li>Adh\u00e9sion simplifi\u00e9e<\/li>\n<li>Court et long terme<\/li>\n<\/ul>\n<\/p><\/div><a  href=\"https:\/\/msh.policy-forms.com\/en\/msh\/livexpat\" class=\"btn mb-2 rdv-btn arrow-right-back-white-hover     btn-primary d-inline-flex align-items-center      btn-md\" target=\"_blank\" rel=\"noopener\"    ><span class=\" \" >Obtenir une soumission<\/span><\/a><a  href=\"https:\/\/drive.google.com\/file\/d\/1M9ECx0wZmsoAk0HU_tKmKHatuISzE5Mw\/view\" class=\"btn mb-2 rdv-btn arrow-right-back-white-hover     btn-gray-2 d-inline-flex align-items-center      btn-md\" target=\"_blank\" rel=\"noopener\"    ><span class=\" \" >En savoir plus<\/span><\/a>[\/vc_column][vc_column width=\u00a0\u00bb1\/2&Prime; el_class=\u00a0\u00bbimage-width100 width_40_header\u00a0\u00bb]<div id=\"img-ea99703452444216fe0b16aec2d272e7\" class=\"pix-img-element d-inline-block \" ><div class=\"pix-img-el     text-left d-inline-block  w-100 rounded-0\"  ><img loading=\"lazy\" decoding=\"async\" width=\"2000\" height=\"1852\" src=\"\/wp-content\/uploads\/2026\/05\/LivExpat-group_header.jpg\" class=\"pix-img-elem rounded-0\" alt=\"Image link\" srcset=\"\/wp-content\/uploads\/2026\/05\/LivExpat-group_header.jpg 2000w, \/wp-content\/uploads\/2026\/05\/LivExpat-group_header-300x278.jpg 300w, \/wp-content\/uploads\/2026\/05\/LivExpat-group_header-1024x948.jpg 1024w, \/wp-content\/uploads\/2026\/05\/LivExpat-group_header-768x711.jpg 768w, \/wp-content\/uploads\/2026\/05\/LivExpat-group_header-1536x1422.jpg 1536w\" sizes=\"auto, (max-width: 2000px) 100vw, 2000px\" \/><\/div><\/div>[\/vc_column][\/vc_row][vc_row full_width=\u00a0\u00bbstretch_row\u00a0\u00bb pix_particles_check=\u00a0\u00bb\u00a0\u00bb el_class=\u00a0\u00bbexpat-section\u00a0\u00bb][vc_column][vc_row_inner el_class=\u00a0\u00bbwidth1090&Prime;][vc_column_inner]<div id=\"el1756832538077-dbb7d1dd-4400\" class=\"pix-el-text   w-100   vc_custom_1778270288450\" ><p class=\"\"><h2 style=\"text-align: center;\">R\u00e9gimes collectifs LivExpat\u00a0: une solution de sant\u00e9 compl\u00e8te con\u00e7ue pour les organisations \u00e0 vocation internationale ayant des \u00e9quipes \u00e0 l\u2019\u00e9tranger.<\/h2>\n<\/p><\/div>[\/vc_column_inner][\/vc_row_inner][vc_row_inner equal_height=\u00a0\u00bbyes\u00a0\u00bb gap=\u00a0\u00bb30&Prime; el_class=\u00a0\u00bbrow_expat-card\u00a0\u00bb][vc_column_inner width=\u00a0\u00bb1\/4&Prime;]<div id=\"el1757348917572-4751aaba-b513\" class=\"pix-el-text   w-100  \" ><p class=\"\"><div class=\"expat-card\">\n<h3>Structure d\u2019avantages flexible<\/h3>\n<p>Choisissez une couverture d\u2019urgence seulement ou des r\u00e9gimes m\u00e9dicaux complets, avec des avantages optionnels incluant l\u2019\u00e9vacuation, le rapatriement, les soins dentaires, la vision, l\u2019assurance vie, l\u2019invalidit\u00e9 et la M&amp;D.<\/p>\n<\/div><\/div>[\/vc_column_inner][vc_column_inner width=\u00a0\u00bb1\/4&Prime;]<div id=\"el1757348881301-cb885682-9723\" class=\"pix-el-text   w-100  \" ><p class=\"\"><div class=\"expat-card\">\n<h3>Couverture tarif\u00e9e selon la zone g\u00e9ographique<\/h3>\n<p>Couverture mondiale avec des primes align\u00e9es sur les zones de risque g\u00e9ographiques, afin que les co\u00fbts refl\u00e8tent les niveaux de risque locaux.<\/p>\n<\/div><\/div>[\/vc_column_inner][vc_column_inner width=\u00a0\u00bb1\/4&Prime;]<div id=\"el1757348881301-cb885682-9723\" class=\"pix-el-text   w-100  \" ><p class=\"\"><div class=\"expat-card\">\n<h3>Admissibilit\u00e9 simplifi\u00e9e<\/h3>\n<p>Adh\u00e9sion simplifi\u00e9e sans s\u00e9lection m\u00e9dicale pour les groupes de quatre personnes ou plus, avec des exigences r\u00e9duites pour les r\u00e9gimes d\u2019urgence seulement.<\/p>\n<\/div><\/div>[\/vc_column_inner][vc_column_inner width=\u00a0\u00bb1\/4&Prime;]<div id=\"el1757348881301-cb885682-9723\" class=\"pix-el-text   w-100  \" ><p class=\"\"><div class=\"expat-card\">\n<h3>Modalit\u00e9s de couverture adaptables<\/h3>\n<p>Couverture pour les populations mobiles \u00e0 l\u2019\u00e9chelle mondiale, y compris les expatri\u00e9s, les affectations rotatives, les ressortissants de pays tiers, les visiteurs au Canada et la couverture de transition.<\/p>\n<\/div><\/div>[\/vc_column_inner][\/vc_row_inner][\/vc_column][\/vc_row][vc_row content_placement=\u00a0\u00bbmiddle\u00a0\u00bb pix_particles_check=\u00a0\u00bb\u00a0\u00bb el_id=\u00a0\u00bbfaq-devis\u00a0\u00bb el_class=\u00a0\u00bbwidth1090 faq-landing-width spaceplus option-assistance\u00a0\u00bb][vc_column width=\u00a0\u00bb1\/2&Prime; el_id=\u00a0\u00bbfaq-devis-1&Prime;]<div id=\"img-eb39ceb2e040e8adaac4f8d7d2397dc1\" class=\"pix-img-element d-inline-block \" ><div class=\"pix-img-el     text-right d-inline-block  w-100 rounded-0\"  ><img loading=\"lazy\" decoding=\"async\" width=\"1713\" height=\"2000\" src=\"\/wp-content\/uploads\/2026\/05\/MSH-Advantage-2.jpg\" class=\"pix-img-elem rounded-0\" alt=\"Image link\" srcset=\"\/wp-content\/uploads\/2026\/05\/MSH-Advantage-2.jpg 1713w, \/wp-content\/uploads\/2026\/05\/MSH-Advantage-2-257x300.jpg 257w, \/wp-content\/uploads\/2026\/05\/MSH-Advantage-2-877x1024.jpg 877w, \/wp-content\/uploads\/2026\/05\/MSH-Advantage-2-768x897.jpg 768w, \/wp-content\/uploads\/2026\/05\/MSH-Advantage-2-1316x1536.jpg 1316w\" sizes=\"auto, (max-width: 1713px) 100vw, 1713px\" \/><\/div><\/div>[\/vc_column][vc_column width=\u00a0\u00bb1\/2&Prime; el_id=\u00a0\u00bbfaq-devis-2&Prime;]<div id=\"el1755277106094-cf751fd6-748f\" class=\"pix-el-text   w-100  \" ><p class=\"\"><h2>L\u2019avantage MSH\u202f: <span style=\"color: #7900f0;\">Un accompagnement \u00e0 chaque \u00e9tape de votre parcours international<\/span><\/h2>\n<p>Depuis plus de 40 ans, MSH International g\u00e8re des solutions mondiales d\u2019avantages sociaux et de gestion des risques pour les personnes mobiles \u00e0 l\u2019international. Gr\u00e2ce \u00e0 des programmes sur mesure et rentables, nous offrons aux voyageurs du monde entier une tranquillit\u00e9 d\u2019esprit totale \u2014 peu importe o\u00f9 la vie les m\u00e8ne.<\/p>\n<\/p><\/div><div id=\"el1757499393839-aa6be4fe-3b30\" class=\"pix-el-text   w-100  \" ><p class=\"\"><ul class=\"offre-garanties-list\">\n<li>R\u00e9seau mondial de fournisseurs MSH avec facturation directe<\/li>\n<li>Gestion des r\u00e9clamations et de l\u2019administration des r\u00e9gimes enti\u00e8rement num\u00e9rique<\/li>\n<li>Assistance interne et gestion de cas 24\u202fh\/24, 7\u202fj\/7<\/li>\n<li>Adh\u00e9sion flexible, compatible avec les r\u00e9gimes d\u2019avantages sociaux existants<\/li>\n<\/ul>\n<\/p><\/div><a  href=\"https:\/\/msh.policy-forms.com\/en\/msh\/livexpat\" class=\"btn mb-2 rdv-btn arrow-right-back-white-hover   vc_custom_1778270942727   btn-primary d-inline-flex align-items-center      btn-md\" target=\"_blank\" rel=\"noopener\"    ><span class=\" \" >Obtenir une soumission<\/span><\/a>[\/vc_column][\/vc_row]<\/div>","protected":false},"excerpt":{"rendered":"[vc_row full_width=\u00a0\u00bbstretch_row_content_no_spaces\u00a0\u00bb equal_height=\u00a0\u00bbyes\u00a0\u00bb content_placement=\u00a0\u00bbmiddle\u00a0\u00bb pix_particles_check=\u00a0\u00bb\u00a0\u00bb btn_text=\u00a0\u00bbObtenir un devis\u00a0\u00bb btn_target=\u00a0\u00bb\u00a0\u00bb btn_popup_id=\u00a0\u00bb\u00a0\u00bb btn_title_bold=\u00a0\u00bb\u00a0\u00bb btn_italic=\u00a0\u00bb\u00a0\u00bb btn_secondary_font=\u00a0\u00bb\u00a0\u00bb btn_style=\u00a0\u00bb\u00a0\u00bb btn_color=\u00a0\u00bbprimary\u00a0\u00bb btn_remove_padding=\u00a0\u00bb\u00a0\u00bb btn_text_color=\u00a0\u00bb\u00a0\u00bb btn_size=\u00a0\u00bbmd\u00a0\u00bb btn_rounded=\u00a0\u00bb\u00a0\u00bb btn_effect=\u00a0\u00bb\u00a0\u00bb btn_hover_effect=\u00a0\u00bb\u00a0\u00bb btn_add_hover_effect=\u00a0\u00bb\u00a0\u00bb btn_icon_position=\u00a0\u00bb\u00a0\u00bb btn_icon_animation=\u00a0\u00bb\u00a0\u00bb btn_full=\u00a0\u00bb\u00a0\u00bb btn_text_align=\u00a0\u00bbtext-center\u00a0\u00bb btn_div=\u00a0\u00bb\u00a0\u00bb btn_animation=\u00a0\u00bb\u00a0\u00bb btn_link=\u00a0\u00bb#\u00a0\u00bb btn_class=\u00a0\u00bbarrow-right-back-white-hover btn-devis\u00a0\u00bb btn_text_custom_color=\u00a0\u00bb\u00a0\u00bb btn_icon=\u00a0\u00bb\u00a0\u00bb btn_anim_delay=\u00a0\u00bb\u00a0\u00bb btn_id=\u00a0\u00bb\u00a0\u00bb el_class=\u00a0\u00bbheader-classic1 solutions-page\u00a0\u00bb][vc_column width=\u00a0\u00bb1\/2&Prime; el_class=\u00a0\u00bbpaadtexte tab-pro\u00a0\u00bb][\/vc_column][vc_column&#8230;","protected":false},"author":9,"featured_media":0,"parent":0,"menu_order":0,"comment_status":"closed","ping_status":"closed","template":"","meta":{"_acf_changed":false,"footnotes":""},"categories":[],"class_list":["post-14919","page","type-page","status-publish","hentry"],"acf":[],"_links":{"self":[{"href":"https:\/\/www.americas.msh-intl.com\/fr\/wp-json\/wp\/v2\/pages\/14919","targetHints":{"allow":["GET"]}}],"collection":[{"href":"https:\/\/www.americas.msh-intl.com\/fr\/wp-json\/wp\/v2\/pages"}],"about":[{"href":"https:\/\/www.americas.msh-intl.com\/fr\/wp-json\/wp\/v2\/types\/page"}],"author":[{"embeddable":true,"href":"https:\/\/www.americas.msh-intl.com\/fr\/wp-json\/wp\/v2\/users\/9"}],"replies":[{"embeddable":true,"href":"https:\/\/www.americas.msh-intl.com\/fr\/wp-json\/wp\/v2\/comments?post=14919"}],"version-history":[{"count":5,"href":"https:\/\/www.americas.msh-intl.com\/fr\/wp-json\/wp\/v2\/pages\/14919\/revisions"}],"predecessor-version":[{"id":15038,"href":"https:\/\/www.americas.msh-intl.com\/fr\/wp-json\/wp\/v2\/pages\/14919\/revisions\/15038"}],"wp:attachment":[{"href":"https:\/\/www.americas.msh-intl.com\/fr\/wp-json\/wp\/v2\/media?parent=14919"}],"wp:term":[{"taxonomy":"category","embeddable":true,"href":"https:\/\/www.americas.msh-intl.com\/fr\/wp-json\/wp\/v2\/categories?post=14919"}],"curies":[{"name":"wp","href":"https:\/\/api.w.org\/{rel}","templated":true}]}}