
  {"id":14936,"date":"2025-12-09T21:38:53","date_gmt":"2025-12-09T20:38:53","guid":{"rendered":"https:\/\/www.americas.msh-intl.com\/corporations\/"},"modified":"2026-05-08T22:50:19","modified_gmt":"2026-05-08T21:50:19","slug":"entreprises","status":"publish","type":"page","link":"https:\/\/www.americas.msh-intl.com\/fr\/entreprises\/","title":{"rendered":"Corporations -FR"},"content":{"rendered":"<div class=\"wpb-content-wrapper\">[vc_row full_width=\u00a0\u00bbstretch_row\u00a0\u00bb full_height=\u00a0\u00bbyes\u00a0\u00bb pix_particles_check=\u00a0\u00bb\u00a0\u00bb el_id=\u00a0\u00bbheader-landing\u00a0\u00bb b_custom_height=\u00a0\u00bb180px\u00a0\u00bb el_class=\u00a0\u00bbtransition-opacity landing-6 top_hed1&Prime; css=\u00a0\u00bb.vc_custom_1765830682358{background-image: url(https:\/\/www.americas.msh-intl.com\/wp-content\/uploads\/2025\/12\/insurance-company-final-3-scaled.png?id=13911) !important;}\u00a0\u00bb][vc_column el_id=\u00a0\u00bbheader-home-wrapper-1&Prime;][vc_row_inner el_id=\u00a0\u00bbheader-home-child\u00a0\u00bb][vc_column_inner width=\u00a0\u00bb1\/2&Prime; el_id=\u00a0\u00bbheader-home-child-1&Prime;]<div id=\"el1749908815488-4a729b0b-d0fe\" class=\"pix-el-text   w-100  \" ><p class=\"\"><p class=\"subtitle\"><img decoding=\"async\" src=\"\/wp-content\/uploads\/2025\/09\/stethoscope-1.svg\" \/><span class=\"TextRun MacChromeBold SCXW86037939 BCX0\" lang=\"EN-US\" xml:lang=\"EN-US\" data-contrast=\"none\"><span class=\"NormalTextRun SCXW86037939 BCX0\">Partenaire de distribution<\/span><\/span><span class=\"EOP SCXW86037939 BCX0\" data-ccp-props=\"{&quot;335559739&quot;:0}\">\u00a0<\/span><\/p>\n<h1>Prot\u00e9gez votre main-d\u2019\u0153uvre, renforcez votre entreprise<\/h1>\n<p>MSH offre aux entreprises des solutions d\u2019assurance internationale flexibles, une administration simplifi\u00e9e et un soutien r\u00e9actif, afin de prot\u00e9ger les employ\u00e9s tout en favorisant la croissance de l\u2019entreprise.<\/p>\n<\/p><\/div><a  href=\"#solutions-intro\" class=\"btn mb-2 arrow-right-back-white-hover btn-devis     btn-white d-inline-flex align-items-center      btn-md\"     ><span class=\" \" >D\u00e9couvrez nos solutions<\/span><\/a><a  href=\"#ASOContactUs\" class=\"btn mb-2 arrow-right-back-white-hover btn-devis   vc_custom_1778274824785   btn-primary d-inline-flex align-items-center      btn-md\"     ><span class=\" \" >Communiquez avec nous d\u00e8s maintenant<\/span><\/a>[\/vc_column_inner][vc_column_inner width=\u00a0\u00bb1\/2&Prime; el_id=\u00a0\u00bbheader-home-child-2&Prime;][\/vc_column_inner][\/vc_row_inner][\/vc_column][\/vc_row][vc_row pix_particles_check=\u00a0\u00bb\u00a0\u00bb el_id=\u00a0\u00bbfemmes-hommes\u00a0\u00bb][vc_column][vc_row_inner el_id=\u00a0\u00bbfemmes-hommes-1&Prime;][vc_column_inner]<div id=\"el1756750602956-229a3bd3-9d85\" class=\"pix-el-text   w-100  \" ><p class=\"\"><h2 style=\"text-align: center; max-width: 100%; margin: 0 auto;\">Nous comprenons<br \/>\n<span style=\"color: #7900f0;\">les d\u00e9fis auxquels les employeurs font face aujourd\u2019hui<\/span><\/h2>\n<\/p><\/div>[\/vc_column_inner][\/vc_row_inner][vc_row_inner el_id=\u00a0\u00bbfemmes-hommes-2&Prime; el_class=\u00a0\u00bbch-md\u00a0\u00bb][vc_column_inner width=\u00a0\u00bb1\/5&Prime;]<div id=\"img-54207cf5604346232bc3d88d0ae71d83\" class=\"pix-img-element d-inline-block \" ><div class=\"pix-img-el     text-left d-inline-block   rounded-0\"  ><img loading=\"lazy\" decoding=\"async\" width=\"151\" height=\"151\" src=\"\/wp-content\/uploads\/2025\/12\/alert-1.png\" class=\"pix-img-elem rounded-0\" alt=\"Image link\" srcset=\"\/wp-content\/uploads\/2025\/12\/alert-1.png 151w, \/wp-content\/uploads\/2025\/12\/alert-1-75x75.png 75w\" sizes=\"auto, (max-width: 151px) 100vw, 151px\" \/><\/div><\/div><div id=\"el1765481852680-881d68fc-b2b1\" class=\"w-100 d-block \"><\/div><div id=\"el1756750893246-677e514b-d0c3\" class=\"pix-el-text   w-100  \" ><p class=\"\"><div style=\"display: flex; flex-direction: column; gap: 10px; align-items: flex-start;\">\n<h5><span style=\"color: #000000;\">Hausse des co\u00fbts d\u2019assurance \u00e0 l\u2019\u00e9chelle mondiale<\/span><\/h5>\n<p>Les assurances traditionnelles exigent une prime mensuelle fixe, peu importe les r\u00e9clamations.<\/p>\n<\/div><\/div>[\/vc_column_inner][vc_column_inner width=\u00a0\u00bb1\/5&Prime;]<div id=\"img-54207cf5604346232bc3d88d0ae71d83\" class=\"pix-img-element d-inline-block \" ><div class=\"pix-img-el     text-left d-inline-block   rounded-0\"  ><img loading=\"lazy\" decoding=\"async\" width=\"151\" height=\"151\" src=\"\/wp-content\/uploads\/2025\/12\/alert-1.png\" class=\"pix-img-elem rounded-0\" alt=\"Image link\" srcset=\"\/wp-content\/uploads\/2025\/12\/alert-1.png 151w, \/wp-content\/uploads\/2025\/12\/alert-1-75x75.png 75w\" sizes=\"auto, (max-width: 151px) 100vw, 151px\" \/><\/div><\/div><div id=\"el1765482219387-ce1fd0e5-e171\" class=\"w-100 d-block \"><\/div><div id=\"el1756750881284-4086c420-d4ae\" class=\"pix-el-text   w-100  \" ><p class=\"\"><div style=\"display: flex; flex-direction: column; gap: 10px; align-items: flex-start;\">\n<h5><span style=\"color: #000000;\">Manque de visibilit\u00e9 et de transparence<\/span><\/h5>\n<p>Les entreprises manquent souvent de transparence quant aux co\u00fbts, aux r\u00e9clamations et aux structures de frais.<\/p>\n<\/div><\/div>[\/vc_column_inner][vc_column_inner width=\u00a0\u00bb1\/5&Prime;]<div id=\"img-54207cf5604346232bc3d88d0ae71d83\" class=\"pix-img-element d-inline-block \" ><div class=\"pix-img-el     text-left d-inline-block   rounded-0\"  ><img loading=\"lazy\" decoding=\"async\" width=\"151\" height=\"151\" src=\"\/wp-content\/uploads\/2025\/12\/alert-1.png\" class=\"pix-img-elem rounded-0\" alt=\"Image link\" srcset=\"\/wp-content\/uploads\/2025\/12\/alert-1.png 151w, \/wp-content\/uploads\/2025\/12\/alert-1-75x75.png 75w\" sizes=\"auto, (max-width: 151px) 100vw, 151px\" \/><\/div><\/div><div id=\"el1765482275314-9bcc0a74-83d6\" class=\"w-100 d-block \"><\/div><div id=\"el1756750893349-b619598a-28d6\" class=\"pix-el-text   w-100  \" ><p class=\"\"><div style=\"display: flex; flex-direction: column; gap: 10px; align-items: flex-start;\">\n<h5><span style=\"color: #000000;\">Structures d\u2019avantages inefficaces ou rigides<\/span><\/h5>\n<p>Les r\u00e9gimes traditionnels tiennent souvent peu compte des besoins des \u00e9quipes mondiales, des expatri\u00e9s et des travailleurs \u00e0 distance.<\/p>\n<\/div><\/div>[\/vc_column_inner][vc_column_inner width=\u00a0\u00bb1\/5&Prime;]<div id=\"img-54207cf5604346232bc3d88d0ae71d83\" class=\"pix-img-element d-inline-block \" ><div class=\"pix-img-el     text-left d-inline-block   rounded-0\"  ><img loading=\"lazy\" decoding=\"async\" width=\"151\" height=\"151\" src=\"\/wp-content\/uploads\/2025\/12\/alert-1.png\" class=\"pix-img-elem rounded-0\" alt=\"Image link\" srcset=\"\/wp-content\/uploads\/2025\/12\/alert-1.png 151w, \/wp-content\/uploads\/2025\/12\/alert-1-75x75.png 75w\" sizes=\"auto, (max-width: 151px) 100vw, 151px\" \/><\/div><\/div><div id=\"el1765482290415-8cb0015d-595f\" class=\"w-100 d-block \"><\/div><div id=\"el1756750899675-8800a657-c9ae\" class=\"pix-el-text   w-100  \" ><p class=\"\"><div style=\"display: flex; flex-direction: column; gap: 10px; align-items: flex-start;\">\n<h5><span style=\"color: #000000;\">Fardeau administratif pour les \u00e9quipes RH<\/span><\/h5>\n<p>La gestion des avantages sociaux mondiaux impose souvent une lourde charge administrative aux RH et entra\u00eene l\u2019insatisfaction des employ\u00e9s.<\/p>\n<\/div><\/div>[\/vc_column_inner][vc_column_inner width=\u00a0\u00bb1\/5&Prime;]<div id=\"img-54207cf5604346232bc3d88d0ae71d83\" class=\"pix-img-element d-inline-block \" ><div class=\"pix-img-el     text-left d-inline-block   rounded-0\"  ><img loading=\"lazy\" decoding=\"async\" width=\"151\" height=\"151\" src=\"\/wp-content\/uploads\/2025\/12\/alert-1.png\" class=\"pix-img-elem rounded-0\" alt=\"Image link\" srcset=\"\/wp-content\/uploads\/2025\/12\/alert-1.png 151w, \/wp-content\/uploads\/2025\/12\/alert-1-75x75.png 75w\" sizes=\"auto, (max-width: 151px) 100vw, 151px\" \/><\/div><\/div><div id=\"el1765482301038-db06655f-d00a\" class=\"w-100 d-block \"><\/div><div id=\"el1756750893031-1ca71873-a66d\" class=\"pix-el-text   w-100  \" ><p class=\"\"><div style=\"display: flex; flex-direction: column; gap: 10px; align-items: flex-start;\">\n<h5><span style=\"color: #000000;\">Risques de r\u00e9clamations impr\u00e9visibles<\/span><\/h5>\n<p>Des r\u00e9clamations importantes et impr\u00e9vues peuvent d\u00e9passer les budgets et menacer la stabilit\u00e9 financi\u00e8re.<\/p>\n<\/div><\/div>[\/vc_column_inner][\/vc_row_inner][vc_row_inner el_id=\u00a0\u00bbfiliale-4&Prime;][vc_column_inner el_id=\u00a0\u00bbfiliale-4-1&Prime;]<a  href=\"#solutions-intro\" class=\"btn mb-2 arrow-right-back-white-hover     btn-primary d-inline-flex align-items-center      btn-md\"     ><span class=\" \" >D\u00e9couvrez comment nous pouvons vous aider<\/span><\/a>[\/vc_column_inner][\/vc_row_inner][vc_empty_space height=\u00a0\u00bb100px\u00a0\u00bb][\/vc_column][\/vc_row][vc_row content_placement=\u00a0\u00bbmiddle\u00a0\u00bb pix_particles_check=\u00a0\u00bb\u00a0\u00bb el_id=\u00a0\u00bbfaq-devis\u00a0\u00bb el_class=\u00a0\u00bbwidth1090 faq-landing-width spaceplus option-assistance\u00a0\u00bb css=\u00a0\u00bb.vc_custom_1765576246733{background-color: #7900F000 !important;}\u00a0\u00bb][vc_column width=\u00a0\u00bb1\/2&Prime; el_id=\u00a0\u00bbfaq-devis-1&Prime;]<div id=\"img-70a2025697a3f0accc27cc4f460b7065\" class=\"pix-img-element d-inline-block \" ><div class=\"pix-img-el     text-right d-inline-block  w-100 rounded-10\"  ><img loading=\"lazy\" decoding=\"async\" width=\"557\" height=\"687\" src=\"\/wp-content\/uploads\/2025\/12\/ASO-final-2.png\" class=\"pix-img-elem rounded-10\" alt=\"Image link\" srcset=\"\/wp-content\/uploads\/2025\/12\/ASO-final-2.png 557w, \/wp-content\/uploads\/2025\/12\/ASO-final-2-243x300.png 243w\" sizes=\"auto, (max-width: 557px) 100vw, 557px\" \/><\/div><\/div>[\/vc_column][vc_column width=\u00a0\u00bb1\/2&Prime; el_id=\u00a0\u00bbfaq-devis-2&Prime;]<div id=\"el1755277106094-cf751fd6-748f\" class=\"pix-el-text   w-100  \" ><p class=\"\"><h2>Nous comprenons<br \/>\n<span style=\"color: #7900f0;\">ce dont les entreprises ont besoin<\/span><\/h2>\n<p>Aujourd\u2019hui, les entreprises s\u2019attendent \u00e0\u00a0:<\/p>\n<\/p><\/div><div id=\"el1757499393839-aa6be4fe-3b30\" class=\"pix-el-text   w-100  \" ><p class=\"\"><ul class=\"offre-garanties-list\">\n<li>Un contr\u00f4le des co\u00fbts et une meilleure pr\u00e9visibilit\u00e9 (\u00e9viter les marges de profit excessives des assureurs)<\/li>\n<li>R\u00e9cup\u00e9ration des surplus (tout fonds inutilis\u00e9 est retourn\u00e9 \u00e0 l\u2019employeur)<\/li>\n<li>Transparence \u00e0 chaque \u00e9tape (rapports financiers et de r\u00e9clamations)<\/li>\n<li>Personnalisation flexible des r\u00e9gimes (avantages adapt\u00e9s aux besoins de la main-d\u2019\u0153uvre)<\/li>\n<li>Soutien aux effectifs mondiaux (expatri\u00e9s, impatri\u00e9s, \u00e9quipes transfrontali\u00e8res)<\/li>\n<li>Un partenaire dot\u00e9 d\u2019une solide expertise m\u00e9dicale mondiale<\/li>\n<\/ul>\n<\/p><\/div>[\/vc_column][\/vc_row][vc_row full_width=\u00a0\u00bbstretch_row\u00a0\u00bb pix_particles_check=\u00a0\u00bb\u00a0\u00bb btn_text=\u00a0\u00bbObtenir un devis\u00a0\u00bb btn_target=\u00a0\u00bb\u00a0\u00bb btn_popup_id=\u00a0\u00bb\u00a0\u00bb btn_title_bold=\u00a0\u00bb\u00a0\u00bb btn_italic=\u00a0\u00bb\u00a0\u00bb btn_secondary_font=\u00a0\u00bb\u00a0\u00bb btn_style=\u00a0\u00bb\u00a0\u00bb btn_color=\u00a0\u00bbprimary\u00a0\u00bb btn_remove_padding=\u00a0\u00bb\u00a0\u00bb btn_text_color=\u00a0\u00bb\u00a0\u00bb btn_size=\u00a0\u00bbmd\u00a0\u00bb btn_rounded=\u00a0\u00bb\u00a0\u00bb btn_effect=\u00a0\u00bb\u00a0\u00bb btn_hover_effect=\u00a0\u00bb\u00a0\u00bb btn_add_hover_effect=\u00a0\u00bb\u00a0\u00bb btn_icon_position=\u00a0\u00bb\u00a0\u00bb btn_icon_animation=\u00a0\u00bb\u00a0\u00bb btn_full=\u00a0\u00bb\u00a0\u00bb btn_text_align=\u00a0\u00bbtext-center\u00a0\u00bb btn_div=\u00a0\u00bb\u00a0\u00bb btn_animation=\u00a0\u00bb\u00a0\u00bb btn_link=\u00a0\u00bb#\u00a0\u00bb btn_class=\u00a0\u00bbarrow-right-back-white-hover btn-devis\u00a0\u00bb btn_text_custom_color=\u00a0\u00bb\u00a0\u00bb btn_icon=\u00a0\u00bb\u00a0\u00bb btn_anim_delay=\u00a0\u00bb\u00a0\u00bb btn_id=\u00a0\u00bb\u00a0\u00bb css=\u00a0\u00bb.vc_custom_1766001761888{padding-top: 64px !important;padding-bottom: 64px !important;background-color: #7900F000 !important;background-position: center !important;background-repeat: no-repeat !important;background-size: contain !important;}\u00a0\u00bb][vc_column][vc_row_inner el_class=\u00a0\u00bbwidth1090&Prime; el_id=\u00a0\u00bbsolutions-intro\u00a0\u00bb][vc_column_inner]<div id=\"el1765570625731-bef3c612-544a\" class=\"pix-el-text   w-100   vc_custom_1778277012573\" ><p class=\"\"><h2 style=\"color: #000000; text-align: center; max-width: 100%; margin-top: 0; margin-bottom: 0;\">Nous avons les <span style=\"color: #7900f0;\">solutions adapt\u00e9es \u00e0 vos besoins<\/span><\/h2>\n<\/p><\/div><div id=\"el1778276840862-5e3d3bea-b9f5\" class=\"pix-el-text   w-100   vc_custom_1778276848503\" ><p class=\"\"><p style=\"text-align: center; margin-top: 0; margin-bottom: 0;\">Nous offrons des solutions sur mesure pour relever vos d\u00e9fis, en mettant l\u2019accent sur les domaines cl\u00e9s suivants\u00a0:<\/p>\n<\/p><\/div>[\/vc_column_inner][\/vc_row_inner][vc_row_inner equal_height=\u00a0\u00bbyes\u00a0\u00bb gap=\u00a0\u00bb30&Prime; el_class=\u00a0\u00bbwidth1090&Prime;][vc_column_inner width=\u00a0\u00bb1\/4&Prime; content_align=\u00a0\u00bbtext-center\u00a0\u00bb]<div id=\"img-51a45befc8c0e85e17308a9da58dacf7\" class=\"pix-img-element d-inline-block \" ><div class=\"pix-img-el     text-left d-inline-block   rounded-0\"  ><img decoding=\"async\" src=\"\/wp-content\/uploads\/2025\/12\/icon-puzzel.svg\" class=\"pix-img-elem rounded-0\" alt=\"Image link\" \/><\/div><\/div><div id=\"el1765570625842-3658996c-0a0a\" class=\"pix-el-text   w-100 text-center \" ><p class=\"text-center\"><div class=\"card-info\">\n<h3 class=\"card-title\">Conception de r\u00e9gimes personnalis\u00e9s et flexibles<\/h3>\n<\/div><\/div>[\/vc_column_inner][vc_column_inner width=\u00a0\u00bb1\/4&Prime; content_align=\u00a0\u00bbtext-center\u00a0\u00bb]<div id=\"img-ffabdffb2378d9dba2efd8744de5cc22\" class=\"pix-img-element d-inline-block \" ><div class=\"pix-img-el     text-left d-inline-block   rounded-0\"  ><img decoding=\"async\" src=\"\/wp-content\/uploads\/2025\/09\/globe-1.svg\" class=\"pix-img-elem rounded-0\" alt=\"Image link\" \/><\/div><\/div><div id=\"el1765570625791-2fed7c28-b815\" class=\"pix-el-text   w-100 text-center \" ><p class=\"text-center\"><div class=\"card-info\">\n<h3 class=\"card-title\">R\u00e9seau<br \/>\nmondial<\/h3>\n<\/div><\/div>[\/vc_column_inner][vc_column_inner width=\u00a0\u00bb1\/4&Prime; content_align=\u00a0\u00bbtext-center\u00a0\u00bb]<div id=\"img-cd9130dbedbd92c597709f6bbb036672\" class=\"pix-img-element d-inline-block \" ><div class=\"pix-img-el     text-center d-inline-block   rounded-0\"  ><img decoding=\"async\" src=\"\/wp-content\/uploads\/2025\/09\/money-icon.svg\" class=\"pix-img-elem rounded-0\" alt=\"Image link\" \/><\/div><\/div><div id=\"el1765570625892-df4e0c63-7c7d\" class=\"pix-el-text   w-100 text-center \" ><p class=\"text-center\"><div class=\"card-info\">\n<h3 class=\"card-title\">Ma\u00eetrise<br \/>\ndes co\u00fbts<\/h3>\n<p class=\"card-text\">\n<\/div><\/div>[\/vc_column_inner][vc_column_inner width=\u00a0\u00bb1\/4&Prime; content_align=\u00a0\u00bbtext-center\u00a0\u00bb]<div id=\"img-ff43df2c04f52b4242cf00491dfe5820\" class=\"pix-img-element d-inline-block \" ><div class=\"pix-img-el     text-left d-inline-block   rounded-0\"  ><img decoding=\"async\" src=\"\/wp-content\/uploads\/2026\/01\/icon-upload.svg\" class=\"pix-img-elem rounded-0\" alt=\"Image link\" \/><\/div><\/div><div id=\"el1765570625943-5c5d7bec-0688\" class=\"pix-el-text   w-100 text-center \" ><p class=\"text-center\"><div class=\"card-info\">\n<h3 class=\"card-title\">Traitement num\u00e9rique<br \/>\ndes r\u00e9clamations<\/h3>\n<\/div><\/div>[\/vc_column_inner][\/vc_row_inner][vc_empty_space height=\u00a0\u00bb50px\u00a0\u00bb][vc_row_inner equal_height=\u00a0\u00bbyes\u00a0\u00bb gap=\u00a0\u00bb30&Prime; el_class=\u00a0\u00bbwidth1090&Prime; css=\u00a0\u00bb.vc_custom_1765914052418{padding-top: 30px !important;padding-bottom: 30px !important;background-color: #7900F000 !important;}\u00a0\u00bb][vc_column_inner width=\u00a0\u00bb1\/2&Prime; content_align=\u00a0\u00bbtext-center\u00a0\u00bb css=\u00a0\u00bb.vc_custom_1765912989449{padding-top: 60px !important;padding-right: 60px !important;padding-bottom: 60px !important;padding-left: 60px !important;background-color: #7900F00D !important;border-radius: 35px !important;}\u00a0\u00bb]<div id=\"el1765911859978-c9777824-0e1a\" class=\"pix-el-text   w-100  \" ><p class=\"\"><h2><span style=\"color: #7900f0;\">R\u00e9gime de services administratifs seulement<\/span><\/h2>\n<\/p><\/div>[vc_empty_space height=\u00a0\u00bb25px\u00a0\u00bb]<div id=\"el1765912191335-e36d6db7-107f\" class=\"pix-el-text   w-100  \" ><p class=\"\"><p>Les r\u00e9gimes de services administratifs seulement (SAS) permettent aux groupes de payer uniquement les r\u00e9clamations r\u00e9elles, tandis que MSH g\u00e8re les garanties flexibles et l\u2019administration.<\/p>\n<\/p><\/div>[vc_empty_space height=\u00a0\u00bb15px\u00a0\u00bb]<div id=\"el1765911752505-d126a1be-6c65\" class=\"pix-el-text   w-100  \" ><p class=\"\"><ul class=\"offre-garanties-list\">\n<li>Conception de r\u00e9gime flexible adapt\u00e9e \u00e0 vos besoins<\/li>\n<li>Payez uniquement les r\u00e9clamations r\u00e9elles, sans co\u00fbts cach\u00e9s<\/li>\n<li>Administration transparente avec des frais r\u00e9duits<\/li>\n<li>Protection stop-loss suppl\u00e9mentaire pour plus de s\u00e9curit\u00e9<\/li>\n<\/ul>\n<\/p><\/div>[vc_empty_space height=\u00a0\u00bb25px\u00a0\u00bb]<div class=\"d-block w-100 text-center\"><a  href=\"\/administrative-services-only\/\" class=\"btn mb-2 arrow-right-back-purple-hover     btn-primary d-inline-flex align-items-center      pix-btn-div btn-md\"     ><span class=\" \" >En savoir plus<\/span><\/a><\/div>[\/vc_column_inner][vc_column_inner width=\u00a0\u00bb1\/2&Prime; content_align=\u00a0\u00bbtext-center\u00a0\u00bb css=\u00a0\u00bb.vc_custom_1765923177247{padding-top: 60px !important;padding-right: 60px !important;padding-bottom: 60px !important;padding-left: 60px !important;background-color: #7900F00D !important;border-radius: 35px !important;}\u00a0\u00bb]<div id=\"el1765913857391-218ab181-300e\" class=\"pix-el-text   w-100  \" ><p class=\"\"><h2><span style=\"color: #7900f0;\">R\u00e9gimes personnalisables<\/span><\/h2>\n<\/p><\/div>[vc_empty_space height=\u00a0\u00bb25px\u00a0\u00bb]<div id=\"el1765913930134-2b0d1b83-f1df\" class=\"pix-el-text   w-100  \" ><p class=\"\"><p>Soutenez votre personnel avec des r\u00e9gimes collectifs enti\u00e8rement assur\u00e9s qui s\u2019adaptent localement, respectent les exigences globales et offrent des soins uniformes \u00e0 l\u2019\u00e9chelle mondiale.<\/p>\n<\/p><\/div>[vc_empty_space height=\u00a0\u00bb15px\u00a0\u00bb]<div id=\"el1765913947153-cb893780-5ffb\" class=\"pix-el-text   w-100  \" ><p class=\"\"><ul class=\"offre-garanties-list\">\n<li>Payez uniquement les r\u00e9clamations r\u00e9elles, et non des primes<\/li>\n<li>Garanties uniformes pour les effectifs mondiaux<\/li>\n<li>Protection budg\u00e9taire gr\u00e2ce \u00e0 la couverture stop-loss<\/li>\n<li>Conception de r\u00e9gime personnalis\u00e9e selon les besoins<\/li>\n<\/ul>\n<\/p><\/div>[vc_empty_space height=\u00a0\u00bb25px\u00a0\u00bb]<div class=\"d-block w-100 text-center\"><a  href=\"\/customizable-plans\/\" class=\"btn mb-2 arrow-right-back-purple-hover     btn-primary d-inline-flex align-items-center      pix-btn-div btn-md\"     ><span class=\" \" >En savoir plus<\/span><\/a><\/div>[\/vc_column_inner][\/vc_row_inner][\/vc_column][\/vc_row][vc_row css_animation=\u00a0\u00bbnone\u00a0\u00bb pix_particles_check=\u00a0\u00bb\u00a0\u00bb el_id=\u00a0\u00bbASOContactUs\u00a0\u00bb el_class=\u00a0\u00bbaction\u00a0\u00bb][vc_column el_class=\u00a0\u00bbaction-wrapper\u00a0\u00bb][vc_row_inner el_class=\u00a0\u00bbwidth1090&Prime;][vc_column_inner]<div id=\"el1766001305100-2a11f858-1c45\" class=\"pix-el-text   w-100  \" ><p class=\"\"><div style=\"margin: 0; padding: 0; height: 0;\"><\/div><\/div><div id=\"el1765467927423-6f501c5a-1dda\" class=\"pix-el-text   w-100   vc_custom_1778276576182\" ><p class=\"\"><h2 style=\"text-align: center; margin-top: 0px; margin-bottom: 0;\">Communiquez avec nous aujourd\u2019hui pour en savoir plus<\/h2>\n<\/p><\/div><div id=\"el1765472884720-ca946006-7581\" class=\"pix-el-text   w-100  \" ><p class=\"\"><div style=\"display: flex; justify-content: center; align-items: stretch; gap: 10px;\"><\/div>\n<p><!-- Middle column --><\/p>\n<div style=\"flex: 1; display: flex; align-items: center; justify-content: center; padding: 0 5px;\">\n<div class=\"expat-card\" style=\"text-align: center; white-space: nowrap;\">\n<h2 style=\"margin: 0; color: #ffffff; font-size: 25px;\">helpline@americas.msh-intl.com<\/h2>\n<\/div>\n<\/div><\/div>[\/vc_column_inner][\/vc_row_inner][\/vc_column][\/vc_row][vc_row pix_particles_check=\u00a0\u00bb\u00a0\u00bb][vc_column][vc_empty_space height=\u00a0\u00bb125px\u00a0\u00bb][\/vc_column][\/vc_row]<\/div>","protected":false},"excerpt":{"rendered":"Strengthen your global portfolio","protected":false},"author":9,"featured_media":12066,"parent":0,"menu_order":0,"comment_status":"closed","ping_status":"closed","template":"","meta":{"_acf_changed":false,"footnotes":""},"categories":[22],"class_list":["post-14936","page","type-page","status-publish","has-post-thumbnail","hentry","category-reseau-medical"],"acf":[],"_links":{"self":[{"href":"https:\/\/www.americas.msh-intl.com\/fr\/wp-json\/wp\/v2\/pages\/14936","targetHints":{"allow":["GET"]}}],"collection":[{"href":"https:\/\/www.americas.msh-intl.com\/fr\/wp-json\/wp\/v2\/pages"}],"about":[{"href":"https:\/\/www.americas.msh-intl.com\/fr\/wp-json\/wp\/v2\/types\/page"}],"author":[{"embeddable":true,"href":"https:\/\/www.americas.msh-intl.com\/fr\/wp-json\/wp\/v2\/users\/9"}],"replies":[{"embeddable":true,"href":"https:\/\/www.americas.msh-intl.com\/fr\/wp-json\/wp\/v2\/comments?post=14936"}],"version-history":[{"count":9,"href":"https:\/\/www.americas.msh-intl.com\/fr\/wp-json\/wp\/v2\/pages\/14936\/revisions"}],"predecessor-version":[{"id":14945,"href":"https:\/\/www.americas.msh-intl.com\/fr\/wp-json\/wp\/v2\/pages\/14936\/revisions\/14945"}],"wp:featuredmedia":[{"embeddable":true,"href":"https:\/\/www.americas.msh-intl.com\/fr\/wp-json\/wp\/v2\/media\/12066"}],"wp:attachment":[{"href":"https:\/\/www.americas.msh-intl.com\/fr\/wp-json\/wp\/v2\/media?parent=14936"}],"wp:term":[{"taxonomy":"category","embeddable":true,"href":"https:\/\/www.americas.msh-intl.com\/fr\/wp-json\/wp\/v2\/categories?post=14936"}],"curies":[{"name":"wp","href":"https:\/\/api.w.org\/{rel}","templated":true}]}}