
  {"id":14981,"date":"2025-09-07T22:06:17","date_gmt":"2025-09-07T21:06:17","guid":{"rendered":"https:\/\/www.americas.msh-intl.com\/insurance-companies-2\/"},"modified":"2026-05-11T22:03:27","modified_gmt":"2026-05-11T21:03:27","slug":"compagnies-dassurance","status":"publish","type":"page","link":"https:\/\/www.americas.msh-intl.com\/fr\/compagnies-dassurance\/","title":{"rendered":"Insurance Companies -FR"},"content":{"rendered":"<div class=\"wpb-content-wrapper\">[vc_row full_width=\u00a0\u00bbstretch_row\u00a0\u00bb full_height=\u00a0\u00bbyes\u00a0\u00bb pix_particles_check=\u00a0\u00bb\u00a0\u00bb el_id=\u00a0\u00bbheader-landing\u00a0\u00bb b_custom_height=\u00a0\u00bb180px\u00a0\u00bb el_class=\u00a0\u00bbtransition-opacity landing-6 top_hed1&Prime; css=\u00a0\u00bb.vc_custom_1778531808711{background-image: url(\/wp-content\/uploads\/2026\/05\/Insurance-Companies_header.jpg?id=14971) !important;}\u00a0\u00bb][vc_column el_id=\u00a0\u00bbheader-home-wrapper-1&Prime;][vc_row_inner el_id=\u00a0\u00bbheader-home-child\u00a0\u00bb][vc_column_inner width=\u00a0\u00bb1\/2&Prime; el_id=\u00a0\u00bbheader-home-child-1&Prime;]<div id=\"el1749908815488-4a729b0b-d0fe\" class=\"pix-el-text   w-100  \" ><p class=\"\"><p class=\"subtitle\"><img decoding=\"async\" src=\"\/wp-content\/uploads\/2025\/09\/stethoscope-1.svg\" \/><span class=\"TextRun MacChromeBold SCXW86037939 BCX0\" lang=\"EN-US\" xml:lang=\"EN-US\" data-contrast=\"none\"><span class=\"NormalTextRun SCXW86037939 BCX0\">Compagnies d\u2019assurance<\/span><\/span><span class=\"EOP SCXW86037939 BCX0\" data-ccp-props=\"{&quot;335559739&quot;:0}\">\u00a0<\/span><\/p>\n<h1>Gagnez du temps et r\u00e9duisez vos co\u00fbts gr\u00e2ce \u00e0 nos services d\u2019administrateur tiers<\/h1>\n<p>MSH g\u00e8re l\u2019administration compl\u00e8te de vos r\u00e9gimes d\u2019avantages sociaux collectifs, l\u2019assistance d\u2019urgence et l\u2019ensemble du cycle de vie des r\u00e9clamations \u2014 afin que votre organisation demeure efficace, conforme et concentr\u00e9e sur sa rentabilit\u00e9<\/p>\n<\/p><\/div><a  href=\"\/third-party-administrator\/\" class=\"btn mb-2 arrow-right-back-white-hover btn-devis     btn-white d-inline-flex align-items-center      btn-md\"     ><span class=\" \" >En savoir plus<\/span><\/a><a  href=\"\/en\/contact-us\" class=\"btn mb-2 arrow-right-back-white-hover btn-devis     btn-primary d-inline-flex align-items-center      btn-md\"     ><span class=\" \" >Communiquez avec nous<\/span><\/a>[\/vc_column_inner][vc_column_inner width=\u00a0\u00bb1\/2&Prime; el_id=\u00a0\u00bbheader-home-child-2&Prime;][\/vc_column_inner][\/vc_row_inner][\/vc_column][\/vc_row][vc_row pix_particles_check=\u00a0\u00bb\u00a0\u00bb el_id=\u00a0\u00bbfemmes-hommes\u00a0\u00bb][vc_column][vc_row_inner el_id=\u00a0\u00bbfemmes-hommes-1&Prime;][vc_column_inner]<div id=\"el1756750602956-229a3bd3-9d85\" class=\"pix-el-text   w-100  \" ><p class=\"\"><h2 style=\"text-align: center; max-width: 100%; margin: 0 auto;\">Nous comprenons les d\u00e9fis<br \/>\n<span style=\"color: #7900f0;\">li\u00e9s \u00e0 la gestion des r\u00e9gimes collectifs<\/span><\/h2>\n<\/p><\/div>[\/vc_column_inner][\/vc_row_inner][vc_row_inner el_id=\u00a0\u00bbfemmes-hommes-2&Prime; el_class=\u00a0\u00bbch-md\u00a0\u00bb][vc_column_inner width=\u00a0\u00bb1\/4&Prime;]<div id=\"img-54207cf5604346232bc3d88d0ae71d83\" class=\"pix-img-element d-inline-block \" ><div class=\"pix-img-el     text-left d-inline-block   rounded-0\"  ><img loading=\"lazy\" decoding=\"async\" width=\"151\" height=\"151\" src=\"\/wp-content\/uploads\/2025\/12\/alert-1.png\" class=\"pix-img-elem rounded-0\" alt=\"Image link\" srcset=\"\/wp-content\/uploads\/2025\/12\/alert-1.png 151w, \/wp-content\/uploads\/2025\/12\/alert-1-75x75.png 75w\" sizes=\"auto, (max-width: 151px) 100vw, 151px\" \/><\/div><\/div><div id=\"el1765481852680-881d68fc-b2b1\" class=\"w-100 d-block \"><\/div><div id=\"el1756750893246-677e514b-d0c3\" class=\"pix-el-text   w-100  \" ><p class=\"\"><div style=\"display: flex; flex-direction: column; gap: 10px; align-items: flex-start;\">\n<h5><span style=\"color: #000000;\">D\u00e9fis op\u00e9rationnels<\/span><\/h5>\n<p>Le temps excessif consacr\u00e9 \u00e0 l\u2019administration des avantages sociaux peut entra\u00eener des relations fragment\u00e9es avec les fournisseurs.<\/p>\n<\/div><\/div>[\/vc_column_inner][vc_column_inner width=\u00a0\u00bb1\/4&Prime;]<div id=\"img-54207cf5604346232bc3d88d0ae71d83\" class=\"pix-img-element d-inline-block \" ><div class=\"pix-img-el     text-left d-inline-block   rounded-0\"  ><img loading=\"lazy\" decoding=\"async\" width=\"151\" height=\"151\" src=\"\/wp-content\/uploads\/2025\/12\/alert-1.png\" class=\"pix-img-elem rounded-0\" alt=\"Image link\" srcset=\"\/wp-content\/uploads\/2025\/12\/alert-1.png 151w, \/wp-content\/uploads\/2025\/12\/alert-1-75x75.png 75w\" sizes=\"auto, (max-width: 151px) 100vw, 151px\" \/><\/div><\/div><div id=\"el1765482219387-ce1fd0e5-e171\" class=\"w-100 d-block \"><\/div><div id=\"el1756750881284-4086c420-d4ae\" class=\"pix-el-text   w-100  \" ><p class=\"\"><div style=\"display: flex; flex-direction: column; gap: 10px; align-items: flex-start;\">\n<h5><span style=\"color: #000000;\">D\u00e9fis financiers<\/span><\/h5>\n<p>Les difficult\u00e9s \u00e0 pr\u00e9voir et \u00e0 contr\u00f4ler les budgets d\u2019avantages sociaux augmentent les co\u00fbts li\u00e9s aux r\u00e9clamations et aux frais g\u00e9n\u00e9raux.<\/p>\n<\/div><\/div>[\/vc_column_inner][vc_column_inner width=\u00a0\u00bb1\/4&Prime;]<div id=\"img-54207cf5604346232bc3d88d0ae71d83\" class=\"pix-img-element d-inline-block \" ><div class=\"pix-img-el     text-left d-inline-block   rounded-0\"  ><img loading=\"lazy\" decoding=\"async\" width=\"151\" height=\"151\" src=\"\/wp-content\/uploads\/2025\/12\/alert-1.png\" class=\"pix-img-elem rounded-0\" alt=\"Image link\" srcset=\"\/wp-content\/uploads\/2025\/12\/alert-1.png 151w, \/wp-content\/uploads\/2025\/12\/alert-1-75x75.png 75w\" sizes=\"auto, (max-width: 151px) 100vw, 151px\" \/><\/div><\/div><div id=\"el1765482275314-9bcc0a74-83d6\" class=\"w-100 d-block \"><\/div><div id=\"el1756750893349-b619598a-28d6\" class=\"pix-el-text   w-100  \" ><p class=\"\"><div style=\"display: flex; flex-direction: column; gap: 10px; align-items: flex-start;\">\n<h5><span style=\"color: #000000;\">D\u00e9fis li\u00e9s aux risques et \u00e0 la conformit\u00e9<\/span><\/h5>\n<p>Erreurs dans le r\u00e8glement des r\u00e9clamations, lacunes dans les services ou insuffisance des rapports et de la supervision<\/p>\n<\/div><\/div>[\/vc_column_inner][vc_column_inner width=\u00a0\u00bb1\/4&Prime;]<div id=\"img-54207cf5604346232bc3d88d0ae71d83\" class=\"pix-img-element d-inline-block \" ><div class=\"pix-img-el     text-left d-inline-block   rounded-0\"  ><img loading=\"lazy\" decoding=\"async\" width=\"151\" height=\"151\" src=\"\/wp-content\/uploads\/2025\/12\/alert-1.png\" class=\"pix-img-elem rounded-0\" alt=\"Image link\" srcset=\"\/wp-content\/uploads\/2025\/12\/alert-1.png 151w, \/wp-content\/uploads\/2025\/12\/alert-1-75x75.png 75w\" sizes=\"auto, (max-width: 151px) 100vw, 151px\" \/><\/div><\/div><div id=\"el1765482290415-8cb0015d-595f\" class=\"w-100 d-block \"><\/div><div id=\"el1756750899675-8800a657-c9ae\" class=\"pix-el-text   w-100  \" ><p class=\"\"><div style=\"display: flex; flex-direction: column; gap: 10px; align-items: flex-start;\">\n<h5><span style=\"color: #000000;\">D\u00e9fis li\u00e9s \u00e0 l\u2019exp\u00e9rience des employ\u00e9s et des membres<\/span><\/h5>\n<p>R\u00e9solution lente des r\u00e9clamations, confusion entourant les processus et soutien insuffisant lorsque les \u00e9quipes sont surcharg\u00e9es<\/p>\n<\/div><\/div>[\/vc_column_inner][\/vc_row_inner][vc_row_inner el_id=\u00a0\u00bbfiliale-4&Prime;][vc_column_inner el_id=\u00a0\u00bbfiliale-4-1&Prime;]<a  href=\"#third-party-services-intro\" class=\"btn mb-2 arrow-right-back-white-hover     btn-primary d-inline-flex align-items-center      btn-md\"     ><span class=\" \" >En savoir plus sur nos solutions !<\/span><\/a>[\/vc_column_inner][\/vc_row_inner][vc_empty_space height=\u00a0\u00bb100px\u00a0\u00bb][\/vc_column][\/vc_row][vc_row content_placement=\u00a0\u00bbmiddle\u00a0\u00bb pix_particles_check=\u00a0\u00bb\u00a0\u00bb el_id=\u00a0\u00bbfaq-devis\u00a0\u00bb el_class=\u00a0\u00bbwidth1090 faq-landing-width spaceplus option-assistance\u00a0\u00bb][vc_column width=\u00a0\u00bb1\/2&Prime; el_id=\u00a0\u00bbfaq-devis-1&Prime;]<div id=\"img-17ed20647a912c86a7407918109d55cc\" class=\"pix-img-element d-inline-block \" ><div class=\"pix-img-el     text-right d-inline-block  w-100 rounded-10\"  ><img loading=\"lazy\" decoding=\"async\" width=\"500\" height=\"571\" src=\"\/wp-content\/uploads\/2025\/10\/reporting.png\" class=\"pix-img-elem rounded-10\" alt=\"Image link\" srcset=\"\/wp-content\/uploads\/2025\/10\/reporting.png 500w, \/wp-content\/uploads\/2025\/10\/reporting-263x300.png 263w\" sizes=\"auto, (max-width: 500px) 100vw, 500px\" \/><\/div><\/div>[\/vc_column][vc_column width=\u00a0\u00bb1\/2&Prime; el_id=\u00a0\u00bbfaq-devis-2&Prime;]<div id=\"el1755277106094-cf751fd6-748f\" class=\"pix-el-text   w-100  \" ><p class=\"\"><h2>Nous comprenons le<br \/>\n<span style=\"color: #7900f0;\">soutien dont vous avez besoin<\/span><\/h2>\n<p>Et nous sommes l\u00e0 pour vous soutenir.<\/p>\n<\/p><\/div><div id=\"el1757499393839-aa6be4fe-3b30\" class=\"pix-el-text   w-100  \" ><p class=\"\"><ul class=\"offre-garanties-list\">\n<li>R\u00e8glement des r\u00e9clamations, services de facturation, communications avec les clients \u2014 nous nous occupons de tout, sans sous-traitance, avec des rapports transparents \u00e0 chaque \u00e9tape.<\/li>\n<li>Nos \u00e9quipes disposent de l\u2019expertise, des syst\u00e8mes et de la formation n\u00e9cessaires pour aider votre entreprise \u00e0 r\u00e9duire ses co\u00fbts gr\u00e2ce \u00e0 une gestion de dossiers et une analyse des r\u00e9clamations efficaces et rentables.<\/li>\n<li>Forts de plusieurs d\u00e9cennies d\u2019exp\u00e9rience en gestion de dossiers \u00e0 l\u2019\u00e9chelle mondiale, nous sommes en mesure d\u2019offrir une assistance voyage et m\u00e9dicale mondiale et multilingue, y compris l\u2019\u00e9vacuation et le rapatriement, 24 heures sur 24, 365 jours par ann\u00e9e.<\/li>\n<li>Peu importe vos besoins \u2014 service complet, \u00e0 la carte ou marque blanche \u2014 ou la taille de votre entreprise, notre r\u00f4le est de simplifier le v\u00f4tre.<\/li>\n<\/ul>\n<\/p><\/div><a  href=\"https:\/\/www.americas.msh-intl.com\/contact-us\/\" class=\"btn mb-2 rdv-btn arrow-right-back-white-hover   vc_custom_1778532771170   btn-primary d-inline-flex align-items-center      btn-md\" target=\"_blank\" rel=\"noopener\"    ><span class=\" \" >Communiquez avec nous d\u00e8s maintenant<\/span><\/a>[\/vc_column][\/vc_row][vc_row full_width=\u00a0\u00bbstretch_row\u00a0\u00bb pix_particles_check=\u00a0\u00bb\u00a0\u00bb btn_text=\u00a0\u00bbObtenir un devis\u00a0\u00bb btn_target=\u00a0\u00bb\u00a0\u00bb btn_popup_id=\u00a0\u00bb\u00a0\u00bb btn_title_bold=\u00a0\u00bb\u00a0\u00bb btn_italic=\u00a0\u00bb\u00a0\u00bb btn_secondary_font=\u00a0\u00bb\u00a0\u00bb btn_style=\u00a0\u00bb\u00a0\u00bb btn_color=\u00a0\u00bbprimary\u00a0\u00bb btn_remove_padding=\u00a0\u00bb\u00a0\u00bb btn_text_color=\u00a0\u00bb\u00a0\u00bb btn_size=\u00a0\u00bbmd\u00a0\u00bb btn_rounded=\u00a0\u00bb\u00a0\u00bb btn_effect=\u00a0\u00bb\u00a0\u00bb btn_hover_effect=\u00a0\u00bb\u00a0\u00bb btn_add_hover_effect=\u00a0\u00bb\u00a0\u00bb btn_icon_position=\u00a0\u00bb\u00a0\u00bb btn_icon_animation=\u00a0\u00bb\u00a0\u00bb btn_full=\u00a0\u00bb\u00a0\u00bb btn_text_align=\u00a0\u00bbtext-center\u00a0\u00bb btn_div=\u00a0\u00bb\u00a0\u00bb btn_animation=\u00a0\u00bb\u00a0\u00bb btn_link=\u00a0\u00bb#\u00a0\u00bb btn_class=\u00a0\u00bbarrow-right-back-white-hover btn-devis\u00a0\u00bb btn_text_custom_color=\u00a0\u00bb\u00a0\u00bb btn_icon=\u00a0\u00bb\u00a0\u00bb btn_anim_delay=\u00a0\u00bb\u00a0\u00bb btn_id=\u00a0\u00bb\u00a0\u00bb css=\u00a0\u00bb.vc_custom_1765814019815{padding-top: 64px !important;padding-bottom: 64px !important;background-color: #7900F000 !important;background-position: center !important;background-repeat: no-repeat !important;background-size: contain !important;}\u00a0\u00bb el_id=\u00a0\u00bbthird-party-services-intro\u00a0\u00bb][vc_column][vc_row_inner el_class=\u00a0\u00bbwidth1090&Prime;][vc_column_inner]<div id=\"el1765570625731-bef3c612-544a\" class=\"pix-el-text   w-100   vc_custom_1778532851329\" ><p class=\"\"><h2 style=\"color: #000000; text-align: center; max-width: 100%; margin: 0 auto;\">Notre solution :<br \/>\n<span style=\"color: #7900f0;\">Services d\u2019administrateur tiers<\/span><\/h2>\n<\/p><\/div><div id=\"el1765570625741-4e8dcfc7-abdc\" class=\"pix-el-text   w-100 text-center \" ><div class=\"d-inline-block\" style=\"max-width:80%;\"><p class=\"text-center\"><p>\u00c0 titre d\u2019administrateur tiers (TPA), MSH g\u00e8re l\u2019administration compl\u00e8te des r\u00e9gimes d\u2019avantages sociaux collectifs, offre une assistance d\u2019urgence et supervise l\u2019ensemble du processus de r\u00e9clamation \u2014 afin que votre organisation demeure efficace et ax\u00e9e sur sa rentabilit\u00e9.<\/p>\n<\/p><\/div><\/div>[\/vc_column_inner][\/vc_row_inner][vc_row_inner equal_height=\u00a0\u00bbyes\u00a0\u00bb gap=\u00a0\u00bb30&Prime; el_class=\u00a0\u00bbwidth1090&Prime; css=\u00a0\u00bb.vc_custom_1765577385896{padding-top: 30px !important;padding-bottom: 30px !important;}\u00a0\u00bb][vc_column_inner width=\u00a0\u00bb1\/4&Prime; content_align=\u00a0\u00bbtext-center\u00a0\u00bb]<div id=\"img-ee9d361d3da9deef6a4eb68b37c50658\" class=\"pix-img-element d-inline-block \" ><div class=\"pix-img-el     text-center d-inline-block   rounded-0\"  ><img decoding=\"async\" src=\"\/wp-content\/uploads\/2025\/12\/icon-headphone.svg\" class=\"pix-img-elem rounded-0\" alt=\"Image link\" \/><\/div><\/div><div id=\"el1765570625791-2fed7c28-b815\" class=\"pix-el-text   w-100 text-center \" ><p class=\"text-center\"><div class=\"card-info\">\n<h3 class=\"card-title\">Gamme compl\u00e8te de services \u00e0 l\u2019interne<\/h3>\n<\/div><\/div>[\/vc_column_inner][vc_column_inner width=\u00a0\u00bb1\/4&Prime; content_align=\u00a0\u00bbtext-center\u00a0\u00bb]<div id=\"img-8016d3ac55619a37d4aea5cd427ccece\" class=\"pix-img-element d-inline-block \" ><div class=\"pix-img-el     text-left d-inline-block   rounded-0\"  ><img decoding=\"async\" src=\"\/wp-content\/uploads\/2025\/12\/icon-cost.svg\" class=\"pix-img-elem rounded-0\" alt=\"Image link\" \/><\/div><\/div><div id=\"el1765570625842-3658996c-0a0a\" class=\"pix-el-text   w-100 text-center \" ><p class=\"text-center\"><div class=\"card-info\">\n<h3 class=\"card-title\">R\u00e9duction et ma\u00eetrise des co\u00fbts<\/h3>\n<\/div><\/div>[\/vc_column_inner][vc_column_inner width=\u00a0\u00bb1\/4&Prime; content_align=\u00a0\u00bbtext-center\u00a0\u00bb]<div id=\"img-ffabdffb2378d9dba2efd8744de5cc22\" class=\"pix-img-element d-inline-block \" ><div class=\"pix-img-el     text-left d-inline-block   rounded-0\"  ><img decoding=\"async\" src=\"\/wp-content\/uploads\/2025\/09\/globe-1.svg\" class=\"pix-img-elem rounded-0\" alt=\"Image link\" \/><\/div><\/div><div id=\"el1765570625892-df4e0c63-7c7d\" class=\"pix-el-text   w-100 text-center \" ><p class=\"text-center\"><div class=\"card-info\">\n<h3 class=\"card-title\">Assistance d\u2019urgence fiable \u00e0 l\u2019\u00e9chelle mondiale<\/h3>\n<p class=\"card-text\">\n<\/div><\/div>[\/vc_column_inner][vc_column_inner width=\u00a0\u00bb1\/4&Prime; content_align=\u00a0\u00bbtext-center\u00a0\u00bb]<div id=\"img-8cb9e297eadd8f756c8f4a3afbb3df2f\" class=\"pix-img-element d-inline-block \" ><div class=\"pix-img-el     text-left d-inline-block   rounded-0\"  ><img decoding=\"async\" src=\"\/wp-content\/uploads\/2025\/12\/icon-design.svg\" class=\"pix-img-elem rounded-0\" alt=\"Image link\" \/><\/div><\/div><div id=\"el1765570625943-5c5d7bec-0688\" class=\"pix-el-text   w-100 text-center \" ><p class=\"text-center\"><div class=\"card-info\">\n<h3 class=\"card-title\">Solutions simples et \u00e9volutives pour tous<\/h3>\n<\/div><\/div>[\/vc_column_inner][\/vc_row_inner]<div class=\"d-block w-100 text-center\"><a  href=\"\/fr\/services-de-tiers-administrateur-ta\/\" class=\"btn mb-2 arrow-right-back-purple-hover     btn-primary d-inline-flex align-items-center      pix-btn-div btn-md\" target=\"_blank\" rel=\"noopener\"    ><span class=\" \" >En savoir plus sur nos services TPA<\/span><\/a><\/div>[\/vc_column][\/vc_row][vc_row css_animation=\u00a0\u00bbnone\u00a0\u00bb pix_particles_check=\u00a0\u00bb\u00a0\u00bb el_id=\u00a0\u00bbASOContactUs\u00a0\u00bb el_class=\u00a0\u00bbaction\u00a0\u00bb][vc_column el_class=\u00a0\u00bbaction-wrapper\u00a0\u00bb][vc_row_inner el_class=\u00a0\u00bbwidth1090&Prime;][vc_column_inner]<div id=\"el1765467927423-6f501c5a-1dda\" class=\"pix-el-text   w-100   vc_custom_1778533331663\" ><p class=\"\"><h2 style=\"text-align: center;\">Communiquez avec nous aujourd\u2019hui pour en savoir plus<\/h2>\n<\/p><\/div><div id=\"el1765472884720-ca946006-7581\" class=\"pix-el-text   w-100  \" ><p class=\"\"><div style=\"display: flex; justify-content: center; align-items: stretch; gap: 10px;\"><\/div>\n<p><!-- Middle column --><\/p>\n<div style=\"flex: 1; display: flex; align-items: center; justify-content: center; padding: 0 10px;\">\n<div class=\"expat-card\" style=\"text-align: center; white-space: nowrap;\">\n<h2 style=\"margin: 0; color: #ffffff; font-size: 25px;\">helpline@americas.msh-intl.com<\/h2>\n<\/div>\n<\/div><\/div>[\/vc_column_inner][\/vc_row_inner][\/vc_column][\/vc_row][vc_row pix_particles_check=\u00a0\u00bb\u00a0\u00bb][vc_column][vc_empty_space height=\u00a0\u00bb125px\u00a0\u00bb][\/vc_column][\/vc_row]<\/div>","protected":false},"excerpt":{"rendered":"Protect your workforce","protected":false},"author":1,"featured_media":12079,"parent":0,"menu_order":0,"comment_status":"closed","ping_status":"closed","template":"","meta":{"_acf_changed":false,"footnotes":""},"categories":[21,22],"class_list":["post-14981","page","type-page","status-publish","has-post-thumbnail","hentry","category-partenaires-distributeurs","category-reseau-medical"],"acf":[],"_links":{"self":[{"href":"https:\/\/www.americas.msh-intl.com\/fr\/wp-json\/wp\/v2\/pages\/14981","targetHints":{"allow":["GET"]}}],"collection":[{"href":"https:\/\/www.americas.msh-intl.com\/fr\/wp-json\/wp\/v2\/pages"}],"about":[{"href":"https:\/\/www.americas.msh-intl.com\/fr\/wp-json\/wp\/v2\/types\/page"}],"author":[{"embeddable":true,"href":"https:\/\/www.americas.msh-intl.com\/fr\/wp-json\/wp\/v2\/users\/1"}],"replies":[{"embeddable":true,"href":"https:\/\/www.americas.msh-intl.com\/fr\/wp-json\/wp\/v2\/comments?post=14981"}],"version-history":[{"count":6,"href":"https:\/\/www.americas.msh-intl.com\/fr\/wp-json\/wp\/v2\/pages\/14981\/revisions"}],"predecessor-version":[{"id":14988,"href":"https:\/\/www.americas.msh-intl.com\/fr\/wp-json\/wp\/v2\/pages\/14981\/revisions\/14988"}],"wp:featuredmedia":[{"embeddable":true,"href":"https:\/\/www.americas.msh-intl.com\/fr\/wp-json\/wp\/v2\/media\/12079"}],"wp:attachment":[{"href":"https:\/\/www.americas.msh-intl.com\/fr\/wp-json\/wp\/v2\/media?parent=14981"}],"wp:term":[{"taxonomy":"category","embeddable":true,"href":"https:\/\/www.americas.msh-intl.com\/fr\/wp-json\/wp\/v2\/categories?post=14981"}],"curies":[{"name":"wp","href":"https:\/\/api.w.org\/{rel}","templated":true}]}}