
  {"id":2062,"date":"2025-08-26T11:55:38","date_gmt":"2025-08-26T11:55:38","guid":{"rendered":"https:\/\/www.msh-intl.4beez.link\/?page_id=2062"},"modified":"2025-11-03T04:25:47","modified_gmt":"2025-11-03T04:25:47","slug":"nos-partenaires","status":"publish","type":"page","link":"https:\/\/www.americas.msh-intl.com\/fr\/nos-partenaires\/","title":{"rendered":"Nos partenaires"},"content":{"rendered":"<div class=\"wpb-content-wrapper\">[vc_row full_width=\u00a0\u00bbstretch_row_content\u00a0\u00bb pix_particles_check=\u00a0\u00bb\u00a0\u00bb el_class=\u00a0\u00bbheader-classic courbe1&Prime; el_id=\u00a0\u00bbheader-classic-our-partners\u00a0\u00bb][vc_column]<div id=\"el1756209302529-298a4685-385d\" class=\"pix-el-text   w-100  \" ><p class=\"\"><h1 style=\"text-align: center;\">Nos partenaires<\/h1>\n<p style=\"text-align: center;\">D\u00e9couvrez nos partenaires assureurs qui s&rsquo;engagent \u00e0 vous offrir des solutions sur mesure. Ensemble, nous cr\u00e9ons des synergies pour garantir votre tranquillit\u00e9 d&rsquo;esprit. Gr\u00e2ce \u00e0 leur expertise, nous vous proposons des produits innovants adapt\u00e9s \u00e0 vos besoins.<\/p>\n<\/p><\/div>[\/vc_column][\/vc_row][vc_row pix_particles_check=\u00a0\u00bb\u00a0\u00bb el_id=\u00a0\u00bbpartners\u00a0\u00bb][vc_column]<div id=\"el1756209377261-3ab1dbfb-0c13\" class=\"pix-el-text   w-100  \" ><p class=\"\">                                                                <div class=\"partners-grid\">\n                                                                                                                                            <article class=\"partner-item\">\n                                                                                        <div class=\"partner-logo\">\n                                                                                    <img decoding=\"async\" src=\"\/wp-content\/uploads\/2025\/08\/AXA-Assistance.png\" alt=\"AXA Assistance\" loading=\"lazy\" \/>\n                                                                                <\/div>\n        \n                                                                            <div class=\"partner-content\">\n                                                                                                                                                                        <div class=\"partner-title\">\n                                                                                    <h3>Axa<\/h3>\n                                                                                    <\/div>\n                                                                                \n                                                                                                                                                                        <div class=\"partner-text\">\n                                                                                    <p>AXA, leader mondial en assurance sant\u00e9 et pr\u00e9voyance, prot\u00e8ge 105 millions de clients dans 54 pays.<br \/>\nPartenaire privil\u00e9gi\u00e9 de MSH international depuis plus de 45 ans, AXA porte le risque pour les contrats collectifs sant\u00e9 et pr\u00e9voyance au 1er\u00a0euro ou 1er\u00a0USD et en compl\u00e9ment de la Caisse des Fran\u00e7ais de l\u2019Etranger (CFE) ainsi que pour les contrats individuels sant\u00e9 et pr\u00e9voyance au 1er\u00a0euro ou 1er\u00a0USD et en compl\u00e9ment de la CFE.<\/p>\n                                                                                    <\/div>\n                                                                                \n                                                                                    <\/div>\n                                                                        <\/article>\n                                                                                                                                        <article class=\"partner-item\">\n                                                                                        <div class=\"partner-logo\">\n                                                                                    <img decoding=\"async\" src=\"\/wp-content\/uploads\/2025\/08\/Allianz.png\" alt=\"Allianz\" loading=\"lazy\" \/>\n                                                                                <\/div>\n        \n                                                                            <div class=\"partner-content\">\n                                                                                                                                                                        <div class=\"partner-title\">\n                                                                                    <h3>Allianz<\/h3>\n                                                                                    <\/div>\n                                                                                \n                                                                                                                                                                        <div class=\"partner-text\">\n                                                                                    <p>Allianz, assureur mondialement reconnu, couvre tous les besoins en assurance (dommages, sant\u00e9, vie), assistance et services financiers de 100 millions de clients dans plus de 70 pays.<br \/>\nPartenaire privil\u00e9gi\u00e9 de MSH International, Allianz porte le risque pour les r\u00e9gimes collectifs sant\u00e9 et pr\u00e9voyance au 1er\u00a0euro, 1er\u00a0USD ou en compl\u00e9ment de la Caisse des fran\u00e7ais de l\u2019\u00e9tranger (CFE).<\/p>\n                                                                                    <\/div>\n                                                                                \n                                                                                    <\/div>\n                                                                        <\/article>\n                                                                                                                                        <article class=\"partner-item\">\n                                                                                        <div class=\"partner-logo\">\n                                                                                    <img decoding=\"async\" src=\"\/wp-content\/uploads\/2025\/08\/Chubb.png\" alt=\"Chubb\" loading=\"lazy\" \/>\n                                                                                <\/div>\n        \n                                                                            <div class=\"partner-content\">\n                                                                                                                                                                        <div class=\"partner-title\">\n                                                                                    <h3>Chubb<\/h3>\n                                                                                    <\/div>\n                                                                                \n                                                                                                                                                                        <div class=\"partner-text\">\n                                                                                    <p>Chubb est le premier assureur IARD cot\u00e9 en bourse au monde. Avec des bureaux dans 54 pays et 31 000 collaborateurs, Chubb propose plus de 200 produits et services aux particuliers et aux entreprises : contrats d\u2019assurance IARD, des produits d\u2019assurance de personnes, des contrats d\u2019assurance-vie et de r\u00e9assurance etc.<br \/>\nChubb porte les risques de Responsabilit\u00e9 Civile des contrats packag\u00e9s collectifs et individuels de MSH International.<\/p>\n                                                                                    <\/div>\n                                                                                \n                                                                                    <\/div>\n                                                                        <\/article>\n                                                                                                                                        <article class=\"partner-item\">\n                                                                                        <div class=\"partner-logo\">\n                                                                                    <img decoding=\"async\" src=\"\/wp-content\/uploads\/2025\/08\/Groupama-Gan-Vie.png\" alt=\"Groupama Gan Vie\" loading=\"lazy\" \/>\n                                                                                <\/div>\n        \n                                                                            <div class=\"partner-content\">\n                                                                                                                                                                        <div class=\"partner-title\">\n                                                                                    <h3>Groupama Gan Vie<\/h3>\n                                                                                    <\/div>\n                                                                                \n                                                                                                                                                                        <div class=\"partner-text\">\n                                                                                    <p>Unique filiale d&rsquo;Assurance de Personnes du Groupe Groupama, avec 4,2 milliards d&rsquo;euros de chiffre d&rsquo;affaires en 2020, Groupama Gan Vie \u00a0con\u00e7oit, souscrit et g\u00e8re des contrats d&rsquo;assurance vie et sant\u00e9 (\u00e9pargne, retraite, pr\u00e9voyance et sant\u00e9).<br \/>\nPartenaire privil\u00e9gi\u00e9 de MSH International, Groupama Gan Vie porte le risque pour les contrats individuels sant\u00e9 et pr\u00e9voyance au 1er euro ou 1er USD et en compl\u00e9ment de la Caisse des Fran\u00e7ais de l\u2019Etranger (CFE).<\/p>\n                                                                                    <\/div>\n                                                                                \n                                                                                    <\/div>\n                                                                        <\/article>\n                                                                                                                                        <article class=\"partner-item\">\n                                                                                        <div class=\"partner-logo\">\n                                                                                    <img decoding=\"async\" src=\"\/wp-content\/uploads\/2025\/08\/EuropAssistance.png\" alt=\"Europ&#039;Assistance\" loading=\"lazy\" \/>\n                                                                                <\/div>\n        \n                                                                            <div class=\"partner-content\">\n                                                                                                                                                                        <div class=\"partner-title\">\n                                                                                    <h3>Europ&rsquo;Assistance<\/h3>\n                                                                                    <\/div>\n                                                                                \n                                                                                                                                                                        <div class=\"partner-text\">\n                                                                                    <p>MSH International a accord\u00e9 sa confiance au Groupe Europ Assistance, inventeur du m\u00e9tier de l\u2019assistance.<br \/>\nEurop Assistance intervient partout dans le monde pour apporter \u00e0 ses clients, entreprises et particuliers, des solutions appropri\u00e9es aux situations exceptionnelles ou \u00e0 celles de la vie quotidienne, 24h\/24 et 365 jours par an.<br \/>\nEurop Assistance porte les risques Evacuation M\u00e9dicale et Assistance rapatriement des contrats packag\u00e9s collectifs et individuels de MSH International.<\/p>\n                                                                                    <\/div>\n                                                                                \n                                                                                    <\/div>\n                                                                        <\/article>\n                                                                                                                                        <article class=\"partner-item\">\n                                                                                        <div class=\"partner-logo\">\n                                                                                    <img decoding=\"async\" src=\"\/wp-content\/uploads\/2025\/08\/International-SOS.png\" alt=\"International SOS\" loading=\"lazy\" \/>\n                                                                                <\/div>\n        \n                                                                            <div class=\"partner-content\">\n                                                                                                                                                                        <div class=\"partner-title\">\n                                                                                    <h3>International SOS<\/h3>\n                                                                                    <\/div>\n                                                                                \n                                                                                                                                                                        <div class=\"partner-text\">\n                                                                                    <p>International SOS est un leader mondial en assistance m\u00e9dicale et s\u00e9curit\u00e9 \u00e0 l\u2019attention des salari\u00e9s, expatri\u00e9s ou voyageurs d\u2019affaires. Ses services incluent la planification et la mise en place des programmes pr\u00e9ventifs, de l&rsquo;information d\u00e9livr\u00e9e par des experts Pays et de l&rsquo;assistance m\u00e9dicale et s\u00e9curit\u00e9.<br \/>\nPour ce faire, International SOS s\u2019appuie sur un r\u00e9seau de 80 000 partenaires dans le monde.<br \/>\nInternational SOS fournit les services d\u2019assistance m\u00e9dicale et de s\u00e9curit\u00e9 d\u2019une partie des contrats collectifs grands comptes de MSH International.<\/p>\n                                                                                    <\/div>\n                                                                                \n                                                                                    <\/div>\n                                                                        <\/article>\n                                                                                                                                        <article class=\"partner-item\">\n                                                                                        <div class=\"partner-logo\">\n                                                                                    <img decoding=\"async\" src=\"\/wp-content\/uploads\/2025\/08\/Axa.png\" alt=\"Axa\" loading=\"lazy\" \/>\n                                                                                <\/div>\n        \n                                                                            <div class=\"partner-content\">\n                                                                                                                                                                        <div class=\"partner-title\">\n                                                                                    <h3>AXA Assistance<\/h3>\n                                                                                    <\/div>\n                                                                                \n                                                                                                                                                                        <div class=\"partner-text\">\n                                                                                    <p>AXA Assistance figure parmi les leaders mondiaux de l\u2019assistance et s\u2019appuie pour cela sur un r\u00e9seau de prestataires, r\u00e9guli\u00e8rement contr\u00f4l\u00e9 et enrichi, et des partenaires sp\u00e9cialis\u00e9s. AXA Assistance est ainsi \u00e0 m\u00eame de mobiliser des professionnels dans les plus brefs d\u00e9lais partout sur la plan\u00e8te.<br \/>\nPr\u00e9sent dans 34 pays, AXA Assistance effectue plus de 13 000 rapatriements par an.<br \/>\nAXA Assistance fournit les services d\u2019assistance m\u00e9dicale et de s\u00e9curit\u00e9 d\u2019une partie des contrats collectifs grands comptes de MSH International.<\/p>\n                                                                                    <\/div>\n                                                                                \n                                                                                    <\/div>\n                                                                        <\/article>\n                                                                                                                                <\/div><\/div>[\/vc_column][\/vc_row][vc_row css_animation=\u00a0\u00bbnone\u00a0\u00bb pix_particles_check=\u00a0\u00bb\u00a0\u00bb el_class=\u00a0\u00bbaction\u00a0\u00bb][vc_column el_class=\u00a0\u00bbaction-wrapper\u00a0\u00bb]<div id=\"el1750338847905-5362e7e6-6fba\" class=\"pix-el-text   w-100  \" ><p class=\"\"><h2 style=\"text-align: center;\">Et si on passait<br \/>\n\u00e0 l\u2019\u00e9tape suivante ?<\/h2>\n<\/p><\/div><a  href=\"\/comparaisons-offres-msh\" class=\"btn mb-2 arrow-right-back-white-hover btn-devis     btn-primary d-inline-flex align-items-center      btn-md\"     ><span class=\" \" >Trouver l\u2019offre adapt\u00e9e<\/span><\/a>[\/vc_column][\/vc_row]<\/div>","protected":false},"excerpt":{"rendered":"[vc_row full_width=\u00a0\u00bbstretch_row_content\u00a0\u00bb pix_particles_check=\u00a0\u00bb\u00a0\u00bb el_class=\u00a0\u00bbheader-classic courbe1&Prime; el_id=\u00a0\u00bbheader-classic-our-partners\u00a0\u00bb][vc_column][\/vc_column][\/vc_row][vc_row pix_particles_check=\u00a0\u00bb\u00a0\u00bb el_id=\u00a0\u00bbpartners\u00a0\u00bb][vc_column][\/vc_column][\/vc_row][vc_row css_animation=\u00a0\u00bbnone\u00a0\u00bb pix_particles_check=\u00a0\u00bb\u00a0\u00bb el_class=\u00a0\u00bbaction\u00a0\u00bb][vc_column el_class=\u00a0\u00bbaction-wrapper\u00a0\u00bb][\/vc_column][\/vc_row]","protected":false},"author":1,"featured_media":0,"parent":0,"menu_order":0,"comment_status":"closed","ping_status":"closed","template":"","meta":{"_acf_changed":false,"footnotes":""},"categories":[],"class_list":["post-2062","page","type-page","status-publish","hentry"],"acf":[],"_links":{"self":[{"href":"https:\/\/www.americas.msh-intl.com\/fr\/wp-json\/wp\/v2\/pages\/2062","targetHints":{"allow":["GET"]}}],"collection":[{"href":"https:\/\/www.americas.msh-intl.com\/fr\/wp-json\/wp\/v2\/pages"}],"about":[{"href":"https:\/\/www.americas.msh-intl.com\/fr\/wp-json\/wp\/v2\/types\/page"}],"author":[{"embeddable":true,"href":"https:\/\/www.americas.msh-intl.com\/fr\/wp-json\/wp\/v2\/users\/1"}],"replies":[{"embeddable":true,"href":"https:\/\/www.americas.msh-intl.com\/fr\/wp-json\/wp\/v2\/comments?post=2062"}],"version-history":[{"count":15,"href":"https:\/\/www.americas.msh-intl.com\/fr\/wp-json\/wp\/v2\/pages\/2062\/revisions"}],"predecessor-version":[{"id":10494,"href":"https:\/\/www.americas.msh-intl.com\/fr\/wp-json\/wp\/v2\/pages\/2062\/revisions\/10494"}],"wp:attachment":[{"href":"https:\/\/www.americas.msh-intl.com\/fr\/wp-json\/wp\/v2\/media?parent=2062"}],"wp:term":[{"taxonomy":"category","embeddable":true,"href":"https:\/\/www.americas.msh-intl.com\/fr\/wp-json\/wp\/v2\/categories?post=2062"}],"curies":[{"name":"wp","href":"https:\/\/api.w.org\/{rel}","templated":true}]}}