
  {"id":2141,"date":"2025-08-26T15:55:01","date_gmt":"2025-08-26T15:55:01","guid":{"rendered":"https:\/\/www.msh-intl.4beez.link\/?page_id=2141"},"modified":"2025-11-12T03:18:42","modified_gmt":"2025-11-12T02:18:42","slug":"temoignages","status":"publish","type":"page","link":"https:\/\/www.americas.msh-intl.com\/fr\/temoignages\/","title":{"rendered":"T\u00e9moignages"},"content":{"rendered":"<div class=\"wpb-content-wrapper\">[vc_row full_width=\u00a0\u00bbstretch_row_content\u00a0\u00bb pix_particles_check=\u00a0\u00bb\u00a0\u00bb el_class=\u00a0\u00bbheader-classic courbe3&Prime; el_id=\u00a0\u00bbtemoignages-header-classic\u00a0\u00bb][vc_column]<div id=\"el1756223672029-c0b40547-5ee6\" class=\"pix-el-text   w-100  \" ><p class=\"\"><h1 style=\"text-align: center;\">Plus de 700 000 assur\u00e9s<br \/>\n<span style=\"color: #7900f0;\">nous font confiance pour leur sant\u00e9<\/span><\/h1>\n<p style=\"text-align: center;\">Partout dans le monde, nos assur\u00e9s vivent une aventure enrichissante, qu\u2019elle soit personnelle ou professionnelle. Avec MSH \u00e0 leurs c\u00f4t\u00e9s, m\u00eame les moments les plus difficiles peuvent se transformer en bons souvenirs. Lisez les t\u00e9moignages de nos clients pour d\u00e9couvrir comment nous pouvons vous prot\u00e9ger et vous accompagner \u00e0 l\u2019\u00e9tranger.<\/p>\n<\/p><\/div>[\/vc_column][\/vc_row][vc_row pix_particles_check=\u00a0\u00bb\u00a0\u00bb el_id=\u00a0\u00bbtemoignages\u00a0\u00bb][vc_column]<div id=\"el1756246121670-c99d86ef-00b5\" class=\"pix-el-text   w-100  \" ><p class=\"\">                                                                <div id=\"temoignages-container\" class=\"temoignages-wrapper\">\n                                                                            <div class=\"temoignages-tabs-container\">    \n                                                                            <div class=\"temoignages-tabs\">\n                                                                                                                                                                    <button class=\"temoignages-tab active\" \n                                                                                            data-category=\"particuliers\">\n                                                                                                                                                                                        <img decoding=\"async\" src=\"\/wp-content\/uploads\/2025\/06\/icon-persons.svg\" alt=\"Particuliers\" class=\"temoignages-tab-icon\">\n                                                                                                        <span class=\"temoignages-tab-text\">Particuliers<\/span>\n                                                                                    <\/button>\n                                                                                    <\/div>\n                                                                        <\/div>\n    \n                                                                    <div id=\"temoignages-content\" class=\"temoignages-content\">\n                                                                        <div id=\"temoignages-loading\" style=\"display: none; text-align: center; padding: 20px;\">\n                                                                            <span>Loading...<\/span>\n                                                                        <\/div>\n                                                                        <div class=\"temoignages-grid\"><div class=\"temoignage-item\"><div class=\"temoignage-image\"><a href=\"https:\/\/www.americas.msh-intl.com\/fr\/categorie\/jade-directrice-generale\/\"><img loading=\"lazy\" decoding=\"async\" width=\"222\" height=\"300\" src=\"\/wp-content\/uploads\/2025\/08\/Design-sans-titre6-222x300.png\" class=\"attachment-medium size-medium wp-post-image\" alt=\"\" srcset=\"\/wp-content\/uploads\/2025\/08\/Design-sans-titre6-222x300.png 222w, \/wp-content\/uploads\/2025\/08\/Design-sans-titre6.png 350w\" sizes=\"auto, (max-width: 222px) 100vw, 222px\" \/><\/a><\/div><div class=\"temoignage-content\"><div class=\"temoignage-content-2\"><h2 class=\"temoignage-title\"><a href=\"https:\/\/www.americas.msh-intl.com\/fr\/categorie\/jade-directrice-generale\/\">Jade, Directrice G\u00e9n\u00e9rale<\/a><\/h2><div class=\"temoignage-excerpt\">Expertise - Confiance - Accompagnement<\/div><\/div><div class=\"temoignage-meta\"><span class=\"temoignage-date\">26 ao\u00fbt 2025<\/span> - <span class=\"presse-author\">Par <u>Agency_4Beez<\/u><\/span><\/div><\/div><\/div><div class=\"temoignage-item\"><div class=\"temoignage-image\"><a href=\"https:\/\/www.americas.msh-intl.com\/fr\/categorie\/marc-directeur-dune-oi\/\"><img loading=\"lazy\" decoding=\"async\" width=\"222\" height=\"300\" src=\"\/wp-content\/uploads\/2025\/08\/Design-sans-titre7-222x300.png\" class=\"attachment-medium size-medium wp-post-image\" alt=\"\" srcset=\"\/wp-content\/uploads\/2025\/08\/Design-sans-titre7-222x300.png 222w, \/wp-content\/uploads\/2025\/08\/Design-sans-titre7.png 350w\" sizes=\"auto, (max-width: 222px) 100vw, 222px\" \/><\/a><\/div><div class=\"temoignage-content\"><div class=\"temoignage-content-2\"><h2 class=\"temoignage-title\"><a href=\"https:\/\/www.americas.msh-intl.com\/fr\/categorie\/marc-directeur-dune-oi\/\">Marc, Directeur d&rsquo;une OI<\/a><\/h2><div class=\"temoignage-excerpt\">Engagement - Assistance - Confiance<\/div><\/div><div class=\"temoignage-meta\"><span class=\"temoignage-date\">26 ao\u00fbt 2025<\/span> - <span class=\"presse-author\">Par <u>Agency_4Beez<\/u><\/span><\/div><\/div><\/div><div class=\"temoignage-item\"><div class=\"temoignage-image\"><a href=\"https:\/\/www.americas.msh-intl.com\/fr\/categorie\/marlene-assuree-msh-avec-sa-famille\/\"><img loading=\"lazy\" decoding=\"async\" width=\"252\" height=\"300\" src=\"\/wp-content\/uploads\/2025\/08\/temoignages-marlene-b-1-252x300.jpg\" class=\"attachment-medium size-medium wp-post-image\" alt=\"\" srcset=\"\/wp-content\/uploads\/2025\/08\/temoignages-marlene-b-1-252x300.jpg 252w, \/wp-content\/uploads\/2025\/08\/temoignages-marlene-b-1.jpg 557w\" sizes=\"auto, (max-width: 252px) 100vw, 252px\" \/><\/a><\/div><div class=\"temoignage-content\"><div class=\"temoignage-content-2\"><h2 class=\"temoignage-title\"><a href=\"https:\/\/www.americas.msh-intl.com\/fr\/categorie\/marlene-assuree-msh-avec-sa-famille\/\">Marl\u00e8ne B., Assur\u00e9e MSH avec sa famille<\/a><\/h2><div class=\"temoignage-excerpt\">Famille - Accompagnement - Sant\u00e9<\/div><\/div><div class=\"temoignage-meta\"><span class=\"temoignage-date\">26 ao\u00fbt 2025<\/span> - <span class=\"presse-author\">Par <u>Agency_4Beez<\/u><\/span><\/div><\/div><\/div><\/div><div class=\"msh-pagination\"><a href=\"#\" class=\"page-nav prev disabled\" data-page=\"0\" data-category=\"particuliers\"><<\/a><a href=\"#\" class=\"page-nav next disabled\" data-page=\"2\" data-category=\"particuliers\">><\/a><\/div>                                                                    <\/div>\n                                                                <\/div>\n\n                                                                <script>\n                                                                    document.addEventListener('DOMContentLoaded', function () {\n                                                                        const tabs = document.querySelectorAll('.temoignages-tab');\n                                                                        const paginationLinks = document.querySelectorAll('.msh-pagination a');\n                                                                        const contentContainer = document.getElementById('temoignages-content');\n                                                                        const loading = document.getElementById('temoignages-loading');\n\n                                                                        function loadTemoignages(category, page) {\n                                                                            loading.style.display = 'block';\n                                                                            contentContainer.style.opacity = '0.5';\n\n                                                                            fetch('https:\/\/www.americas.msh-intl.com\/wp-admin\/admin-ajax.php', {\n                                                                                method: 'POST',\n                                                                                headers: {\n                                                                                    'Content-Type': 'application\/x-www-form-urlencoded',\n                                                                                },\n                                                                                body: 'action=load_temoignages&category=' + encodeURIComponent(category) + '&page=' + page + '&posts_per_page=9'\n                                                                            })\n                                                                                    .then(response => response.text())\n                                                                                    .then(data => {\n                                                                                        contentContainer.innerHTML = data;\n                                                                                        loading.style.display = 'none';\n                                                                                        contentContainer.style.opacity = '1';\n\n                                                                                        \/\/ Update active tab\n                                                                                        tabs.forEach(tab => {\n                                                                                            tab.classList.toggle('active', tab.dataset.category === category);\n                                                                                        });\n\n                                                                                        \/\/ Update URL without reloading\n                                                                                        const newUrl = 'https:\/\/www.americas.msh-intl.com\/fr\/wp-json\/wp\/v2\/pages\/2141\/?temoignage_cat=__CATEGORY__&temoignage_page=__PAGE__'\n                                                                                                .replace('__CATEGORY__', category)\n                                                                                                .replace('__PAGE__', page);\n                                                                                        history.pushState({}, '', newUrl);\n\n                                                                                        \/\/ Scroll vers le haut du bloc global\n                                                                                        const container = document.getElementById('temoignages-container');\n                                                                                        if (container) {\n                                                                                            container.scrollIntoView({\n                                                                                                behavior: 'smooth',\n                                                                                                block: 'start'\n                                                                                            });\n                                                                                        }\n\n                                                                                        \/\/ Re-attach event listeners to new pagination links\n                                                                                        attachPaginationListeners();\n                                                                                    })\n                                                                                    .catch(error => {\n                                                                                        console.error('Error:', error);\n                                                                                        loading.style.display = 'none';\n                                                                                        contentContainer.style.opacity = '1';\n                                                                                    });\n                                                                        }\n\n                                                                        function attachPaginationListeners() {\n                                                                            document.querySelectorAll('.msh-pagination a').forEach(link => {\n                                                                                link.addEventListener('click', function (e) {\n                                                                                    e.preventDefault();\n                                                                                    if (!this.classList.contains('disabled')) {\n                                                                                        const category = this.dataset.category;\n                                                                                        const page = this.dataset.page;\n                                                                                        loadTemoignages(category, page);\n                                                                                    }\n                                                                                });\n                                                                            });\n                                                                        }\n\n                                                                        tabs.forEach(tab => {\n                                                                            tab.addEventListener('click', function (e) {\n                                                                                e.preventDefault();\n                                                                                const category = this.dataset.category;\n                                                                                loadTemoignages(category, 1);\n                                                                            });\n                                                                        });\n\n                                                                        attachPaginationListeners();\n                                                                    });\n                                                                <\/script>\n\n                                                                \n<\/p><\/div>[\/vc_column][\/vc_row][vc_row css_animation=\u00a0\u00bbnone\u00a0\u00bb pix_particles_check=\u00a0\u00bb\u00a0\u00bb el_class=\u00a0\u00bbaction\u00a0\u00bb][vc_column el_class=\u00a0\u00bbaction-wrapper\u00a0\u00bb]<div id=\"el1750338847905-5362e7e6-6fba\" class=\"pix-el-text   w-100  \" ><p class=\"\"><h2 style=\"text-align: center;\">Et si on passait<br \/>\n\u00e0 l\u2019\u00e9tape suivante ?<\/h2>\n<\/p><\/div><a  href=\"\/comparaisons-offres-msh\" class=\"btn mb-2 arrow-right-back-white-hover     btn-primary d-inline-flex align-items-center      btn-md\"     ><span class=\" \" >Trouver l\u2019offre adapt\u00e9e<\/span><\/a>[\/vc_column][\/vc_row]<\/div>","protected":false},"excerpt":{"rendered":"[vc_row full_width=\u00a0\u00bbstretch_row_content\u00a0\u00bb pix_particles_check=\u00a0\u00bb\u00a0\u00bb el_class=\u00a0\u00bbheader-classic courbe3&Prime; el_id=\u00a0\u00bbtemoignages-header-classic\u00a0\u00bb][vc_column][\/vc_column][\/vc_row][vc_row pix_particles_check=\u00a0\u00bb\u00a0\u00bb el_id=\u00a0\u00bbtemoignages\u00a0\u00bb][vc_column][\/vc_column][\/vc_row][vc_row css_animation=\u00a0\u00bbnone\u00a0\u00bb pix_particles_check=\u00a0\u00bb\u00a0\u00bb el_class=\u00a0\u00bbaction\u00a0\u00bb][vc_column el_class=\u00a0\u00bbaction-wrapper\u00a0\u00bb][\/vc_column][\/vc_row]","protected":false},"author":1,"featured_media":0,"parent":0,"menu_order":0,"comment_status":"closed","ping_status":"closed","template":"","meta":{"_acf_changed":false,"footnotes":""},"categories":[],"class_list":["post-2141","page","type-page","status-publish","hentry"],"acf":[],"_links":{"self":[{"href":"https:\/\/www.americas.msh-intl.com\/fr\/wp-json\/wp\/v2\/pages\/2141","targetHints":{"allow":["GET"]}}],"collection":[{"href":"https:\/\/www.americas.msh-intl.com\/fr\/wp-json\/wp\/v2\/pages"}],"about":[{"href":"https:\/\/www.americas.msh-intl.com\/fr\/wp-json\/wp\/v2\/types\/page"}],"author":[{"embeddable":true,"href":"https:\/\/www.americas.msh-intl.com\/fr\/wp-json\/wp\/v2\/users\/1"}],"replies":[{"embeddable":true,"href":"https:\/\/www.americas.msh-intl.com\/fr\/wp-json\/wp\/v2\/comments?post=2141"}],"version-history":[{"count":14,"href":"https:\/\/www.americas.msh-intl.com\/fr\/wp-json\/wp\/v2\/pages\/2141\/revisions"}],"predecessor-version":[{"id":12913,"href":"https:\/\/www.americas.msh-intl.com\/fr\/wp-json\/wp\/v2\/pages\/2141\/revisions\/12913"}],"wp:attachment":[{"href":"https:\/\/www.americas.msh-intl.com\/fr\/wp-json\/wp\/v2\/media?parent=2141"}],"wp:term":[{"taxonomy":"category","embeddable":true,"href":"https:\/\/www.americas.msh-intl.com\/fr\/wp-json\/wp\/v2\/categories?post=2141"}],"curies":[{"name":"wp","href":"https:\/\/api.w.org\/{rel}","templated":true}]}}