
  {"id":2326,"date":"2025-08-27T11:40:00","date_gmt":"2025-08-27T11:40:00","guid":{"rendered":"https:\/\/www.msh-intl.4beez.link\/?page_id=2326"},"modified":"2025-10-09T09:50:03","modified_gmt":"2025-10-09T09:50:03","slug":"presse","status":"publish","type":"page","link":"https:\/\/www.americas.msh-intl.com\/fr\/presse\/","title":{"rendered":"Presse"},"content":{"rendered":"<div class=\"wpb-content-wrapper\"><p>[vc_row full_width=\u00a0\u00bbstretch_row\u00a0\u00bb pix_particles_check=\u00a0\u00bb\u00a0\u00bb el_class=\u00a0\u00bbheader-classic courbe3&Prime;][vc_column]<div id=\"el1756295016988-d5841bf7-a2ce\" class=\"pix-el-text   w-100  \" ><p class=\"\"><h1 style=\"text-align: center;\">Toutes les actualit\u00e9s<br \/>\n<span style=\"color: #7900f0;\">de MSH INTERNATIONAL<\/span><\/h1>\n<p style=\"text-align: center;\">D\u00e9couvrez comment notre marque am\u00e9liore l&rsquo;engagement des parties prenantes gr\u00e2ce \u00e0 des strat\u00e9gies innovantes. Restez \u00e0 l&rsquo;\u00e9coute pour des mises \u00e0 jour sur nos derni\u00e8res initiatives et notre impact communautaire.<\/p>\n<\/p><\/div>[\/vc_column][\/vc_row][vc_row pix_particles_check=\u00a0\u00bb\u00a0\u00bb el_id=\u00a0\u00bbpresse\u00a0\u00bb][vc_column]<div id=\"el1756295655882-e645f1e8-439e\" class=\"pix-el-text   w-100  \" ><p class=\"\">                                                                <div id=\"presse-container\" class=\"presse-wrapper\">\n                                                                            <div class=\"presse-search-container\">\n                                                                            <div class=\"presse-search-icon\" onclick=\"performPresseSearch()\">\n                                                                                <svg width=\"25\" height=\"25\" viewBox=\"0 0 25 25\" fill=\"none\" xmlns=\"http:\/\/www.w3.org\/2000\/svg\">\n                                                                                    <path d=\"M10.6758 0.363037C16.2634 0.363037 20.7929 4.89264 20.793 10.4802C20.793 12.9134 19.9331 15.1451 18.502 16.8904L23.9209 22.3083C24.3113 22.6988 24.3112 23.3329 23.9209 23.7234C23.5304 24.1139 22.8964 24.1138 22.5059 23.7234L17.0879 18.3044C15.3423 19.7366 13.11 20.5974 10.6758 20.5974C5.08819 20.5973 0.558594 16.0678 0.558594 10.4802C0.558704 4.8927 5.08826 0.363147 10.6758 0.363037ZM10.6758 2.36304C6.19283 2.36315 2.5587 5.99727 2.55859 10.4802C2.55859 14.9633 6.19276 18.5973 10.6758 18.5974C15.1589 18.5974 18.793 14.9633 18.793 10.4802C18.7929 5.99721 15.1588 2.36304 10.6758 2.36304Z\" fill=\"url(#paint0_linear_6958_11569)\"><\/path>\n                                                                                    <defs>\n                                                                                        <linearGradient id=\"paint0_linear_6958_11569\" x1=\"3.29372\" y1=\"21.3178\" x2=\"33.4957\" y2=\"3.72197\" gradientUnits=\"userSpaceOnUse\">\n                                                                                            <stop stop-color=\"#7E4BD2\"><\/stop>\n                                                                                            <stop offset=\"1\" stop-color=\"#DD472B\"><\/stop>\n                                                                                        <\/linearGradient>\n                                                                                    <\/defs>\n                                                                                <\/svg>\n                                                                            <\/div>\n                                                                            <input type=\"text\" id=\"presse-search\" class=\"presse-search-input\" \n                                                                                   placeholder=\"Recherchez un terme, article\" \n                                                                                   value=\"\" onkeypress=\"if (event.key === 'Enter')\n                                                                                                       performPresseSearch()\">\n                                                                        <\/div>\n                                                                    \n                                                                    \n\n                                                                    <div id=\"presse-content-bloc\" class=\"presse-contentt-bloc  \">\n                                                                        <div class=\"presse-grid\"><div class=\"presse-item\"><div class=\"presse-image\"><a href=\"https:\/\/www.americas.msh-intl.com\/fr\/presse-post\/msh-et-lufe-sassocient-pour-renforcer-la-protection-sante-des-francais-de-letranger\/\"><img loading=\"lazy\" decoding=\"async\" width=\"300\" height=\"231\" src=\"\/wp-content\/uploads\/2025\/10\/NOUVEAU-SITE-INTERNET-Gabarit-miniature-Presse2-300x231.png\" class=\"attachment-medium size-medium wp-post-image\" alt=\"\" srcset=\"\/wp-content\/uploads\/2025\/10\/NOUVEAU-SITE-INTERNET-Gabarit-miniature-Presse2-300x231.png 300w, \/wp-content\/uploads\/2025\/10\/NOUVEAU-SITE-INTERNET-Gabarit-miniature-Presse2.png 321w\" sizes=\"auto, (max-width: 300px) 100vw, 300px\" \/><\/a><\/div><div class=\"presse-content\"><div class=\"presse-content-2\"><div class=\"presse-location\"><\/div><h2 class=\"presse-title\"><a href=\"https:\/\/www.americas.msh-intl.com\/fr\/presse-post\/msh-et-lufe-sassocient-pour-renforcer-la-protection-sante-des-francais-de-letranger\/\">MSH et l&rsquo;UFE s&rsquo;associent pour renforcer la protection sant\u00e9 des fran\u00e7ais de l&rsquo;\u00e9tranger<\/a><\/h2><\/div><div class=\"presse-meta\"><span class=\"presse-date\">15 octobre 2025<\/span> - <span class=\"presse-author\">Par <u>Yoann BONNARD<\/u><\/span><\/div><\/div><\/div><div class=\"presse-item\"><div class=\"presse-image\"><a href=\"https:\/\/www.americas.msh-intl.com\/fr\/presse-post\/msh-annonce-louverture-dune-nouvelle-implantation-regionale-a-kuala-lumpur-en-malaisie\/\"><img loading=\"lazy\" decoding=\"async\" width=\"300\" height=\"134\" src=\"\/wp-content\/uploads\/2025\/08\/nouveau-centre-gestion-msh-malaisie-300x134.png\" class=\"attachment-medium size-medium wp-post-image\" alt=\"\" srcset=\"\/wp-content\/uploads\/2025\/08\/nouveau-centre-gestion-msh-malaisie-300x134.png 300w, \/wp-content\/uploads\/2025\/08\/nouveau-centre-gestion-msh-malaisie-1024x456.png 1024w, \/wp-content\/uploads\/2025\/08\/nouveau-centre-gestion-msh-malaisie-768x342.png 768w, \/wp-content\/uploads\/2025\/08\/nouveau-centre-gestion-msh-malaisie-1536x684.png 1536w, \/wp-content\/uploads\/2025\/08\/nouveau-centre-gestion-msh-malaisie-2048x912.png 2048w\" sizes=\"auto, (max-width: 300px) 100vw, 300px\" \/><\/a><\/div><div class=\"presse-content\"><div class=\"presse-content-2\"><div class=\"presse-location\">Kuala-Lumpur<\/div><h2 class=\"presse-title\"><a href=\"https:\/\/www.americas.msh-intl.com\/fr\/presse-post\/msh-annonce-louverture-dune-nouvelle-implantation-regionale-a-kuala-lumpur-en-malaisie\/\">MSH annonce l&rsquo;ouverture d&rsquo;une nouvelle implantation r\u00e9gionale \u00e0 Kuala-Lumpur en Malaisie<\/a><\/h2><\/div><div class=\"presse-meta\"><span class=\"presse-date\">27 ao\u00fbt 2025<\/span> - <span class=\"presse-author\">Par <u>Agency_4Beez<\/u><\/span><\/div><\/div><\/div><div class=\"presse-item\"><div class=\"presse-image\"><a href=\"https:\/\/www.americas.msh-intl.com\/fr\/presse-post\/lancement-neoyouth\/\"><img loading=\"lazy\" decoding=\"async\" width=\"300\" height=\"231\" src=\"\/wp-content\/uploads\/2025\/09\/Frame-1707482258-3-2-300x231.png\" class=\"attachment-medium size-medium wp-post-image\" alt=\"\" srcset=\"\/wp-content\/uploads\/2025\/09\/Frame-1707482258-3-2-300x231.png 300w, \/wp-content\/uploads\/2025\/09\/Frame-1707482258-3-2.png 350w\" sizes=\"auto, (max-width: 300px) 100vw, 300px\" \/><\/a><\/div><div class=\"presse-content\"><div class=\"presse-content-2\"><div class=\"presse-location\"><\/div><h2 class=\"presse-title\"><a href=\"https:\/\/www.americas.msh-intl.com\/fr\/presse-post\/lancement-neoyouth\/\">MSH lance sa gamme \u00ab neo \u00bb destin\u00e9e aux nouvelles formes de mobilit\u00e9 pour les jeunes: neoExplore, neoStudents et neoPVT<\/a><\/h2><\/div><div class=\"presse-meta\"><span class=\"presse-date\">27 ao\u00fbt 2025<\/span> - <span class=\"presse-author\">Par <u>Agency_4Beez<\/u><\/span><\/div><\/div><\/div><div class=\"presse-item\"><div class=\"presse-image\"><a href=\"https:\/\/www.americas.msh-intl.com\/fr\/presse-post\/argus-dor-2024\/\"><img loading=\"lazy\" decoding=\"async\" width=\"300\" height=\"231\" src=\"\/wp-content\/uploads\/2025\/08\/5-300x231.png\" class=\"attachment-medium size-medium wp-post-image\" alt=\"\" srcset=\"\/wp-content\/uploads\/2025\/08\/5-300x231.png 300w, \/wp-content\/uploads\/2025\/08\/5.png 321w\" sizes=\"auto, (max-width: 300px) 100vw, 300px\" \/><\/a><\/div><div class=\"presse-content\"><div class=\"presse-content-2\"><div class=\"presse-location\"><\/div><h2 class=\"presse-title\"><a href=\"https:\/\/www.americas.msh-intl.com\/fr\/presse-post\/argus-dor-2024\/\">MSH remporte l\u2019Argus d\u2019Or de l\u2019Assurance 2024 pour son Bilan de Sant\u00e9 \u00ab All Staff \u00bb<\/a><\/h2><\/div><div class=\"presse-meta\"><span class=\"presse-date\">27 ao\u00fbt 2025<\/span> - <span class=\"presse-author\">Par <u>Agency_4Beez<\/u><\/span><\/div><\/div><\/div><div class=\"presse-item\"><div class=\"presse-image\"><a href=\"https:\/\/www.americas.msh-intl.com\/fr\/presse-post\/caring-by-eutelmed\/\"><img loading=\"lazy\" decoding=\"async\" width=\"300\" height=\"231\" src=\"\/wp-content\/uploads\/2025\/08\/NOUVEAU-SITE-INTERNET-Gabarit-miniature-Presse3-300x231.png\" class=\"attachment-medium size-medium wp-post-image\" alt=\"\" srcset=\"\/wp-content\/uploads\/2025\/08\/NOUVEAU-SITE-INTERNET-Gabarit-miniature-Presse3-300x231.png 300w, \/wp-content\/uploads\/2025\/08\/NOUVEAU-SITE-INTERNET-Gabarit-miniature-Presse3.png 321w\" sizes=\"auto, (max-width: 300px) 100vw, 300px\" \/><\/a><\/div><div class=\"presse-content\"><div class=\"presse-content-2\"><div class=\"presse-location\"><\/div><h2 class=\"presse-title\"><a href=\"https:\/\/www.americas.msh-intl.com\/fr\/presse-post\/caring-by-eutelmed\/\">Nouvelle plateforme Caring by Eutelmed<\/a><\/h2><\/div><div class=\"presse-meta\"><span class=\"presse-date\">27 ao\u00fbt 2025<\/span> - <span class=\"presse-author\">Par <u>Agency_4Beez<\/u><\/span><\/div><\/div><\/div><div class=\"presse-item\"><div class=\"presse-image\"><a href=\"https:\/\/www.americas.msh-intl.com\/fr\/presse-post\/nomination_douha_gaaya_laurent_bonhote\/\"><img loading=\"lazy\" decoding=\"async\" width=\"300\" height=\"231\" src=\"\/wp-content\/uploads\/2025\/08\/1-300x231.png\" class=\"attachment-medium size-medium wp-post-image\" alt=\"\" srcset=\"\/wp-content\/uploads\/2025\/08\/1-300x231.png 300w, \/wp-content\/uploads\/2025\/08\/1.png 321w\" sizes=\"auto, (max-width: 300px) 100vw, 300px\" \/><\/a><\/div><div class=\"presse-content\"><div class=\"presse-content-2\"><div class=\"presse-location\"><\/div><h2 class=\"presse-title\"><a href=\"https:\/\/www.americas.msh-intl.com\/fr\/presse-post\/nomination_douha_gaaya_laurent_bonhote\/\">Nominations de Dhouha Gaaya et Laurent Bonhote<\/a><\/h2><\/div><div class=\"presse-meta\"><span class=\"presse-date\">27 ao\u00fbt 2025<\/span> - <span class=\"presse-author\">Par <u>Agency_4Beez<\/u><\/span><\/div><\/div><\/div><div class=\"presse-item\"><div class=\"presse-image\"><a href=\"https:\/\/www.americas.msh-intl.com\/fr\/presse-post\/communique-presse-david-nguyen\/\"><img loading=\"lazy\" decoding=\"async\" width=\"300\" height=\"231\" src=\"\/wp-content\/uploads\/2025\/08\/4-300x231.png\" class=\"attachment-medium size-medium wp-post-image\" alt=\"\" srcset=\"\/wp-content\/uploads\/2025\/08\/4-300x231.png 300w, \/wp-content\/uploads\/2025\/08\/4.png 321w\" sizes=\"auto, (max-width: 300px) 100vw, 300px\" \/><\/a><\/div><div class=\"presse-content\"><div class=\"presse-content-2\"><div class=\"presse-location\"><\/div><h2 class=\"presse-title\"><a href=\"https:\/\/www.americas.msh-intl.com\/fr\/presse-post\/communique-presse-david-nguyen\/\">David Nguyen rejoint MSH en tant que nouveau Directeur management sant\u00e9<\/a><\/h2><\/div><div class=\"presse-meta\"><span class=\"presse-date\">27 ao\u00fbt 2025<\/span> - <span class=\"presse-author\">Par <u>Agency_4Beez<\/u><\/span><\/div><\/div><\/div><div class=\"presse-item\"><div class=\"presse-image\"><a href=\"https:\/\/www.americas.msh-intl.com\/fr\/presse-post\/severine-lacroix-directrice-distribution-retail-offre-digital\/\"><img loading=\"lazy\" decoding=\"async\" width=\"300\" height=\"231\" src=\"\/wp-content\/uploads\/2025\/08\/3-300x231.png\" class=\"attachment-medium size-medium wp-post-image\" alt=\"\" srcset=\"\/wp-content\/uploads\/2025\/08\/3-300x231.png 300w, \/wp-content\/uploads\/2025\/08\/3.png 321w\" sizes=\"auto, (max-width: 300px) 100vw, 300px\" \/><\/a><\/div><div class=\"presse-content\"><div class=\"presse-content-2\"><div class=\"presse-location\"><\/div><h2 class=\"presse-title\"><a href=\"https:\/\/www.americas.msh-intl.com\/fr\/presse-post\/severine-lacroix-directrice-distribution-retail-offre-digital\/\">S\u00e9verine Lacroix rejoint MSH en tant que Directrice Distribution Retail et Offre Digitale<\/a><\/h2><\/div><div class=\"presse-meta\"><span class=\"presse-date\">27 ao\u00fbt 2025<\/span> - <span class=\"presse-author\">Par <u>Agency_4Beez<\/u><\/span><\/div><\/div><\/div><div class=\"presse-item\"><div class=\"presse-image\"><a href=\"https:\/\/www.americas.msh-intl.com\/fr\/presse-post\/nomination_laurent_jumelle\/\"><img loading=\"lazy\" decoding=\"async\" width=\"300\" height=\"231\" src=\"\/wp-content\/uploads\/2025\/08\/2-300x231.png\" class=\"attachment-medium size-medium wp-post-image\" alt=\"\" srcset=\"\/wp-content\/uploads\/2025\/08\/2-300x231.png 300w, \/wp-content\/uploads\/2025\/08\/2.png 321w\" sizes=\"auto, (max-width: 300px) 100vw, 300px\" \/><\/a><\/div><div class=\"presse-content\"><div class=\"presse-content-2\"><div class=\"presse-location\"><\/div><h2 class=\"presse-title\"><a href=\"https:\/\/www.americas.msh-intl.com\/fr\/presse-post\/nomination_laurent_jumelle\/\">Laurent Jumelle rejoint MSH en tant que directeur ex\u00e9cutif<\/a><\/h2><\/div><div class=\"presse-meta\"><span class=\"presse-date\">27 ao\u00fbt 2025<\/span> - <span class=\"presse-author\">Par <u>Agency_4Beez<\/u><\/span><\/div><\/div><\/div><\/div><div class=\"msh-pagination\"><a href=\"#\" class=\"page-nav prev disabled\"><<\/a><span class=\"page-number active\">1<\/span><a href=\"https:\/\/www.americas.msh-intl.com\/fr\/wp-json\/wp\/v2\/pages\/2326\/?presse_page=2\" class=\"page-number\">2<\/a><a href=\"https:\/\/www.americas.msh-intl.com\/fr\/wp-json\/wp\/v2\/pages\/2326\/?presse_page=2\" class=\"page-nav next\">><\/a><\/div>                                                                    <\/div>\n                                                                <\/div>\n\n                                                                <script>\n                                                                    function performPresseSearch() {\n                                                                        const searchInput = document.getElementById('presse-search');\n                                                                        if (searchInput) {\n                                                                            const searchTerm = searchInput.value.trim();\n                                                                            const currentUrl = window.location.origin + window.location.pathname;\n                                                                            const params = new URLSearchParams();\n\n                                                                            if (searchTerm) {\n                                                                                params.set('presse_search', searchTerm);\n                                                                            }\n\n                                                                            const newUrl = params.toString() ? currentUrl + '?' + params.toString() : currentUrl;\n                                                                            window.location.href = newUrl;\n                                                                        }\n                                                                    }\n                                                                <\/script>\n\n                                                                \n<\/p><\/div>[\/vc_column][\/vc_row][vc_row css_animation=\u00a0\u00bbnone\u00a0\u00bb pix_particles_check=\u00a0\u00bb\u00a0\u00bb el_class=\u00a0\u00bbaction\u00a0\u00bb][vc_column el_class=\u00a0\u00bbaction-wrapper\u00a0\u00bb]<div id=\"el1750338847905-5362e7e6-6fba\" class=\"pix-el-text   w-100  \" ><p class=\"\"><h2 style=\"text-align: center;\">Et si on passait<br \/>\n\u00e0 l\u2019\u00e9tape suivante ?<\/h2>\n<\/p><\/div><a  href=\"\/comparaisons-offres-msh\" class=\"btn mb-2 arrow-right-back-white-hover btn-devis     btn-primary d-inline-flex align-items-center      btn-md\"     ><span class=\" \" >Trouver l\u2019offre adapt\u00e9e<\/span><\/a>[\/vc_column][\/vc_row]<\/p>\r\n<\/div>","protected":false},"excerpt":{"rendered":"[vc_row full_width=\u00a0\u00bbstretch_row\u00a0\u00bb pix_particles_check=\u00a0\u00bb\u00a0\u00bb el_class=\u00a0\u00bbheader-classic courbe3&Prime;][vc_column][\/vc_column][\/vc_row][vc_row pix_particles_check=\u00a0\u00bb\u00a0\u00bb el_id=\u00a0\u00bbpresse\u00a0\u00bb][vc_column][\/vc_column][\/vc_row][vc_row css_animation=\u00a0\u00bbnone\u00a0\u00bb pix_particles_check=\u00a0\u00bb\u00a0\u00bb el_class=\u00a0\u00bbaction\u00a0\u00bb][vc_column el_class=\u00a0\u00bbaction-wrapper\u00a0\u00bb][\/vc_column][\/vc_row]","protected":false},"author":1,"featured_media":0,"parent":0,"menu_order":0,"comment_status":"closed","ping_status":"closed","template":"","meta":{"_acf_changed":false,"footnotes":""},"categories":[],"class_list":["post-2326","page","type-page","status-publish","hentry"],"acf":[],"_links":{"self":[{"href":"https:\/\/www.americas.msh-intl.com\/fr\/wp-json\/wp\/v2\/pages\/2326","targetHints":{"allow":["GET"]}}],"collection":[{"href":"https:\/\/www.americas.msh-intl.com\/fr\/wp-json\/wp\/v2\/pages"}],"about":[{"href":"https:\/\/www.americas.msh-intl.com\/fr\/wp-json\/wp\/v2\/types\/page"}],"author":[{"embeddable":true,"href":"https:\/\/www.americas.msh-intl.com\/fr\/wp-json\/wp\/v2\/users\/1"}],"replies":[{"embeddable":true,"href":"https:\/\/www.americas.msh-intl.com\/fr\/wp-json\/wp\/v2\/comments?post=2326"}],"version-history":[{"count":8,"href":"https:\/\/www.americas.msh-intl.com\/fr\/wp-json\/wp\/v2\/pages\/2326\/revisions"}],"predecessor-version":[{"id":6456,"href":"https:\/\/www.americas.msh-intl.com\/fr\/wp-json\/wp\/v2\/pages\/2326\/revisions\/6456"}],"wp:attachment":[{"href":"https:\/\/www.americas.msh-intl.com\/fr\/wp-json\/wp\/v2\/media?parent=2326"}],"wp:term":[{"taxonomy":"category","embeddable":true,"href":"https:\/\/www.americas.msh-intl.com\/fr\/wp-json\/wp\/v2\/categories?post=2326"}],"curies":[{"name":"wp","href":"https:\/\/api.w.org\/{rel}","templated":true}]}}