
  {"id":4336,"date":"2025-09-09T18:09:27","date_gmt":"2025-09-09T18:09:27","guid":{"rendered":"https:\/\/www.msh-intl.4beez.link\/?page_id=4336"},"modified":"2025-11-13T16:50:27","modified_gmt":"2025-11-13T15:50:27","slug":"services","status":"publish","type":"page","link":"https:\/\/www.americas.msh-intl.com\/fr\/services\/","title":{"rendered":"Services"},"content":{"rendered":"<div class=\"wpb-content-wrapper\">[vc_row full_width=\u00a0\u00bbstretch_row_content\u00a0\u00bb pix_particles_check=\u00a0\u00bb\u00a0\u00bb el_class=\u00a0\u00bbheader-classic\u00a0\u00bb el_id=\u00a0\u00bbservices-header-classic\u00a0\u00bb][vc_column]<div id=\"el1756223672029-c0b40547-5ee6\" class=\"pix-el-text   w-100  \" ><p class=\"\"><h1 style=\"text-align: center;\">Des services con\u00e7us pour<span style=\"color: #7900f0;\"> vous accompagner partout<\/span><\/h1>\n<p style=\"text-align: center;\">D\u00e9couvrez tout ce dont vous avez toujours voulu savoir en d\u00e9tail \u00e0 propos de nos services !<\/p>\n<\/p><\/div>[\/vc_column][\/vc_row][vc_row pix_particles_check=\u00a0\u00bb\u00a0\u00bb el_id=\u00a0\u00bbservices-liste\u00a0\u00bb][vc_column]<div id=\"el1756246121670-c99d86ef-00b5\" class=\"pix-el-text   w-100  \" ><p class=\"\">\n                                                                <div id=\"services-container\" class=\"services-wrapper   result-1-page\">\n                                                                                                                                                    <div class=\"services-tabs-container\">\n                                                                            <div class=\"services-tabs\">\n                                                                                                                                                                    <button class=\"services-tab active\"\n                                                                                            data-category=\"particuliers\"\n                                                                                            onclick=\"window.location.href = '\/fr\/wp-json\/wp\/v2\/pages\/4336?category=particuliers&#038;page=1'\">\n                                                                                                                                                                                        <img decoding=\"async\" src=\"\/wp-content\/uploads\/2025\/06\/icon-persons.svg\" alt=\"Particuliers\" class=\"services-tab-icon\">\n                                                                                                                                                                                <span class=\"services-tab-text\">Particuliers<\/span>\n                                                                                    <\/button>\n                                                                                                                                                            <button class=\"services-tab \"\n                                                                                            data-category=\"corporate\"\n                                                                                            onclick=\"window.location.href = '\/fr\/wp-json\/wp\/v2\/pages\/4336?category=corporate&#038;page=1'\">\n                                                                                                                                                                                        <img decoding=\"async\" src=\"\/wp-content\/uploads\/2025\/06\/icon-building.svg\" alt=\"Corporate\" class=\"services-tab-icon\">\n                                                                                                                                                                                <span class=\"services-tab-text\">Corporate<\/span>\n                                                                                    <\/button>\n                                                                                                                                                    <\/div>\n                                                                        <\/div>\n                                                                        \n                                                                    <div id=\"services-content\" class=\"services-content\">\n                                                                        <div class=\"services-grid\"><div class=\"service-item\"><div class=\"service-image-2\"><a href=\"https:\/\/www.americas.msh-intl.com\/fr\/service\/application-msh\/\"><img loading=\"lazy\" decoding=\"async\" width=\"1658\" height=\"1530\" src=\"\/wp-content\/uploads\/2025\/06\/Application-MSH-1.png\" class=\"attachment-full size-full wp-post-image\" alt=\"\" srcset=\"\/wp-content\/uploads\/2025\/06\/Application-MSH-1.png 1658w, \/wp-content\/uploads\/2025\/06\/Application-MSH-1-300x277.png 300w, \/wp-content\/uploads\/2025\/06\/Application-MSH-1-1024x945.png 1024w, \/wp-content\/uploads\/2025\/06\/Application-MSH-1-768x709.png 768w, \/wp-content\/uploads\/2025\/06\/Application-MSH-1-1536x1417.png 1536w\" sizes=\"auto, (max-width: 1658px) 100vw, 1658px\" \/><\/a><\/div><div class=\"service-content-3\"><div class=\"service-content-2\"><h2 class=\"service-title\"><a href=\"https:\/\/www.americas.msh-intl.com\/fr\/service\/application-msh\/\">Application MSH<\/a><\/h2><div class=\"service-excerpt-2\">D\u00e9sormais, tous les services MSH sont r\u00e9unis dans 1 seule application<\/div><\/div><div class=\"service-meta\">                                                                                <a href=\"https:\/\/www.americas.msh-intl.com\/fr\/service\/application-msh\/ \" class=\"link-3 with-image-link-acf arrow-right-purple\">\n                                                                                    <span class=\"span-1\">\n                                                                                    <\/span>\n                                                                                    <span class=\"span-2\">\n                                                                                En savoir plus                                                                                    <\/span>\n                                                                                <\/a>\n                                                                                <\/div><\/div><\/div><div class=\"service-item\"><div class=\"service-image-2\"><a href=\"https:\/\/www.americas.msh-intl.com\/fr\/service\/teleconsultation\/\"><img loading=\"lazy\" decoding=\"async\" width=\"537\" height=\"360\" src=\"\/wp-content\/uploads\/2025\/09\/Teleconsultation.png\" class=\"attachment-full size-full wp-post-image\" alt=\"\" srcset=\"\/wp-content\/uploads\/2025\/09\/Teleconsultation.png 537w, \/wp-content\/uploads\/2025\/09\/Teleconsultation-300x201.png 300w\" sizes=\"auto, (max-width: 537px) 100vw, 537px\" \/><\/a><\/div><div class=\"service-content-3\"><div class=\"service-content-2\"><h2 class=\"service-title\"><a href=\"https:\/\/www.americas.msh-intl.com\/fr\/service\/teleconsultation\/\">T\u00e9l\u00e9consultation<\/a><\/h2><div class=\"service-excerpt-2\">[vc_row bottom_divider_select=\u00a0\u00bb6&Prime; bottom_layers=\u00a0\u00bb1&Prime; b_has_animation=\u00a0\u00bbtrue\u00a0\u00bb b_divider_in_front=\u00a0\u00bbtrue\u00a0\u00bb b_flip_h=\u00a0\u00bbtrue\u00a0\u00bb pix_particles_check=\u00a0\u00bb\u00a0\u00bb el_id=\u00a0\u00bbservice_header\u00a0\u00bb b_custom_height=\u00a0\u00bb180px\u00a0\u00bb el_class=\u00a0\u00bbrevrs1mobile header_4324&Prime;][vc_column][\/vc_column][\/vc_row][vc_row full_width=\u00a0\u00bbstretch_row\u00a0\u00bb pix_particles_check=\u00a0\u00bb\u00a0\u00bb el_class=\u00a0\u00bbservices-vc slide1mobile width110_bloc\u00a0\u00bb css=\u00a0\u00bb.vc_custom_1757942678431{padding-top: 64px !important;}\u00a0\u00bb el_id=\u00a0\u00bbservices-card\u00a0\u00bb][vc_column][vc_row_inner disable_element=\u00a0\u00bbyes\u00a0\u00bb el_id=\u00a0\u00bbservices-card-1&Prime;][vc_column_inner][\/vc_column_inner][\/vc_row_inner][\/vc_column][\/vc_row][vc_row pix_particles_check=\u00a0\u00bb\u00a0\u00bb el_class=\u00a0\u00bbsection1-landing-oi\u00a0\u00bb][vc_column][\/vc_column][\/vc_row][vc_row full_width=\u00a0\u00bbstretch_row\u00a0\u00bb pix_particles_check=\u00a0\u00bb\u00a0\u00bb el_class=\u00a0\u00bbexpat-section neo-pvt\u00a0\u00bb][vc_column][vc_row_inner el_class=\u00a0\u00bbwidth1090&Prime;][vc_column_inner][\/vc_column_inner][\/vc_row_inner][vc_row_inner equal_height=\u00a0\u00bbyes\u00a0\u00bb gap=\u00a0\u00bb15&Prime; el_class=\u00a0\u00bbrow_expat-card\u00a0\u00bb css=\u00a0\u00bb.vc_custom_1761139496179{margin-right: 50px !important;margin-left: 50px !important;}\u00a0\u00bb][vc_column_inner width=\u00a0\u00bb1\/5&Prime;][\/vc_column_inner][vc_column_inner width=\u00a0\u00bb1\/5&Prime;][\/vc_column_inner][vc_column_inner width=\u00a0\u00bb1\/5&Prime;][\/vc_column_inner][vc_column_inner...<\/div><\/div><div class=\"service-meta\">                                                                                <a href=\"https:\/\/www.americas.msh-intl.com\/fr\/service\/teleconsultation\/ \" class=\"link-3 with-image-link-acf arrow-right-purple\">\n                                                                                    <span class=\"span-1\">\n                                                                                    <\/span>\n                                                                                    <span class=\"span-2\">\n                                                                                En savoir plus                                                                                    <\/span>\n                                                                                <\/a>\n                                                                                <\/div><\/div><\/div><div class=\"service-item\"><div class=\"service-image-2\"><a href=\"https:\/\/www.americas.msh-intl.com\/fr\/service\/programme-maternite\/\"><img loading=\"lazy\" decoding=\"async\" width=\"1319\" height=\"1667\" src=\"\/wp-content\/uploads\/2025\/09\/AdobeStock_221592135-1-1-1.jpeg\" class=\"attachment-full size-full wp-post-image\" alt=\"\" srcset=\"\/wp-content\/uploads\/2025\/09\/AdobeStock_221592135-1-1-1.jpeg 1319w, \/wp-content\/uploads\/2025\/09\/AdobeStock_221592135-1-1-1-237x300.jpeg 237w, \/wp-content\/uploads\/2025\/09\/AdobeStock_221592135-1-1-1-810x1024.jpeg 810w, \/wp-content\/uploads\/2025\/09\/AdobeStock_221592135-1-1-1-768x971.jpeg 768w, \/wp-content\/uploads\/2025\/09\/AdobeStock_221592135-1-1-1-1215x1536.jpeg 1215w\" sizes=\"auto, (max-width: 1319px) 100vw, 1319px\" \/><\/a><\/div><div class=\"service-content-3\"><div class=\"service-content-2\"><h2 class=\"service-title\"><a href=\"https:\/\/www.americas.msh-intl.com\/fr\/service\/programme-maternite\/\">Programme maternit\u00e9<\/a><\/h2><div class=\"service-excerpt-2\">1\u00e8re grossesse ou non, vous serez accompagn\u00e9 tout au long de cette p\u00e9riode pour vivre l'arriv\u00e9e de votre enfant en toute s\u00e9r\u00e9nit\u00e9 avec MSH International<\/div><\/div><div class=\"service-meta\">                                                                                <a href=\"https:\/\/www.americas.msh-intl.com\/fr\/service\/programme-maternite\/ \" class=\"link-3 with-image-link-acf arrow-right-purple\">\n                                                                                    <span class=\"span-1\">\n                                                                                    <\/span>\n                                                                                    <span class=\"span-2\">\n                                                                                En savoir plus                                                                                    <\/span>\n                                                                                <\/a>\n                                                                                <\/div><\/div><\/div><div class=\"service-item\"><div class=\"service-image-2\"><a href=\"https:\/\/www.americas.msh-intl.com\/fr\/service\/bilan-de-sante\/\"><img loading=\"lazy\" decoding=\"async\" width=\"2560\" height=\"1350\" src=\"\/wp-content\/uploads\/2025\/09\/AdobeStock_24221663111-scaled.jpeg\" class=\"attachment-full size-full wp-post-image\" alt=\"\" srcset=\"\/wp-content\/uploads\/2025\/09\/AdobeStock_24221663111-scaled.jpeg 2560w, \/wp-content\/uploads\/2025\/09\/AdobeStock_24221663111-300x158.jpeg 300w, \/wp-content\/uploads\/2025\/09\/AdobeStock_24221663111-1024x540.jpeg 1024w, \/wp-content\/uploads\/2025\/09\/AdobeStock_24221663111-768x405.jpeg 768w, \/wp-content\/uploads\/2025\/09\/AdobeStock_24221663111-1536x810.jpeg 1536w, \/wp-content\/uploads\/2025\/09\/AdobeStock_24221663111-2048x1080.jpeg 2048w\" sizes=\"auto, (max-width: 2560px) 100vw, 2560px\" \/><\/a><\/div><div class=\"service-content-3\"><div class=\"service-content-2\"><h2 class=\"service-title\"><a href=\"https:\/\/www.americas.msh-intl.com\/fr\/service\/bilan-de-sante\/\">Bilan de sant\u00e9<\/a><\/h2><div class=\"service-excerpt-2\">Pr\u00e9vention et bien-\u00eatre du salari\u00e9 : les bilans de sant\u00e9, une solution compl\u00e8te pour tous<\/div><\/div><div class=\"service-meta\">                                                                                <a href=\"https:\/\/www.americas.msh-intl.com\/fr\/service\/bilan-de-sante\/ \" class=\"link-3 with-image-link-acf arrow-right-purple\">\n                                                                                    <span class=\"span-1\">\n                                                                                    <\/span>\n                                                                                    <span class=\"span-2\">\n                                                                                En savoir plus                                                                                    <\/span>\n                                                                                <\/a>\n                                                                                <\/div><\/div><\/div><div class=\"service-item\"><div class=\"service-image-2\"><a href=\"https:\/\/www.americas.msh-intl.com\/fr\/service\/reseau-medical\/\"><img loading=\"lazy\" decoding=\"async\" width=\"2560\" height=\"1707\" src=\"\/wp-content\/uploads\/2025\/09\/AdobeStock_2915639251-scaled.jpeg\" class=\"attachment-full size-full wp-post-image\" alt=\"\" srcset=\"\/wp-content\/uploads\/2025\/09\/AdobeStock_2915639251-scaled.jpeg 2560w, \/wp-content\/uploads\/2025\/09\/AdobeStock_2915639251-300x200.jpeg 300w, \/wp-content\/uploads\/2025\/09\/AdobeStock_2915639251-1024x683.jpeg 1024w, \/wp-content\/uploads\/2025\/09\/AdobeStock_2915639251-768x512.jpeg 768w, \/wp-content\/uploads\/2025\/09\/AdobeStock_2915639251-1536x1024.jpeg 1536w, \/wp-content\/uploads\/2025\/09\/AdobeStock_2915639251-2048x1365.jpeg 2048w\" sizes=\"auto, (max-width: 2560px) 100vw, 2560px\" \/><\/a><\/div><div class=\"service-content-3\"><div class=\"service-content-2\"><h2 class=\"service-title\"><a href=\"https:\/\/www.americas.msh-intl.com\/fr\/service\/reseau-medical\/\">Le r\u00e9seau m\u00e9dical international MSH<\/a><\/h2><div class=\"service-excerpt-2\">Notre r\u00e9seau de +1,8 millions de prestataires vous accompagne o\u00f9 que vous alliez !<\/div><\/div><div class=\"service-meta\">                                                                                <a href=\"https:\/\/www.americas.msh-intl.com\/fr\/service\/reseau-medical\/ \" class=\"link-3 with-image-link-acf arrow-right-purple\">\n                                                                                    <span class=\"span-1\">\n                                                                                    <\/span>\n                                                                                    <span class=\"span-2\">\n                                                                                En savoir plus                                                                                    <\/span>\n                                                                                <\/a>\n                                                                                <\/div><\/div><\/div><div class=\"service-item\"><div class=\"service-image-2\"><a href=\"https:\/\/www.americas.msh-intl.com\/fr\/service\/msh-24-7\/\"><img loading=\"lazy\" decoding=\"async\" width=\"540\" height=\"360\" src=\"\/wp-content\/uploads\/2025\/09\/Accompagnement-247.png\" class=\"attachment-full size-full wp-post-image\" alt=\"\" srcset=\"\/wp-content\/uploads\/2025\/09\/Accompagnement-247.png 540w, \/wp-content\/uploads\/2025\/09\/Accompagnement-247-300x200.png 300w\" sizes=\"auto, (max-width: 540px) 100vw, 540px\" \/><\/a><\/div><div class=\"service-content-3\"><div class=\"service-content-2\"><h2 class=\"service-title\"><a href=\"https:\/\/www.americas.msh-intl.com\/fr\/service\/msh-24-7\/\">MSH 24\/7<\/a><\/h2><div class=\"service-excerpt-2\">Avec 7 centres de gestion dans le monde et une disponibilit\u00e9 24\/7, vous ne vous sentirez plus jamais seuls<\/div><\/div><div class=\"service-meta\">                                                                                <a href=\"https:\/\/www.americas.msh-intl.com\/fr\/service\/msh-24-7\/ \" class=\"link-3 with-image-link-acf arrow-right-purple\">\n                                                                                    <span class=\"span-1\">\n                                                                                    <\/span>\n                                                                                    <span class=\"span-2\">\n                                                                                En savoir plus                                                                                    <\/span>\n                                                                                <\/a>\n                                                                                <\/div><\/div><\/div><\/div><div class=\"msh-pagination\"><a href=\"#\" class=\"page-nav prev disabled\"><img decoding=\"async\" src=\"\/wp-content\/uploads\/2025\/08\/Vector-2.svg\" alt=\"Pr\u00e9c\u00e9dent\"\/><\/a><a href=\"#\" class=\"page-nav next disabled\"><img decoding=\"async\" src=\"\/wp-content\/uploads\/2025\/08\/Vector-2-1.svg\" alt=\"Suivant\"\/><\/a><\/div>                                                                    <\/div>\n                                                                <\/div><\/div>[\/vc_column][\/vc_row][vc_row css_animation=\u00a0\u00bbnone\u00a0\u00bb pix_particles_check=\u00a0\u00bb\u00a0\u00bb el_class=\u00a0\u00bbaction\u00a0\u00bb][vc_column el_class=\u00a0\u00bbaction-wrapper\u00a0\u00bb]<div id=\"el1750338847905-5362e7e6-6fba\" class=\"pix-el-text   w-100  \" ><p class=\"\"><h2 style=\"text-align: center;\">Et si on passait<br \/>\n\u00e0 l\u2019\u00e9tape suivante ?<\/h2>\n<\/p><\/div><a  href=\"https:\/\/www.americas.msh-intl.com\/comparaisons-offres-msh\/\" class=\"btn mb-2 arrow-right-back-white-hover     btn-primary d-inline-flex align-items-center      btn-md\"     ><span class=\" \" >Trouver l\u2019offre adapt\u00e9e<\/span><\/a>[\/vc_column][\/vc_row]<\/div>","protected":false},"excerpt":{"rendered":"[vc_row full_width=\u00a0\u00bbstretch_row_content\u00a0\u00bb pix_particles_check=\u00a0\u00bb\u00a0\u00bb el_class=\u00a0\u00bbheader-classic\u00a0\u00bb el_id=\u00a0\u00bbservices-header-classic\u00a0\u00bb][vc_column][\/vc_column][\/vc_row][vc_row pix_particles_check=\u00a0\u00bb\u00a0\u00bb el_id=\u00a0\u00bbservices-liste\u00a0\u00bb][vc_column][\/vc_column][\/vc_row][vc_row css_animation=\u00a0\u00bbnone\u00a0\u00bb pix_particles_check=\u00a0\u00bb\u00a0\u00bb el_class=\u00a0\u00bbaction\u00a0\u00bb][vc_column el_class=\u00a0\u00bbaction-wrapper\u00a0\u00bb][\/vc_column][\/vc_row]","protected":false},"author":1,"featured_media":0,"parent":0,"menu_order":0,"comment_status":"closed","ping_status":"closed","template":"","meta":{"_acf_changed":false,"footnotes":""},"categories":[],"class_list":["post-4336","page","type-page","status-publish","hentry"],"acf":[],"_links":{"self":[{"href":"https:\/\/www.americas.msh-intl.com\/fr\/wp-json\/wp\/v2\/pages\/4336","targetHints":{"allow":["GET"]}}],"collection":[{"href":"https:\/\/www.americas.msh-intl.com\/fr\/wp-json\/wp\/v2\/pages"}],"about":[{"href":"https:\/\/www.americas.msh-intl.com\/fr\/wp-json\/wp\/v2\/types\/page"}],"author":[{"embeddable":true,"href":"https:\/\/www.americas.msh-intl.com\/fr\/wp-json\/wp\/v2\/users\/1"}],"replies":[{"embeddable":true,"href":"https:\/\/www.americas.msh-intl.com\/fr\/wp-json\/wp\/v2\/comments?post=4336"}],"version-history":[{"count":19,"href":"https:\/\/www.americas.msh-intl.com\/fr\/wp-json\/wp\/v2\/pages\/4336\/revisions"}],"predecessor-version":[{"id":10493,"href":"https:\/\/www.americas.msh-intl.com\/fr\/wp-json\/wp\/v2\/pages\/4336\/revisions\/10493"}],"wp:attachment":[{"href":"https:\/\/www.americas.msh-intl.com\/fr\/wp-json\/wp\/v2\/media?parent=4336"}],"wp:term":[{"taxonomy":"category","embeddable":true,"href":"https:\/\/www.americas.msh-intl.com\/fr\/wp-json\/wp\/v2\/categories?post=4336"}],"curies":[{"name":"wp","href":"https:\/\/api.w.org\/{rel}","templated":true}]}}