
  {"id":4374,"date":"2025-09-15T00:00:49","date_gmt":"2025-09-15T00:00:49","guid":{"rendered":"https:\/\/www.msh-intl.4beez.link\/?page_id=4374"},"modified":"2025-11-21T14:56:36","modified_gmt":"2025-11-21T13:56:36","slug":"mentions-legales","status":"publish","type":"page","link":"https:\/\/www.americas.msh-intl.com\/fr\/mentions-legales\/","title":{"rendered":"Mentions l\u00e9gales"},"content":{"rendered":"<div class=\"wpb-content-wrapper\">[vc_row full_width=\u00a0\u00bbstretch_row_content\u00a0\u00bb pix_particles_check=\u00a0\u00bb\u00a0\u00bb el_class=\u00a0\u00bbheader-classic nobg\u00a0\u00bb][vc_column]<div id=\"el1756733135768-b99b10ae-2e39\" class=\"pix-el-text   w-100  \" ><p class=\"\"><h1 style=\"text-align: center;\">Mentions l\u00e9gales<br \/>\n<span style=\"color: #7900f0;\">MSH INTERNATIONAL<\/span><\/h1>\n<\/p><\/div>[\/vc_column][\/vc_row][vc_row pix_particles_check=\u00a0\u00bb\u00a0\u00bb el_class=\u00a0\u00bbmobilmmention width1090&Prime;][vc_column][vc_column_text css=\u00a0\u00bb\u00a0\u00bb el_class=\u00a0\u00bbmentiolegale\u00a0\u00bb]\r\n\r\n<section id=\"editeur\">\r\n<h3>\u00c9diteur<\/h3>\r\nMSH International, soci\u00e9t\u00e9 fran\u00e7aise de courtage d\u2019assurance, soci\u00e9t\u00e9 par actions simplifi\u00e9e au capital de 2 500 000 euros.\r\n\r\nSi\u00e8ge social : Season, 39 rue Mstislav Rostropovitch, 75815 Paris Cedex 17, France.\r\nImmatricul\u00e9e au registre du commerce et des soci\u00e9t\u00e9s de Paris sous le n\u00b0 352 807 549, inscrite \u00e0 l\u2019ORIAS (1 Rue Jules Lefebvre, 75009 Paris, <a href=\"https:\/\/www.orias.fr\" target=\"_blank\" rel=\"noopener\">www.orias.fr<\/a>) sous le n\u00b0 07 002 751, num\u00e9ro de TVA intracommunautaire FR 78 352 807 549.\r\nMSH International est r\u00e9gie par l\u2019ACPR (Autorit\u00e9 de Contr\u00f4le Prudentiel et de R\u00e9solution, 4 Place de Budapest, CS 92459, 75436 Paris).\r\n\r\nT\u00e9l. : <a href=\"tel:+33144202998\">+33 1 44 20 29 98<\/a>\r\n<a href=\"mailto:contact@msh-intl.com\">contact@msh-intl.com<\/a>\r\n\r\nDirecteur de la publication :\r\nM. Fr\u00e9d\u00e9ric Grand, Pr\u00e9sident de MSH International.\r\n\r\nH\u00e9berg\u00e9 par :\r\nCapgemini Technologie Services\r\nCLOUD INFRASTRUCTURE SERVICES France\r\n147, Quai du Pr\u00e9sident Roosevelt\r\nIssy-les-Moulineaux\r\n92130\r\nFRANCE\r\n\r\n<\/section>[\/vc_column_text][vc_column_text css=\u00a0\u00bb\u00a0\u00bb el_class=\u00a0\u00bbmentiolegale\u00a0\u00bb]\r\n\r\n<section id=\"droits-dauteur-copyright\">\r\n<h3>Droits d\u2019auteur\u2013Copyright<\/h3>\r\nTous droits r\u00e9serv\u00e9s \u00a9 MSH International 2022. Tous les \u00e9l\u00e9ments de toute nature (images fixes, images anim\u00e9es, bases de donn\u00e9es, marques, illustrations, logos, dessins, mod\u00e8les, mise en page, documents t\u00e9l\u00e9chargeables) contenus sur ce site sont prot\u00e9g\u00e9s en tant qu\u2019\u0153uvre de l\u2019esprit par la l\u00e9gislation fran\u00e7aise et internationale sur le droit d\u2019auteur et la propri\u00e9t\u00e9 intellectuelle. Ces \u00e9l\u00e9ments restent la propri\u00e9t\u00e9 exclusive de MSH International, sauf mentions particuli\u00e8res. \u00c0 ce titre, sans autorisation pr\u00e9alable et \u00e9crite, toute reproduction, repr\u00e9sentation, adaptation, modification partielle ou int\u00e9grale de tout \u00e9l\u00e9ment composant le site, par quelque moyen que ce soit, est interdite\r\nsous peine de poursuite judiciaire.\r\n\r\nLes marques et logos reproduits sur notre site internet sont d\u00e9pos\u00e9s. Toute reproduction, r\u00e9\u00e9dition ou redistribution totale ou partielle des marques ou logos, par quelque moyen que ce soit, sans autorisation pr\u00e9alable et \u00e9crite, est interdite, au sens de l\u2019article L.713-2 du Code de la propri\u00e9t\u00e9 intellectuelle.\r\n\r\n<\/section>[\/vc_column_text][vc_column_text css=\u00a0\u00bb\u00a0\u00bb el_class=\u00a0\u00bbmentiolegale\u00a0\u00bb]\r\n\r\n<section id=\"droit-applicable\">\r\n<h3>Droit applicable<\/h3>\r\nLe pr\u00e9sent site internet est r\u00e9gi par le droit fran\u00e7ais. Tout litige sera soumis aux tribunaux fran\u00e7ais.\r\n\r\n<\/section>[\/vc_column_text][vc_column_text css=\u00a0\u00bb\u00a0\u00bb el_class=\u00a0\u00bbmentiolegale\u00a0\u00bb]\r\n\r\n<section id=\"responsabilite\">\r\n<h3>Responsabilit\u00e9<\/h3>\r\nLes informations contenues sur ce site sont fournies \u00e0 titre indicatif uniquement et peuvent \u00eatre modifi\u00e9es \u00e0 tout moment par MSH International. MSH International ne saurait garantir l\u2019exactitude des informations contenues sur ce site. En outre, en aucun cas la responsabilit\u00e9 de la soci\u00e9t\u00e9 MSH International ne pourra \u00eatre mise en cause du fait de l\u2019utilisation des informations diffus\u00e9es sur ce site ou de l\u2019absence d\u2019informations sp\u00e9cifiques.\r\n\r\n<\/section>[\/vc_column_text][vc_column_text css=\u00a0\u00bb\u00a0\u00bb el_class=\u00a0\u00bbmentiolegale\u00a0\u00bb]\r\n\r\n<section id=\"protection-donnees-personnelles\">\r\n<h3>Protection des donn\u00e9es personnelles<\/h3>\r\nMSH International, situ\u00e9 \u00e0 Season, 39 rue Mstislav Rostropovitch 75815 Paris cedex 17, met en \u0153uvre d&rsquo;une part un traitement de donn\u00e9es \u00e0 caract\u00e8re personnel n\u00e9cessaire \u00e0 votre identification formelle pour acc\u00e9der \u00e0 un espace s\u00e9curis\u00e9, \u00e0 l\u2019\u00e9mission d\u2019une offre d\u2019assurance ou d\u2019un contrat, sa gestion et son suivi et \u00e0 la r\u00e9alisation des diligences r\u00e9glementaires en mati\u00e8re de lutte contre le blanchiment et de financement du terrorisme, la communication d\u2019informations exceptionnelles et temporaires relatives \u00e0 des \u00e9v\u00e9nements de crise et force majeure (crise sanitaire, politique\u2026). A cet \u00e9gard, les donn\u00e9es collect\u00e9es sont toutes obligatoires.\u00a0D\u2019autre part, sur la base de son int\u00e9r\u00eat l\u00e9gitime, MSH peut \u00e9galement utiliser les adresses email \u00e0 des fins publicitaires et marketing, et notamment de profilage. MSH International n\u2019utilisera ni ne transf\u00e8rera jamais de donn\u00e9es financi\u00e8res ou de sant\u00e9 \u00e0 cette fin.\r\nLes destinataires de vos donn\u00e9es \u00e0 caract\u00e8re personnel sont : l\u2019assureur porteur de risques, les diff\u00e9rentes entit\u00e9s composant MSH International et les prestataires participant \u00e0 la gestion du contrat d\u2019assurance \u00e0 travers le monde. Dans ce cadre, vos donn\u00e9es peuvent \u00eatre transf\u00e9r\u00e9es vers des pays tiers \u00e0 l\u2019Union Europ\u00e9enne assurant un niveau de protection ad\u00e9quat ou moyennant l\u2019usage de garanties appropri\u00e9es comme la conclusion des clauses types de protection des donn\u00e9es adopt\u00e9es par la Commission Europ\u00e9enne ou encore sur la base des d\u00e9rogations pr\u00e9vues \u00e0 l\u2019article 49 du r\u00e8glement no 2016\/679, dit r\u00e8glement g\u00e9n\u00e9ral sur la protection des donn\u00e9es.\r\nVos donn\u00e9es \u00e0 caract\u00e8re personnel seront conserv\u00e9es pendant toute la dur\u00e9e n\u00e9cessaire au service de gestion telle que prescrite par les lois applicables en la mati\u00e8re.\r\nVous disposez \u00e0 tout moment d\u2019un droit d\u2019acc\u00e8s, de rectification, ou d\u2019effacement ou de limitation ou d\u2019opposition et de portabilit\u00e9 de vos donn\u00e9es \u00e0 caract\u00e8re personnel ainsi que du droit d\u2019organiser des directives post-mortem. Pour l\u2019exercice de vos droits, veuillez \u00e9crire au D\u00e9l\u00e9gu\u00e9 \u00e0 la Protection des Donn\u00e9es par email \u00e0 l\u2019adresse dpo@s2hgroup.com ou par courrier \u00e0 l\u2019adresse susmentionn\u00e9e.\r\nVous disposez du droit d\u2019introduire une r\u00e9clamation aupr\u00e8s d\u2019une autorit\u00e9 de contr\u00f4le en charge de la protection des donn\u00e9es personnelles.\r\n<a href=\"https:\/\/www.americas.msh-intl.com\/wp-content\/uploads\/2025\/09\/20220825_politique_de_protection_des_donnees_diot_siaci_revision_09_2023_1_0.pdf\" target=\"_blank\" rel=\"noopener\">Vous pouvez acc\u00e9der \u00e0 notre Politique de Protection des Donn\u00e9es \u00e0 Caract\u00e8re Personnel\u00a0dans son int\u00e9gralit\u00e9 en cliquant ici.<\/a>\r\nDans le cas d\u2019une utilisation des donn\u00e9es concern\u00e9es \u00e0 des fins strictement publicitaires et de profilage, ces derni\u00e8res sont susceptibles d\u2019\u00eatre transf\u00e9r\u00e9s notamment \u00e0 la soci\u00e9t\u00e9 Facebook Ireland afin de nous permettre de mieux cibler nos prospects. Dans ce cadre, vos donn\u00e9es personnelles ne seront conserv\u00e9es par Facebook que pour la dur\u00e9e strictement n\u00e9cessaire \u00e0 la mise en correspondance. Dans le cas o\u00f9 ce traitement serait sous-trait\u00e9 par Facebook Inc., vos donn\u00e9es seront alors assur\u00e9es de b\u00e9n\u00e9ficier d\u2019un niveau de protection ad\u00e9quat et conforme aux r\u00e8gles \u00e9dict\u00e9es par le PrivacyShield.\r\n\r\n<\/section>[\/vc_column_text][vc_column_text css=\u00a0\u00bb\u00a0\u00bb el_class=\u00a0\u00bbmentiolegale\u00a0\u00bb]\r\n\r\n<section id=\"cookies\">\r\n<h3>Notice informative sur les cookies<\/h3>\r\nMSH International, met \u00e0 votre disposition cette notice informative afin de vous fournir des informations transparentes sur la mani\u00e8re dont nous, ou nos partenaires, utilisons des cookies sur notre site. La pr\u00e9sente notice vous donnera par ailleurs toutes les informations utiles pour g\u00e9rer vos consentements aux cookies d\u00e9pos\u00e9s sur vos appareils. Cette notice est susceptible d\u2019\u00e9volution pour s\u2019adapter aux mises \u00e0 jour l\u00e9gales et r\u00e9glementaires notamment, aussi nous vous invitons \u00e0 la relire r\u00e9guli\u00e8rement.\r\n\r\n<strong>QU\u2019EST-CE QU\u2019UN COOKIE ?<\/strong>\r\nLes cookies sont des petits fichiers d\u00e9pos\u00e9s et stock\u00e9s sur vos appareils (votre ordinateur, votre tablette, votre t\u00e9l\u00e9phone mobile\u2026) afin de nous permettre de collecter des informations relatives \u00e0 votre navigation sur notre site.\r\n\r\n<strong>QUELS TYPES DE COOKIES UTILISONS-NOUS ET POURQUOI?<\/strong>\r\nVoici les diff\u00e9rents types de cookies que nous utilisons sur notre site et qui servent aux finalit\u00e9s suivantes :\r\n\r\n<span class=\"mauve\">\u2022\u00a0 Les cookies fonctionnels :<\/span>\r\nCes cookies vous permettent de naviguer sur notre site et d\u2019utiliser ses diff\u00e9rentes fonctionnalit\u00e9s.\r\n<p class=\"lineh0\">Ils comprennent :<\/p>\r\n\r\n<ul>\r\n \t<li>Les cookies d\u2019identification de session.<\/li>\r\n \t<li>Les cookies n\u00e9cessaires \u00e0 garantir la s\u00e9curit\u00e9 informatique de notre site pour emp\u00eacher par exemple des acc\u00e8s frauduleux \u00e0 votre session.<\/li>\r\n<\/ul>\r\nCes cookies ne requi\u00e8rent pas votre consentement.\r\n\r\n<span class=\"mauve\">\u2022\u00a0Cookies de pr\u00e9f\u00e9rence\u00a0:<\/span>\r\nCes cookies vous permettent d\u2019avoir une navigation personnalis\u00e9e sur notre site en gardant en m\u00e9moire votre langue, pays et autres pr\u00e9f\u00e9rences. Ces cookies sont soumis \u00e0 votre consentement pr\u00e9alable.\r\n\r\n<span class=\"mauve\">\u2022\u00a0Cookies de mesure d\u2019audience\u00a0:<\/span>\r\nCes cookies nous permettent d\u2019analyser votre navigation et votre comportement sur notre site afin de d\u00e9tecter d\u2019\u00e9ventuels probl\u00e8mes et d\u2019am\u00e9liorer notre contenu. Par exemple, analyser les pages que vous cliquez, votre temps de connexion, les pages que vous consultez quand vous quittez notre site\u2026 Ces cookies ne requi\u00e8rent pas votre consentement sauf dans certains cas pr\u00e9vus par la loi (voir le site de la CNIL https:\/\/www.cnil.fr\/fr\/cookies-traceurs-que-dit-la-loi). Cependant, vous pouvez vous y opposer \u00e0 tout moment.\r\n\r\n<span class=\"mauve\">\u2022\u00a0Cookies publicitaires\u00a0:<\/span>\r\nCes cookies nous permettent de vous proposer un contenu publicitaire pertinent et personnalis\u00e9 en fonction de votre navigation sous forme de banni\u00e8res. Notre site comprend \u00e9galement des cookies de tiers qui auront acc\u00e8s \u00e0 vos donn\u00e9es de navigation \u00e0 des fins de ciblages publicitaires. Ces cookies sont soumis \u00e0 votre consentement pr\u00e9alable.\r\n\r\n<span class=\"mauve\">\u2022\u00a0Cookies de r\u00e9seaux sociaux\u00a0:<\/span>\r\nNous vous proposons des boutons de partage de contenu via les r\u00e9seaux sociaux (Facebook, linkedin). Les \u00e9diteurs de ces r\u00e9seaux sociaux peuvent d\u00e9poser directement des cookies sur votre appareil afin d\u2019identifier votre navigation sur notre site et ce, m\u00eame si vous ne cliquez pas sur lesdits boutons. Ces cookies sont soumis \u00e0 votre consentement pr\u00e9alable.\r\n\r\n<strong>\u2028QUI DEPOSE\u00a0DES COOKIES SUR VOS APPAREILS ?<\/strong>\r\nLes cookies pr\u00e9cit\u00e9s peuvent \u00eatre d\u00e9pos\u00e9s par nous ou par des tiers partenaires, si vous y avez consenti toutefois. Les tiers pr\u00e9cit\u00e9s pourront donc avoir acc\u00e8s directement \u00e0 vos donn\u00e9es de navigation. Nous vous proposons ci-apr\u00e8s un tableau r\u00e9capitulatif des cookies d\u00e9pos\u00e9s sur vos appareils avec l\u2019identification des tiers partenaires concern\u00e9s. Nous vous invitons \u00e0 prendre connaissance directement sur leur site de leur politique de cookies.\r\n\r\n<strong>QUELLE EST LA DUREE DE VALIDITE DE VOTRE CONSENTEMENT\u00a0?<\/strong>\r\nLa dur\u00e9e de votre consentement d\u00e9pend du cookie concern\u00e9 mais ne peut dans tous les cas exc\u00e9der une dur\u00e9e de 6 mois maximum.\r\n\r\n<strong>QUELS SONT VOS DROITS ?<\/strong>\r\nUne banni\u00e8re informative vous a \u00e9t\u00e9 pr\u00e9sent\u00e9e lors de votre visite sur notre site. Cette banni\u00e8re vous a invit\u00e9 \u00e0 accepter tous nos cookies, les refuser ou les param\u00e9trer de mani\u00e8re granulaire.\r\n<a href=\"#\">G\u00e9rez \u00e0 tout moment votre consentement en cliquant ici<\/a>\r\nNous vous rappelons qu\u2019en cas de question, vous pouvez contacter notre d\u00e9l\u00e9gu\u00e9 \u00e0 la protection des donn\u00e9es \u00e0 l\u2019adresse dpo@s2hgroup.com.\r\n\r\n<\/section>[\/vc_column_text][vc_column_text css=\u00a0\u00bb\u00a0\u00bb el_class=\u00a0\u00bbmentiolegale\u00a0\u00bb]\r\n\r\n<section id=\"protection-donnees-personnelles\">\r\n<h3>PROTECTION DES DONN\u00c9ES PERSONNELLES<\/h3>\r\nMSH International, situ\u00e9 \u00e0 Season, 39 rue Mstislav Rostropovitch 75815 Paris cedex 17, met en \u0153uvre d&rsquo;une part un traitement de donn\u00e9es \u00e0 caract\u00e8re personnel n\u00e9cessaire \u00e0 votre identification formelle pour acc\u00e9der \u00e0 un espace s\u00e9curis\u00e9, \u00e0 l\u2019\u00e9mission d\u2019une offre d\u2019assurance ou d\u2019un contrat, sa gestion et son suivi et \u00e0 la r\u00e9alisation des diligences r\u00e9glementaires en mati\u00e8re de lutte contre le blanchiment et de financement du terrorisme, la communication d\u2019informations exceptionnelles et temporaires relatives \u00e0 des \u00e9v\u00e9nements de crise et force majeure (crise sanitaire, politique\u2026). A cet \u00e9gard, les donn\u00e9es collect\u00e9es sont toutes obligatoires.\u00a0D\u2019autre part, sur la base de son int\u00e9r\u00eat l\u00e9gitime, MSH peut \u00e9galement utiliser les adresses email \u00e0 des fins publicitaires et marketing, et notamment de profilage. MSH International n\u2019utilisera ni ne transf\u00e8rera jamais de donn\u00e9es financi\u00e8res ou de sant\u00e9 \u00e0 cette fin.\r\nLes destinataires de vos donn\u00e9es \u00e0 caract\u00e8re personnel sont : l\u2019assureur porteur de risques, les diff\u00e9rentes entit\u00e9s composant MSH International et les prestataires participant \u00e0 la gestion du contrat d\u2019assurance \u00e0 travers le monde. Dans ce cadre, vos donn\u00e9es peuvent \u00eatre transf\u00e9r\u00e9es vers des pays tiers \u00e0 l\u2019Union Europ\u00e9enne assurant un niveau de protection ad\u00e9quat ou moyennant l\u2019usage de garanties appropri\u00e9es comme la conclusion des clauses types de protection des donn\u00e9es adopt\u00e9es par la Commission Europ\u00e9enne ou encore sur la base des d\u00e9rogations pr\u00e9vues \u00e0 l\u2019article 49 du r\u00e8glement no 2016\/679, dit r\u00e8glement g\u00e9n\u00e9ral sur la protection des donn\u00e9es.\r\nVos donn\u00e9es \u00e0 caract\u00e8re personnel seront conserv\u00e9es pendant toute la dur\u00e9e n\u00e9cessaire au service de gestion telle que prescrite par les lois applicables en la mati\u00e8re.\r\nVous disposez \u00e0 tout moment d\u2019un droit d\u2019acc\u00e8s, de rectification, ou d\u2019effacement ou de limitation ou d\u2019opposition et de portabilit\u00e9 de vos donn\u00e9es \u00e0 caract\u00e8re personnel ainsi que du droit d\u2019organiser des directives post-mortem. Pour l\u2019exercice de vos droits, veuillez \u00e9crire au D\u00e9l\u00e9gu\u00e9 \u00e0 la Protection des Donn\u00e9es par email \u00e0 l\u2019adresse dpo@s2hgroup.com ou par courrier \u00e0 l\u2019adresse susmentionn\u00e9e.\r\nVous disposez du droit d\u2019introduire une r\u00e9clamation aupr\u00e8s d\u2019une autorit\u00e9 de contr\u00f4le en charge de la protection des donn\u00e9es personnelles.\r\n<a href=\"https:\/\/www.americas.msh-intl.com\/wp-content\/uploads\/2025\/09\/20220825_politique_de_protection_des_donnees_diot_siaci_revision_09_2023_1_0.pdf\" target=\"_blank\" rel=\"noopener\">Vous pouvez acc\u00e9der \u00e0 notre Politique de Protection des Donn\u00e9es \u00e0 Caract\u00e8re Personnel\u00a0dans son int\u00e9gralit\u00e9 en cliquant ici.<\/a>\r\nDans le cas d\u2019une utilisation des donn\u00e9es concern\u00e9es \u00e0 des fins strictement publicitaires et de profilage, ces derni\u00e8res sont susceptibles d\u2019\u00eatre transf\u00e9r\u00e9s notamment \u00e0 la soci\u00e9t\u00e9 Facebook Ireland afin de nous permettre de mieux cibler nos prospects. Dans ce cadre, vos donn\u00e9es personnelles ne seront conserv\u00e9es par Facebook que pour la dur\u00e9e strictement n\u00e9cessaire \u00e0 la mise en correspondance. Dans le cas o\u00f9 ce traitement serait sous-trait\u00e9 par Facebook Inc., vos donn\u00e9es seront alors assur\u00e9es de b\u00e9n\u00e9ficier d\u2019un niveau de protection ad\u00e9quat et conforme aux r\u00e8gles \u00e9dict\u00e9es par le PrivacyShield.\r\n\r\n<\/section>[\/vc_column_text][vc_column_text css=\u00a0\u00bb\u00a0\u00bb el_class=\u00a0\u00bbmentiolegale\u00a0\u00bb]\r\n\r\n<section id=\"cookies-table\">\r\n<h3>Tableaux des cookies pr\u00e9sents sur notre site<\/h3>\r\n<div class=\"table-wrapper\">\r\n<table>\r\n<thead>\r\n<tr>\r\n<th>Nom du cookie<\/th>\r\n<th>Type de cookie<\/th>\r\n<th>Entit\u00e9 d\u00e9posante<\/th>\r\n<th>Dur\u00e9e de conservation<\/th>\r\n<\/tr>\r\n<\/thead>\r\n<tbody>\r\n<tr>\r\n<td>test_cookie<\/td>\r\n<td>SESSION (N\u00c9CESSAIRE)<\/td>\r\n<td>Google<\/td>\r\n<td>1 jour<\/td>\r\n<\/tr>\r\n<tr>\r\n<td>TS# [x2]<\/td>\r\n<td>SESSION (N\u00c9CESSAIRE)<\/td>\r\n<td>www.msh-intl.com<\/td>\r\n<td>Session<\/td>\r\n<\/tr>\r\n<tr>\r\n<td>CookieConsent<\/td>\r\n<td>SESSION (N\u00c9CESSAIRE)<\/td>\r\n<td>Cookiebot<\/td>\r\n<td>1 ann\u00e9e<\/td>\r\n<\/tr>\r\n<tr>\r\n<td>PHPSESSID [x2]<\/td>\r\n<td>SESSION (N\u00c9CESSAIRE)<\/td>\r\n<td>www.msh-intl.com<\/td>\r\n<td>Session<\/td>\r\n<\/tr>\r\n<tr>\r\n<td>c.gif<\/td>\r\n<td>STATISTIQUES<\/td>\r\n<td>Microsoft<\/td>\r\n<td>Session<\/td>\r\n<\/tr>\r\n<tr>\r\n<td>collect<\/td>\r\n<td>STATISTIQUES<\/td>\r\n<td>Google<\/td>\r\n<td>Session<\/td>\r\n<\/tr>\r\n<tr>\r\n<td>_clck<\/td>\r\n<td>STATISTIQUES<\/td>\r\n<td>Microsoft<\/td>\r\n<td>1 ann\u00e9e<\/td>\r\n<\/tr>\r\n<tr>\r\n<td>_clsk<\/td>\r\n<td>STATISTIQUES<\/td>\r\n<td>Microsoft<\/td>\r\n<td>1 jour<\/td>\r\n<\/tr>\r\n<tr>\r\n<td>_ga [x3]<\/td>\r\n<td>STATISTIQUES<\/td>\r\n<td>Google<\/td>\r\n<td>2 ann\u00e9es<\/td>\r\n<\/tr>\r\n<tr>\r\n<td>_ga_f*<\/td>\r\n<td>STATISTIQUES<\/td>\r\n<td>Google<\/td>\r\n<td>2 ann\u00e9es<\/td>\r\n<\/tr>\r\n<tr>\r\n<td>_gat<\/td>\r\n<td>STATISTIQUES<\/td>\r\n<td>Google<\/td>\r\n<td>1 jour<\/td>\r\n<\/tr>\r\n<tr>\r\n<td>_gid<\/td>\r\n<td>STATISTIQUES<\/td>\r\n<td>Google<\/td>\r\n<td>1 jour<\/td>\r\n<\/tr>\r\n<tr>\r\n<td>_cltk<\/td>\r\n<td>STATISTIQUES<\/td>\r\n<td>Microsoft<\/td>\r\n<td>Session<\/td>\r\n<\/tr>\r\n<tr>\r\n<td>_cluid<\/td>\r\n<td>STATISTIQUES<\/td>\r\n<td>Microsoft<\/td>\r\n<td>Session<\/td>\r\n<\/tr>\r\n<tr>\r\n<td>cid<\/td>\r\n<td>STATISTIQUES<\/td>\r\n<td>Matomo<\/td>\r\n<td>1 ann\u00e9e<\/td>\r\n<\/tr>\r\n<tr>\r\n<td>td<\/td>\r\n<td>STATISTIQUES<\/td>\r\n<td>Google<\/td>\r\n<td>Session<\/td>\r\n<\/tr>\r\n<tr>\r\n<td>_pk_id#<\/td>\r\n<td>STATISTIQUES<\/td>\r\n<td>Matomo<\/td>\r\n<td>1 ann\u00e9e<\/td>\r\n<\/tr>\r\n<tr>\r\n<td>_pk_ses#<\/td>\r\n<td>STATISTIQUES<\/td>\r\n<td>Matomo<\/td>\r\n<td>1 jour<\/td>\r\n<\/tr>\r\n<tr>\r\n<td>uetsid<\/td>\r\n<td>MARKETING<\/td>\r\n<td>Microsoft<\/td>\r\n<td>1 jour<\/td>\r\n<\/tr>\r\n<tr>\r\n<td>_uetsid_exp<\/td>\r\n<td>MARKETING<\/td>\r\n<td>Microsoft<\/td>\r\n<td>Persistent<\/td>\r\n<\/tr>\r\n<tr>\r\n<td>_uetvid<\/td>\r\n<td>MARKETING<\/td>\r\n<td>Microsoft<\/td>\r\n<td>1 ann\u00e9e<\/td>\r\n<\/tr>\r\n<tr>\r\n<td>_uetvid_exp<\/td>\r\n<td>MARKETING<\/td>\r\n<td>Microsoft<\/td>\r\n<td>Persistent<\/td>\r\n<\/tr>\r\n<tr>\r\n<td>MR [x2]<\/td>\r\n<td>MARKETING<\/td>\r\n<td>Microsoft<\/td>\r\n<td>7 jours<\/td>\r\n<\/tr>\r\n<tr>\r\n<td>MSPTC [x2]<\/td>\r\n<td>MARKETING<\/td>\r\n<td>Microsoft<\/td>\r\n<td>1 ann\u00e9e<\/td>\r\n<\/tr>\r\n<tr>\r\n<td>MUID [x2]<\/td>\r\n<td>MARKETING<\/td>\r\n<td>Microsoft<\/td>\r\n<td>1 ann\u00e9e<\/td>\r\n<\/tr>\r\n<tr>\r\n<td>SRM_B<\/td>\r\n<td>MARKETING<\/td>\r\n<td>Microsoft<\/td>\r\n<td>1 ann\u00e9e<\/td>\r\n<\/tr>\r\n<tr>\r\n<td>ANONCHK<\/td>\r\n<td>MARKETING<\/td>\r\n<td>Microsoft<\/td>\r\n<td>1 jour<\/td>\r\n<\/tr>\r\n<tr>\r\n<td>SM<\/td>\r\n<td>MARKETING<\/td>\r\n<td>Microsoft<\/td>\r\n<td>Session<\/td>\r\n<\/tr>\r\n<tr>\r\n<td>lastExternalReferrer<\/td>\r\n<td>MARKETING<\/td>\r\n<td>Meta Platforms, Inc.<\/td>\r\n<td>Persistent<\/td>\r\n<\/tr>\r\n<tr>\r\n<td>lastExternalReferrerTime<\/td>\r\n<td>MARKETING<\/td>\r\n<td>Meta Platforms, Inc.<\/td>\r\n<td>Persistent<\/td>\r\n<\/tr>\r\n<tr>\r\n<td>pagead\/landing<\/td>\r\n<td>MARKETING<\/td>\r\n<td>Google<\/td>\r\n<td>Session<\/td>\r\n<\/tr>\r\n<tr>\r\n<td>ads\/ga-audiences<\/td>\r\n<td>MARKETING<\/td>\r\n<td>Google<\/td>\r\n<td>Session<\/td>\r\n<\/tr>\r\n<tr>\r\n<td>_fbp<\/td>\r\n<td>MARKETING<\/td>\r\n<td>Meta Platforms, Inc.<\/td>\r\n<td>3 mois<\/td>\r\n<\/tr>\r\n<tr>\r\n<td>_gcl_au<\/td>\r\n<td>MARKETING<\/td>\r\n<td>Google<\/td>\r\n<td>3 mois<\/td>\r\n<\/tr>\r\n<tr>\r\n<td>LAST_RESULT_ENTRY_KEY<\/td>\r\n<td>MARKETING<\/td>\r\n<td>YouTube<\/td>\r\n<td>Session<\/td>\r\n<\/tr>\r\n<tr>\r\n<td>LogsDatabaseV2:V# | LogsRequestsStore<\/td>\r\n<td>MARKETING<\/td>\r\n<td>YouTube<\/td>\r\n<td>Persistent<\/td>\r\n<\/tr>\r\n<tr>\r\n<td>PREF<\/td>\r\n<td>MARKETING<\/td>\r\n<td>YouTube<\/td>\r\n<td>8 mois<\/td>\r\n<\/tr>\r\n<tr>\r\n<td>remote_sid<\/td>\r\n<td>MARKETING<\/td>\r\n<td>YouTube<\/td>\r\n<td>Session<\/td>\r\n<\/tr>\r\n<tr>\r\n<td>ServiceWorkerLogsDatabase#SWHealthLog<\/td>\r\n<td>MARKETING<\/td>\r\n<td>YouTube<\/td>\r\n<td>Persistent<\/td>\r\n<\/tr>\r\n<tr>\r\n<td>TESTCOOKIESENABLED<\/td>\r\n<td>MARKETING<\/td>\r\n<td>YouTube<\/td>\r\n<td>1 jour<\/td>\r\n<\/tr>\r\n<tr>\r\n<td>VISITOR_INFO1_LIVE<\/td>\r\n<td>MARKETING<\/td>\r\n<td>YouTube<\/td>\r\n<td>180 jours<\/td>\r\n<\/tr>\r\n<tr>\r\n<td>VISITOR_PRIVACY_METADATA<\/td>\r\n<td>MARKETING<\/td>\r\n<td>YouTube<\/td>\r\n<td>180 jours<\/td>\r\n<\/tr>\r\n<tr>\r\n<td>YSC<\/td>\r\n<td>MARKETING<\/td>\r\n<td>YouTube<\/td>\r\n<td>Session<\/td>\r\n<\/tr>\r\n<tr>\r\n<td>ytidb::LAST_RESULT_ENTRY_KEY<\/td>\r\n<td>MARKETING<\/td>\r\n<td>YouTube<\/td>\r\n<td>Persistent<\/td>\r\n<\/tr>\r\n<tr>\r\n<td>ytidbMetaDatabases<\/td>\r\n<td>MARKETING<\/td>\r\n<td>YouTube<\/td>\r\n<td>Persistent<\/td>\r\n<\/tr>\r\n<tr>\r\n<td>yt-remote-cast-available<\/td>\r\n<td>MARKETING<\/td>\r\n<td>YouTube<\/td>\r\n<td>Session<\/td>\r\n<\/tr>\r\n<tr>\r\n<td>yt-remote-cast-installed<\/td>\r\n<td>MARKETING<\/td>\r\n<td>YouTube<\/td>\r\n<td>Session<\/td>\r\n<\/tr>\r\n<tr>\r\n<td>yt-remote-connected-devices<\/td>\r\n<td>MARKETING<\/td>\r\n<td>YouTube<\/td>\r\n<td>Persistent<\/td>\r\n<\/tr>\r\n<tr>\r\n<td>yt-remote-device-id<\/td>\r\n<td>MARKETING<\/td>\r\n<td>YouTube<\/td>\r\n<td>Persistent<\/td>\r\n<\/tr>\r\n<tr>\r\n<td>yt-remote-fast-check-period<\/td>\r\n<td>MARKETING<\/td>\r\n<td>YouTube<\/td>\r\n<td>Session<\/td>\r\n<\/tr>\r\n<tr>\r\n<td>yt-remote-session-app<\/td>\r\n<td>MARKETING<\/td>\r\n<td>YouTube<\/td>\r\n<td>Session<\/td>\r\n<\/tr>\r\n<tr>\r\n<td>yt-remote-session-name<\/td>\r\n<td>MARKETING<\/td>\r\n<td>YouTube<\/td>\r\n<td>Session<\/td>\r\n<\/tr>\r\n<\/tbody>\r\n<\/table>\r\n<\/div>\r\n<\/section>[\/vc_column_text][\/vc_column][\/vc_row]<\/div>","protected":false},"excerpt":{"rendered":"[vc_row full_width=\u00a0\u00bbstretch_row_content\u00a0\u00bb pix_particles_check=\u00a0\u00bb\u00a0\u00bb el_class=\u00a0\u00bbheader-classic nobg\u00a0\u00bb][vc_column][\/vc_column][\/vc_row][vc_row pix_particles_check=\u00a0\u00bb\u00a0\u00bb el_class=\u00a0\u00bbmobilmmention width1090&Prime;][vc_column][vc_column_text css=\u00a0\u00bb\u00a0\u00bb el_class=\u00a0\u00bbmentiolegale\u00a0\u00bb] \u00c9diteur MSH International, soci\u00e9t\u00e9 fran\u00e7aise de courtage d\u2019assurance, soci\u00e9t\u00e9 par actions simplifi\u00e9e au capital de 2 500 000 euros. Si\u00e8ge social : Season, 39 rue Mstislav Rostropovitch, 75815 Paris Cedex&#8230;","protected":false},"author":1,"featured_media":0,"parent":0,"menu_order":0,"comment_status":"closed","ping_status":"closed","template":"","meta":{"_acf_changed":false,"footnotes":""},"categories":[],"class_list":["post-4374","page","type-page","status-publish","hentry"],"acf":[],"_links":{"self":[{"href":"https:\/\/www.americas.msh-intl.com\/fr\/wp-json\/wp\/v2\/pages\/4374","targetHints":{"allow":["GET"]}}],"collection":[{"href":"https:\/\/www.americas.msh-intl.com\/fr\/wp-json\/wp\/v2\/pages"}],"about":[{"href":"https:\/\/www.americas.msh-intl.com\/fr\/wp-json\/wp\/v2\/types\/page"}],"author":[{"embeddable":true,"href":"https:\/\/www.americas.msh-intl.com\/fr\/wp-json\/wp\/v2\/users\/1"}],"replies":[{"embeddable":true,"href":"https:\/\/www.americas.msh-intl.com\/fr\/wp-json\/wp\/v2\/comments?post=4374"}],"version-history":[{"count":12,"href":"https:\/\/www.americas.msh-intl.com\/fr\/wp-json\/wp\/v2\/pages\/4374\/revisions"}],"predecessor-version":[{"id":11826,"href":"https:\/\/www.americas.msh-intl.com\/fr\/wp-json\/wp\/v2\/pages\/4374\/revisions\/11826"}],"wp:attachment":[{"href":"https:\/\/www.americas.msh-intl.com\/fr\/wp-json\/wp\/v2\/media?parent=4374"}],"wp:term":[{"taxonomy":"category","embeddable":true,"href":"https:\/\/www.americas.msh-intl.com\/fr\/wp-json\/wp\/v2\/categories?post=4374"}],"curies":[{"name":"wp","href":"https:\/\/api.w.org\/{rel}","templated":true}]}}